{"id":9067548,"date":"2026-05-13T17:10:23","date_gmt":"2026-05-13T15:10:23","guid":{"rendered":"https:\/\/www.fitness-flohmarkt.ch\/produkt\/esn-magnesium-bisglycinate\/"},"modified":"2026-05-13T17:10:23","modified_gmt":"2026-05-13T15:10:23","slug":"esn-magnesium-bisglycinate","status":"publish","type":"product","link":"https:\/\/www.fitness-flohmarkt.ch\/it\/produkt\/esn-magnesium-bisglycinate\/","title":{"rendered":"ESN Magnesium Caps | Magnesiumbisglycinat"},"content":{"rendered":"<h2 data-section-id=\"10vqo30\" data-start=\"335\" data-end=\"406\">ESN Magnesium Caps \u2013 Magnesiumbisglycinat f\u00fcr Muskeln &amp; Regeneration<\/h2>\n<p data-start=\"408\" data-end=\"701\">Die Magnesium Caps von ESN (Elite Sports Nutrients \u2013 Made in Germany) liefern hochwertiges Magnesiumbisglycinat. Diese organisch gebundene Form von Magnesium zeichnet sich durch ihre hohe Bioverf\u00fcgbarkeit und gute Vertr\u00e4glichkeit aus und kann vom K\u00f6rper besonders effizient aufgenommen werden.<\/p>\n<p data-start=\"703\" data-end=\"1030\">Magnesium \u00fcbernimmt zahlreiche wichtige Funktionen im K\u00f6rper. Es unterst\u00fctzt eine normale Muskelfunktion, tr\u00e4gt zu einer normalen Funktion des Nervensystems bei und unterst\u00fctzt den normalen Energiestoffwechsel. Zus\u00e4tzlich kann Magnesium helfen, M\u00fcdigkeit und Ersch\u00f6pfung zu reduzieren und tr\u00e4gt zum Elektrolytgleichgewicht bei.<\/p>\n<p data-start=\"1032\" data-end=\"1280\">Gerade bei sportlich aktiven Menschen und intensiven Trainingseinheiten kann der Magnesiumbedarf erh\u00f6ht sein. Die ESN Magnesium Caps mit Magnesiumbisglycinat eignen sich daher ideal zur t\u00e4glichen Unterst\u00fctzung von Training, Regeneration und Alltag.<\/p>\n<p data-start=\"1282\" data-end=\"1485\">Dank der veganen Kapselh\u00fclle und der hochwertigen Rohstoffauswahl \u00fcberzeugt das Produkt durch hohe Qualit\u00e4t und gute Vertr\u00e4glichkeit. Die Herstellung erfolgt in Deutschland nach hohen Qualit\u00e4tsstandards.<\/p>\n<h3 data-section-id=\"xtvnl1\" data-start=\"1487\" data-end=\"1501\">Punti salienti<\/h3>\n<ul data-start=\"1502\" data-end=\"1855\">\n<li data-section-id=\"1m637sh\" data-start=\"1502\" data-end=\"1537\">hochwertiges Magnesiumbisglycinat<\/li>\n<li data-section-id=\"1vrzyqx\" data-start=\"1538\" data-end=\"1573\">organisch gebundene Magnesiumform<\/li>\n<li data-section-id=\"1uulud4\" data-start=\"1574\" data-end=\"1597\">hohe Bioverf\u00fcgbarkeit<\/li>\n<li data-section-id=\"ro04dt\" data-start=\"1598\" data-end=\"1625\">besonders gut vertr\u00e4glich<\/li>\n<li data-section-id=\"37g53c\" data-start=\"1626\" data-end=\"1664\">unterst\u00fctzt Muskeln und Nervensystem<\/li>\n<li data-section-id=\"1et1f3l\" data-start=\"1665\" data-end=\"1709\">tr\u00e4gt zum normalen Energiestoffwechsel bei<\/li>\n<li data-section-id=\"4rneb3\" data-start=\"1710\" data-end=\"1753\">kann M\u00fcdigkeit und Ersch\u00f6pfung reduzieren<\/li>\n<li data-section-id=\"1qy8jhl\" data-start=\"1754\" data-end=\"1785\">ideal f\u00fcr Training und Alltag<\/li>\n<li data-section-id=\"18lbo30\" data-start=\"1786\" data-end=\"1808\">100 % vegane Kapseln<\/li>\n<li data-section-id=\"259ttv\" data-start=\"1809\" data-end=\"1855\">Prodotto di qualit\u00e0, realizzato in Germania<\/li>\n<\/ul>\n<h3 data-section-id=\"9k7esj\" data-start=\"1857\" data-end=\"1868\">Ingredienti<\/h3>\n<p data-start=\"1869\" data-end=\"2036\">Magnesiumbisglycinat, Kapselh\u00fclle (Hydroxypropylmethylcellulose), Reisst\u00e4rke, F\u00fcllstoff (Mikrokristalline Cellulose), Trennmittel (Magnesiumsalze der Speisefetts\u00e4uren)<\/p>\n<h3 data-section-id=\"12vvjqf\" data-start=\"2038\" data-end=\"2051\">Valori nutrizionali<\/h3>\n<div class=\"TyagGW_tableContainer\">\n<div class=\"group TyagGW_tableWrapper flex flex-col-reverse w-fit\">\n<table class=\"w-fit min-w-(--thread-content-width)\" data-start=\"2052\" data-end=\"2129\">\n<thead data-start=\"2052\" data-end=\"2096\">\n<tr data-start=\"2052\" data-end=\"2096\">\n<th class=\"last:pe-10\" data-start=\"2052\" data-end=\"2064\" data-col-size=\"sm\">Valori nutrizionali<\/th>\n<th class=\"last:pe-10\" data-start=\"2064\" data-end=\"2096\" data-col-size=\"sm\">pro Tagesportion (2 Kapseln)<\/th>\n<\/tr>\n<\/thead>\n<tbody data-start=\"2107\" data-end=\"2129\">\n<tr data-start=\"2107\" data-end=\"2129\">\n<td data-start=\"2107\" data-end=\"2119\" data-col-size=\"sm\">Magnesium<\/td>\n<td data-start=\"2119\" data-end=\"2129\" data-col-size=\"sm\">194 mg<\/td>\n<\/tr>\n<\/tbody>\n<\/table>\n<\/div>\n<\/div>\n<h3 data-section-id=\"nbhvm8\" data-start=\"2131\" data-end=\"2141\">Contenuti<\/h3>\n<p data-start=\"2142\" data-end=\"2153\" data-is-last-node=\"\" data-is-only-node=\"\">120 capsule<\/p>","protected":false},"excerpt":{"rendered":"<p>ESN Magnesium Caps enthalten hochwertiges Magnesiumbisglycinat mit hoher Bioverf\u00fcgbarkeit. Die gut vertr\u00e4gliche Magnesiumform unterst\u00fctzt Muskeln, Nervensystem und den Energiestoffwechsel und kann M\u00fcdigkeit sowie Ersch\u00f6pfung verringern. Ideal f\u00fcr Training und Alltag, 100 % vegan und hergestellt in Deutschland.<\/p>","protected":false},"featured_media":9067547,"comment_status":"open","ping_status":"closed","template":"","meta":{"_acf_changed":false,"_gspb_post_css":""},"product_brand":[2290],"product_cat":[377],"product_tag":[],"class_list":{"0":"post-9067548","1":"product","2":"type-product","3":"status-publish","4":"has-post-thumbnail","6":"product_brand-esn","7":"product_cat-food","8":"pa_artikel-pro-verkaufseinheit-1x","9":"pa_form-kapsel","10":"pa_geschmacksrichtung-unflavoured","11":"pa_herkunft-deutschland","12":"pa_inhalt-120-kapseln","13":"pa_lieferumfang-1x-supplement","14":"pa_vegan-ja","16":"first","17":"instock","18":"taxable","19":"shipping-taxable","20":"purchasable","21":"product-type-simple"},"bundled_by":[],"bundle_stock_status":"instock","bundle_stock_quantity":6,"bundle_virtual":false,"bundle_layout":"","bundle_add_to_cart_form_location":"","bundle_editable_in_cart":false,"bundle_sold_individually_context":"","bundle_item_grouping":"","bundle_min_size":"","bundle_max_size":"","bundle_price":[],"bundled_items":[],"bundle_sell_ids":[],"acf":[],"df_price":19,"df_sale_price":"","df_regular_price":19,"df_image_link":"https:\/\/www.fitness-flohmarkt.ch\/wp-content\/uploads\/WhatsApp-Image-2026-05-13-at-11.44.13-300x300.avif","_links":{"self":[{"href":"https:\/\/www.fitness-flohmarkt.ch\/it\/wp-json\/wp\/v2\/product\/9067548","targetHints":{"allow":["GET"]}}],"collection":[{"href":"https:\/\/www.fitness-flohmarkt.ch\/it\/wp-json\/wp\/v2\/product"}],"about":[{"href":"https:\/\/www.fitness-flohmarkt.ch\/it\/wp-json\/wp\/v2\/types\/product"}],"replies":[{"embeddable":true,"href":"https:\/\/www.fitness-flohmarkt.ch\/it\/wp-json\/wp\/v2\/comments?post=9067548"}],"wp:featuredmedia":[{"embeddable":true,"href":"https:\/\/www.fitness-flohmarkt.ch\/it\/wp-json\/wp\/v2\/media\/9067547"}],"wp:attachment":[{"href":"https:\/\/www.fitness-flohmarkt.ch\/it\/wp-json\/wp\/v2\/media?parent=9067548"}],"wp:term":[{"taxonomy":"product_brand","embeddable":true,"href":"https:\/\/www.fitness-flohmarkt.ch\/it\/wp-json\/wp\/v2\/product_brand?post=9067548"},{"taxonomy":"product_cat","embeddable":true,"href":"https:\/\/www.fitness-flohmarkt.ch\/it\/wp-json\/wp\/v2\/product_cat?post=9067548"},{"taxonomy":"product_tag","embeddable":true,"href":"https:\/\/www.fitness-flohmarkt.ch\/it\/wp-json\/wp\/v2\/product_tag?post=9067548"}],"curies":[{"name":"wp","href":"https:\/\/api.w.org\/{rel}","templated":true}]}}