{"id":9067520,"date":"2026-05-13T13:30:27","date_gmt":"2026-05-13T11:30:27","guid":{"rendered":"https:\/\/www.fitness-flohmarkt.ch\/produkt\/plastifiziertes-stahlseil-fuer-fitnessgeraete-50m-o5mm-durchmesser\/"},"modified":"2026-05-13T14:36:07","modified_gmt":"2026-05-13T12:36:07","slug":"plastifiziertes-stahlseil-fuer-fitnessgeraete-50m-o5mm-durchmesser","status":"publish","type":"product","link":"https:\/\/www.fitness-flohmarkt.ch\/it\/produkt\/plastifiziertes-stahlseil-fuer-fitnessgeraete-50m-o5mm-durchmesser\/","title":{"rendered":"Plastifiziertes Stahlseil 50 m \u00d85 mm | Fitnessger\u00e4te Ersatzseil"},"content":{"rendered":"<h3 data-section-id=\"tretk4\" data-start=\"157\" data-end=\"228\">Plastifiziertes Stahlseil 50 m \u00d85 mm \u2013 Ersatzseil f\u00fcr Kabelzugger\u00e4te<\/h3>\n<p data-start=\"230\" data-end=\"451\">Plastifiziertes Stahlseil mit Stahlkern und Kunststoffummantelung zur Verwendung an Kabelzug- und Fitnessger\u00e4ten. Das Seil kann individuell zugeschnitten werden und eignet sich als Ersatzseil f\u00fcr verschiedene Kraftger\u00e4te.<\/p>","protected":false},"excerpt":{"rendered":"<p>Plastifiziertes Stahlseil mit 5 mm Durchmesser f\u00fcr Kabelzug- und Fitnessger\u00e4te. Geeignet als Ersatzseil f\u00fcr verschiedene Kraftger\u00e4te.<\/p>","protected":false},"featured_media":9067528,"comment_status":"closed","ping_status":"closed","template":"","meta":{"_acf_changed":false,"_gspb_post_css":""},"product_brand":[],"product_cat":[319,310,620],"product_tag":[],"class_list":{"0":"post-9067520","1":"product","2":"type-product","3":"status-publish","4":"has-post-thumbnail","6":"product_cat-fitness-zubehoer","7":"product_cat-steckgewichte","8":"product_cat-hg-zubehoer","10":"first","11":"instock","12":"taxable","13":"shipping-taxable","14":"purchasable","15":"product-type-simple"},"bundled_by":[],"bundle_stock_status":"instock","bundle_stock_quantity":16,"bundle_virtual":false,"bundle_layout":"","bundle_add_to_cart_form_location":"","bundle_editable_in_cart":false,"bundle_sold_individually_context":"","bundle_item_grouping":"","bundle_min_size":"","bundle_max_size":"","bundle_price":[],"bundled_items":[],"bundle_sell_ids":[],"acf":[],"df_price":48,"df_sale_price":"","df_regular_price":48,"df_image_link":"https:\/\/www.fitness-flohmarkt.ch\/wp-content\/uploads\/ChatGPT-Image-13.-Mai-2026-14_35_28-300x300.avif","_links":{"self":[{"href":"https:\/\/www.fitness-flohmarkt.ch\/it\/wp-json\/wp\/v2\/product\/9067520","targetHints":{"allow":["GET"]}}],"collection":[{"href":"https:\/\/www.fitness-flohmarkt.ch\/it\/wp-json\/wp\/v2\/product"}],"about":[{"href":"https:\/\/www.fitness-flohmarkt.ch\/it\/wp-json\/wp\/v2\/types\/product"}],"replies":[{"embeddable":true,"href":"https:\/\/www.fitness-flohmarkt.ch\/it\/wp-json\/wp\/v2\/comments?post=9067520"}],"wp:featuredmedia":[{"embeddable":true,"href":"https:\/\/www.fitness-flohmarkt.ch\/it\/wp-json\/wp\/v2\/media\/9067528"}],"wp:attachment":[{"href":"https:\/\/www.fitness-flohmarkt.ch\/it\/wp-json\/wp\/v2\/media?parent=9067520"}],"wp:term":[{"taxonomy":"product_brand","embeddable":true,"href":"https:\/\/www.fitness-flohmarkt.ch\/it\/wp-json\/wp\/v2\/product_brand?post=9067520"},{"taxonomy":"product_cat","embeddable":true,"href":"https:\/\/www.fitness-flohmarkt.ch\/it\/wp-json\/wp\/v2\/product_cat?post=9067520"},{"taxonomy":"product_tag","embeddable":true,"href":"https:\/\/www.fitness-flohmarkt.ch\/it\/wp-json\/wp\/v2\/product_tag?post=9067520"}],"curies":[{"name":"wp","href":"https:\/\/api.w.org\/{rel}","templated":true}]}}