{"id":9066130,"date":"2026-04-28T15:10:58","date_gmt":"2026-04-28T13:10:58","guid":{"rendered":"https:\/\/www.fitness-flohmarkt.ch\/produkt\/httr-handle\/"},"modified":"2026-04-28T15:21:33","modified_gmt":"2026-04-28T13:21:33","slug":"httr-handle","status":"publish","type":"product","link":"https:\/\/www.fitness-flohmarkt.ch\/it\/produkt\/httr-handle\/","title":{"rendered":"HTTR Handle\u2122\u00a0| Rotations-Kabelzuggriff"},"content":{"rendered":"<h3 class=\"font-claude-response-body break-words whitespace-normal leading-[1.7]\"><strong>HTTR <\/strong><strong>Handle\u2122 <\/strong><strong>\u2013 Rotationsbewegungen richtig trainieren<\/strong><\/h3>\n<p class=\"font-claude-response-body break-words whitespace-normal leading-[1.7]\">Der HTTR Handle\u2122 von Whatsthatstrap wurde speziell entwickelt, um die Grundlagen der Rotationsbewegung gezielt zu verbessern. Als Kabelzugaufsatz erm\u00f6glicht er funktionelle Rotations\u00fcbungen, die Rumpfkraft, Koordination und Beweglichkeit f\u00f6rdern \u2013 ideal f\u00fcr Athleten, die ihre sportliche Leistung auf das n\u00e4chste Level bringen m\u00f6chten.<\/p>\n<p class=\"font-claude-response-body break-words whitespace-normal leading-[1.7]\">Dank der verstellbaren L\u00e4nge passt sich der HTTR Handle Athleten jeder K\u00f6rpergr\u00f6sse an und l\u00e4sst sich pr\u00e4zise auf individuelle Bed\u00fcrfnisse und verschiedene \u00dcbungen abstimmen.<\/p>\n<p class=\"font-claude-response-body break-words whitespace-normal leading-[1.7]\">Inklusive praktischem Transportbeutel mit Kordelzug ist der HTTR Handle jederzeit griffbereit \u2013 ob im Studio, auf Reisen oder beim Outdoor-Training. Hergestellt in den USA steht er f\u00fcr durchdachtes Design und hohe Verarbeitungsqualit\u00e4t.<\/p>\n","protected":false},"excerpt":{"rendered":"<p>Der HTTR Handle\u2122 (How to Train Rotation) ist ein spezialisierter Kabelzugaufsatz f\u00fcr gezieltes Rotationstraining. Die verstellbare L\u00e4nge passt sich Athleten jeder Gr\u00f6sse an. Inkl. Transportbeutel mit Kordelzug.<\/p>","protected":false},"featured_media":9066125,"comment_status":"closed","ping_status":"closed","template":"","meta":{"_acf_changed":false,"_gspb_post_css":""},"product_brand":[2406],"product_cat":[815],"product_tag":[],"class_list":{"0":"post-9066130","1":"product","2":"type-product","3":"status-publish","4":"has-post-thumbnail","6":"product_brand-whatsthatstrap","7":"product_cat-griffe-kabelzug","9":"first","10":"instock","11":"taxable","12":"shipping-taxable","13":"purchasable","14":"product-type-simple"},"bundled_by":[],"bundle_stock_status":"instock","bundle_stock_quantity":5,"bundle_virtual":false,"bundle_layout":"","bundle_add_to_cart_form_location":"","bundle_editable_in_cart":false,"bundle_sold_individually_context":"","bundle_item_grouping":"","bundle_min_size":"","bundle_max_size":"","bundle_price":[],"bundled_items":[],"bundle_sell_ids":[],"acf":[],"df_price":105,"df_sale_price":"","df_regular_price":105,"df_image_link":"https:\/\/www.fitness-flohmarkt.ch\/wp-content\/uploads\/Hintergrund-von-\u201eHttrHandle_2x-100-entfernt-300x300.avif","_links":{"self":[{"href":"https:\/\/www.fitness-flohmarkt.ch\/it\/wp-json\/wp\/v2\/product\/9066130","targetHints":{"allow":["GET"]}}],"collection":[{"href":"https:\/\/www.fitness-flohmarkt.ch\/it\/wp-json\/wp\/v2\/product"}],"about":[{"href":"https:\/\/www.fitness-flohmarkt.ch\/it\/wp-json\/wp\/v2\/types\/product"}],"replies":[{"embeddable":true,"href":"https:\/\/www.fitness-flohmarkt.ch\/it\/wp-json\/wp\/v2\/comments?post=9066130"}],"wp:featuredmedia":[{"embeddable":true,"href":"https:\/\/www.fitness-flohmarkt.ch\/it\/wp-json\/wp\/v2\/media\/9066125"}],"wp:attachment":[{"href":"https:\/\/www.fitness-flohmarkt.ch\/it\/wp-json\/wp\/v2\/media?parent=9066130"}],"wp:term":[{"taxonomy":"product_brand","embeddable":true,"href":"https:\/\/www.fitness-flohmarkt.ch\/it\/wp-json\/wp\/v2\/product_brand?post=9066130"},{"taxonomy":"product_cat","embeddable":true,"href":"https:\/\/www.fitness-flohmarkt.ch\/it\/wp-json\/wp\/v2\/product_cat?post=9066130"},{"taxonomy":"product_tag","embeddable":true,"href":"https:\/\/www.fitness-flohmarkt.ch\/it\/wp-json\/wp\/v2\/product_tag?post=9066130"}],"curies":[{"name":"wp","href":"https:\/\/api.w.org\/{rel}","templated":true}]}}