{"id":9063789,"date":"2026-03-27T09:10:28","date_gmt":"2026-03-27T08:10:28","guid":{"rendered":"https:\/\/www.fitness-flohmarkt.ch\/produkt\/multi-power-rack-smith-press-kabelzug-2\/"},"modified":"2026-04-24T09:10:27","modified_gmt":"2026-04-24T07:10:27","slug":"multi-power-rack-smith-press-cable-pull-2","status":"publish","type":"product","link":"https:\/\/www.fitness-flohmarkt.ch\/it\/produkt\/multi-power-rack-smith-press-kabelzug-2\/","title":{"rendered":"Multi Power Rack Smith Press &amp; Kabelzug"},"content":{"rendered":"<h3>Multi Power Rack - Smith Machine con trazione a cavo<\/h3>\n<p data-start=\"94\" data-end=\"290\">Questa stazione di allenamento multifunzionale combina power rack, smith machine e cable pulley in un unico dispositivo, offrendo opzioni di allenamento versatili in uno spazio compatto.<\/p>\n<p data-start=\"292\" data-end=\"583\">La Smith Press integrata permette di allenarsi con il bilanciere in modo guidato e con maggiore sicurezza, ideale per squat, panca e shoulder press. La carrucola a cavo integrata con pulegge regolabili in altezza aggiunge al programma di allenamento numerosi esercizi di trazione per la schiena, le braccia e il petto.<\/p>\n<p data-start=\"292\" data-end=\"583\"><strong>Montaggio e installazione su richiesta.<\/strong><\/p>","protected":false},"excerpt":{"rendered":"<p>Multi Power Rack \u2013 Smith Machine mit Kabelzug Diese multifunktionale Trainingsstation kombiniert Power Rack, Smith Machine und Kabelzug in einem Ger\u00e4t und bietet damit vielseitige Trainingsm\u00f6glichkeiten auf kompaktem Raum. Die integrierte Smith Press erm\u00f6glicht ein gef\u00fchrtes Langhanteltraining mit erh\u00f6hter Sicherheit \u2013 ideal f\u00fcr Kniebeugen, Bankdr\u00fccken und Schulterdr\u00fccken. Der integrierte Kabelzug mit h\u00f6henverstellbaren Umlenkrollen erweitert das [&hellip;]<\/p>\n","protected":false},"featured_media":9065699,"comment_status":"closed","ping_status":"closed","template":"","meta":{"_acf_changed":false,"_gspb_post_css":""},"product_brand":[1000],"product_cat":[356],"product_tag":[],"class_list":{"0":"post-9063789","1":"product","2":"type-product","3":"status-publish","4":"has-post-thumbnail","6":"product_brand-fitcom","7":"product_cat-racks","9":"first","10":"instock","11":"taxable","12":"shipping-taxable","13":"purchasable","14":"product-type-simple"},"bundled_by":[],"bundle_stock_status":"instock","bundle_stock_quantity":5,"bundle_virtual":false,"bundle_layout":"","bundle_add_to_cart_form_location":"","bundle_editable_in_cart":false,"bundle_sold_individually_context":"","bundle_item_grouping":"","bundle_min_size":"","bundle_max_size":"","bundle_price":[],"bundled_items":[],"bundle_sell_ids":[],"acf":[],"df_price":2790,"df_sale_price":"","df_regular_price":2790,"df_image_link":"https:\/\/www.fitness-flohmarkt.ch\/wp-content\/uploads\/Multi-Power-Rack-_-Smith-Press-Kabelzug-3-200x300.avif","_links":{"self":[{"href":"https:\/\/www.fitness-flohmarkt.ch\/it\/wp-json\/wp\/v2\/product\/9063789","targetHints":{"allow":["GET"]}}],"collection":[{"href":"https:\/\/www.fitness-flohmarkt.ch\/it\/wp-json\/wp\/v2\/product"}],"about":[{"href":"https:\/\/www.fitness-flohmarkt.ch\/it\/wp-json\/wp\/v2\/types\/product"}],"replies":[{"embeddable":true,"href":"https:\/\/www.fitness-flohmarkt.ch\/it\/wp-json\/wp\/v2\/comments?post=9063789"}],"wp:featuredmedia":[{"embeddable":true,"href":"https:\/\/www.fitness-flohmarkt.ch\/it\/wp-json\/wp\/v2\/media\/9065699"}],"wp:attachment":[{"href":"https:\/\/www.fitness-flohmarkt.ch\/it\/wp-json\/wp\/v2\/media?parent=9063789"}],"wp:term":[{"taxonomy":"product_brand","embeddable":true,"href":"https:\/\/www.fitness-flohmarkt.ch\/it\/wp-json\/wp\/v2\/product_brand?post=9063789"},{"taxonomy":"product_cat","embeddable":true,"href":"https:\/\/www.fitness-flohmarkt.ch\/it\/wp-json\/wp\/v2\/product_cat?post=9063789"},{"taxonomy":"product_tag","embeddable":true,"href":"https:\/\/www.fitness-flohmarkt.ch\/it\/wp-json\/wp\/v2\/product_tag?post=9063789"}],"curies":[{"name":"wp","href":"https:\/\/api.w.org\/{rel}","templated":true}]}}