{"id":9063426,"date":"2026-03-23T15:11:02","date_gmt":"2026-03-23T14:11:02","guid":{"rendered":"https:\/\/www.fitness-flohmarkt.ch\/produkt\/realleader-super-incline-press-rs-1013\/"},"modified":"2026-03-27T12:10:49","modified_gmt":"2026-03-27T11:10:49","slug":"realleader-super-pressa-inclinata-rs-1013","status":"publish","type":"product","link":"https:\/\/www.fitness-flohmarkt.ch\/it\/produkt\/realleader-super-incline-press-rs-1013\/","title":{"rendered":"RealLeader Super Incline Press | RS-1013"},"content":{"rendered":"<h3 class=\"mb-2 whitespace-pre-wrap\">RealLeader Super Incline Press RS-1013<\/h3>\n<p class=\"mb-2 whitespace-pre-wrap\">Questa robusta macchina per panca inclinata iso-laterale ha bracci convergenti e maniglie angolate per un percorso di movimento pi\u00f9 naturale ed \u00e8 ideale anche per l'allenamento unilaterale. Il sedile \u00e8 regolabile in base all'altezza dell'utente. La macchina \u00e8 dotata di dischi di peso su entrambi i lati e ha un generoso spazio aggiuntivo per riporre i dischi di peso.<\/p>\n<ul>\n<li class=\"mb-2 whitespace-pre-wrap\">Dimensioni: 1270 x 1460 x 1530 mm<\/li>\n<li class=\"mb-2 whitespace-pre-wrap\">Peso netto: 121 kg<\/li>\n<\/ul>\n<p><strong>Colore:<\/strong> Telaio nero opaco, rivestimento in fibra di carbonio con cuciture nere<\/p>\n<p class=\"mb-2 whitespace-pre-wrap\"><strong>Linea RS:<\/strong> Attrezzature robuste e resistenti per i campioni di bodybuilding e i professionisti del fitness. La serie RS Plate Loaded ha un design ergonomico perfetto con archi e angoli ottimali per la fisiologia dell'allenamento umano. Costruita in tubolare d'acciaio da 80 x 40 x 3 mm, la serie RS \u00e8 forte, stabile e robusta.<\/p>","protected":false},"excerpt":{"rendered":"<p>RealLeader Super Incline Press RS-1013 - Robusta macchina per panca inclinata iso-laterale con bracci convergenti e maniglie angolate per un percorso di movimento naturale. Sedile regolabile, ideale per l'allenamento unilaterale. Caricamento dei dischi di peso su entrambi i lati e ampio spazio aggiuntivo per riporre i pesi. 127 x 146 x 153 cm, 121 kg. Struttura nera opaca, rivestimento in fibra di carbonio.<\/p>","protected":false},"featured_media":9063808,"comment_status":"closed","ping_status":"closed","template":"","meta":{"_acf_changed":false,"_gspb_post_css":""},"product_brand":[1054],"product_cat":[342],"product_tag":[],"class_list":{"0":"post-9063426","1":"product","2":"type-product","3":"status-publish","4":"has-post-thumbnail","6":"product_brand-realleader","7":"product_cat-plate-loaded","8":"product_shipping_class-nicht-stapelbar","10":"first","11":"instock","12":"sale","13":"taxable","14":"shipping-taxable","15":"purchasable","16":"product-type-simple"},"bundled_by":[],"bundle_stock_status":"instock","bundle_stock_quantity":1,"bundle_virtual":false,"bundle_layout":"","bundle_add_to_cart_form_location":"","bundle_editable_in_cart":false,"bundle_sold_individually_context":"","bundle_item_grouping":"","bundle_min_size":"","bundle_max_size":"","bundle_price":[],"bundled_items":[],"bundle_sell_ids":[],"acf":[],"df_price":2990,"df_sale_price":2990,"df_regular_price":3990,"df_image_link":"https:\/\/www.fitness-flohmarkt.ch\/wp-content\/uploads\/Kein-Titel-1200-x-1200-px-12-300x300.jpeg","_links":{"self":[{"href":"https:\/\/www.fitness-flohmarkt.ch\/it\/wp-json\/wp\/v2\/product\/9063426","targetHints":{"allow":["GET"]}}],"collection":[{"href":"https:\/\/www.fitness-flohmarkt.ch\/it\/wp-json\/wp\/v2\/product"}],"about":[{"href":"https:\/\/www.fitness-flohmarkt.ch\/it\/wp-json\/wp\/v2\/types\/product"}],"replies":[{"embeddable":true,"href":"https:\/\/www.fitness-flohmarkt.ch\/it\/wp-json\/wp\/v2\/comments?post=9063426"}],"wp:featuredmedia":[{"embeddable":true,"href":"https:\/\/www.fitness-flohmarkt.ch\/it\/wp-json\/wp\/v2\/media\/9063808"}],"wp:attachment":[{"href":"https:\/\/www.fitness-flohmarkt.ch\/it\/wp-json\/wp\/v2\/media?parent=9063426"}],"wp:term":[{"taxonomy":"product_brand","embeddable":true,"href":"https:\/\/www.fitness-flohmarkt.ch\/it\/wp-json\/wp\/v2\/product_brand?post=9063426"},{"taxonomy":"product_cat","embeddable":true,"href":"https:\/\/www.fitness-flohmarkt.ch\/it\/wp-json\/wp\/v2\/product_cat?post=9063426"},{"taxonomy":"product_tag","embeddable":true,"href":"https:\/\/www.fitness-flohmarkt.ch\/it\/wp-json\/wp\/v2\/product_tag?post=9063426"}],"curies":[{"name":"wp","href":"https:\/\/api.w.org\/{rel}","templated":true}]}}