{"id":9063420,"date":"2026-03-23T15:10:21","date_gmt":"2026-03-23T14:10:21","guid":{"rendered":"https:\/\/www.fitness-flohmarkt.ch\/produkt\/realleader-hyperextension-fw-2006\/"},"modified":"2026-03-25T11:10:20","modified_gmt":"2026-03-25T10:10:20","slug":"realleader-hyperextension-fw-2006","status":"publish","type":"product","link":"https:\/\/www.fitness-flohmarkt.ch\/it\/produkt\/realleader-hyperextension-fw-2006\/","title":{"rendered":"RealLeader Hyperextension | FW-2006"},"content":{"rendered":"<h3 class=\"mb-2 whitespace-pre-wrap\">RealLeader Hyperextension FW-2006<\/h3>\n<p class=\"mb-2 whitespace-pre-wrap\">Questa macchina per iperestensione \u00e8 dotata di cuscinetti per l'anca con guide che ne facilitano la regolazione in base all'altezza dell'utente. \u00c8 dotata di maniglie di supporto aggiuntive per aiutare l'utente a salire e scendere dalla macchina. \u00c8 molto robusta e durevole rispetto a molte altre macchine per iperestensione ed \u00e8 quindi adatta a un uso quotidiano intensivo in qualsiasi palestra.<\/p>\n<ul>\n<li class=\"mb-2 whitespace-pre-wrap\">Dimensioni: 1460 x 760 x 1080 mm<\/li>\n<li class=\"mb-2 whitespace-pre-wrap\">Peso netto: 43 kg<\/li>\n<\/ul>\n<p class=\"mb-2 whitespace-pre-wrap\"><strong>Colore:<\/strong> Telaio color oro oliva, imbottitura marrone con cuciture bianche<\/p>\n<p class=\"mb-2 whitespace-pre-wrap\"><strong>Linea FW:<\/strong> La Serie FW offre sedili personalizzabili con rivestimento in pelle di grado marino per una durata superiore e una ritenzione del sudore cinque volte inferiore. Costruita in acciaio rinforzato da 3 mm, la Serie FW \u00e8 progettata per resistere agli allenamenti pi\u00f9 intensi e combinare raffinatezza e personalizzazione.<\/p>","protected":false},"excerpt":{"rendered":"<p>RealLeader Hyperextension FW-2006 - Robusta macchina per iperestensione con cuscinetti per le anche regolabili sulla guida per una facile regolazione dell'altezza. Maniglie di supporto aggiuntive per salire e scendere. Molto robusta e durevole per un uso quotidiano intensivo in palestra. Acciaio rinforzato da 3 mm e rivestimento in pelle di qualit\u00e0 marina. 146 x 76 x 108 cm, 43 kg. Struttura in oro oliva, rivestimento marrone.<\/p>","protected":false},"featured_media":9063637,"comment_status":"closed","ping_status":"closed","template":"","meta":{"_acf_changed":false,"_gspb_post_css":""},"product_brand":[1054],"product_cat":[813,358],"product_tag":[],"class_list":{"0":"post-9063420","1":"product","2":"type-product","3":"status-publish","4":"has-post-thumbnail","6":"product_brand-realleader","7":"product_cat-fg-diverse","8":"product_cat-hantelbaenke","9":"product_shipping_class-nicht-stapelbar","11":"first","12":"instock","13":"sale","14":"taxable","15":"shipping-taxable","16":"purchasable","17":"product-type-simple"},"bundled_by":[],"bundle_stock_status":"instock","bundle_stock_quantity":1,"bundle_virtual":false,"bundle_layout":"","bundle_add_to_cart_form_location":"","bundle_editable_in_cart":false,"bundle_sold_individually_context":"","bundle_item_grouping":"","bundle_min_size":"","bundle_max_size":"","bundle_price":[],"bundled_items":[],"bundle_sell_ids":[],"acf":[],"df_price":890,"df_sale_price":890,"df_regular_price":1190,"df_image_link":"https:\/\/www.fitness-flohmarkt.ch\/wp-content\/uploads\/Kein-Titel-1200-x-1200-px-5-300x300.png","_links":{"self":[{"href":"https:\/\/www.fitness-flohmarkt.ch\/it\/wp-json\/wp\/v2\/product\/9063420","targetHints":{"allow":["GET"]}}],"collection":[{"href":"https:\/\/www.fitness-flohmarkt.ch\/it\/wp-json\/wp\/v2\/product"}],"about":[{"href":"https:\/\/www.fitness-flohmarkt.ch\/it\/wp-json\/wp\/v2\/types\/product"}],"replies":[{"embeddable":true,"href":"https:\/\/www.fitness-flohmarkt.ch\/it\/wp-json\/wp\/v2\/comments?post=9063420"}],"wp:featuredmedia":[{"embeddable":true,"href":"https:\/\/www.fitness-flohmarkt.ch\/it\/wp-json\/wp\/v2\/media\/9063637"}],"wp:attachment":[{"href":"https:\/\/www.fitness-flohmarkt.ch\/it\/wp-json\/wp\/v2\/media?parent=9063420"}],"wp:term":[{"taxonomy":"product_brand","embeddable":true,"href":"https:\/\/www.fitness-flohmarkt.ch\/it\/wp-json\/wp\/v2\/product_brand?post=9063420"},{"taxonomy":"product_cat","embeddable":true,"href":"https:\/\/www.fitness-flohmarkt.ch\/it\/wp-json\/wp\/v2\/product_cat?post=9063420"},{"taxonomy":"product_tag","embeddable":true,"href":"https:\/\/www.fitness-flohmarkt.ch\/it\/wp-json\/wp\/v2\/product_tag?post=9063420"}],"curies":[{"name":"wp","href":"https:\/\/api.w.org\/{rel}","templated":true}]}}