{"id":9053071,"date":"2025-11-26T15:30:20","date_gmt":"2025-11-26T14:30:20","guid":{"rendered":"https:\/\/www.fitness-flohmarkt.ch\/produkt\/beyond-power-diy-dock-mit-base-plate-halterung\/"},"modified":"2026-03-01T23:39:21","modified_gmt":"2026-03-01T22:39:21","slug":"dock-fai-da-te-beyond-power-con-supporto-per-piastra-di-base","status":"publish","type":"product","link":"https:\/\/www.fitness-flohmarkt.ch\/it\/produkt\/beyond-power-diy-dock-mit-base-plate-halterung\/","title":{"rendered":"Dock fai-da-te Beyond Power con piastra di base e staffa"},"content":{"rendered":"<h3>Dock fai-da-te Beyond Power con piastra di base e staffa<\/h3>\n<ul>\n<li class=\"font-claude-response-body whitespace-normal break-words\"><strong>Due opzioni di installazione:<\/strong> Montaggio a parete in legno o in cemento: il dock fai da te con piastra di base si adatta alla tua stanza.<\/li>\n<li class=\"font-claude-response-body whitespace-normal break-words\"><strong>Design di precisione:<\/strong> Costruito in acciaio inossidabile di alta qualit\u00e0 per una resistenza che non sbiadisce.<\/li>\n<li class=\"font-claude-response-body whitespace-normal break-words\"><strong>Ingombro ridotto, potenziale illimitato:<\/strong> Con soli 5,6\u00d73,6\u00d71,7 pollici e 2,2 libbre, offre la massima versatilit\u00e0.<\/li>\n<li class=\"font-claude-response-body whitespace-normal break-words\"><strong>Durata testata dalla comunit\u00e0:<\/strong> Costruito per resistere alla creativit\u00e0 degli utenti pi\u00f9 ambiziosi.<\/li>\n<li class=\"font-claude-response-body whitespace-normal break-words\"><strong>Specifiche:<\/strong><\/li>\n<li class=\"font-claude-response-body whitespace-normal break-words\"><strong>Dimensioni (L\u00d7L\u00d7H):<\/strong> 5,6 \u00d7 3,6 \u00d7 1,7 pollici (143 \u00d7 92 \u00d7 43 mm)<\/li>\n<li class=\"font-claude-response-body whitespace-normal break-words\"><strong>Peso:<\/strong> 2,2 libbre (909 g)<\/li>\n<li class=\"font-claude-response-body whitespace-normal break-words\"><strong>Materiale:<\/strong> Struttura in acciaio inox di alta qualit\u00e0<\/li>\n<li class=\"font-claude-response-body whitespace-normal break-words\"><strong>Compatibilit\u00e0:<\/strong> Interfaccia di montaggio universale VOLTRA I<\/li>\n<\/ul>","protected":false},"excerpt":{"rendered":"<p>Beyond Power \u00e8 sinonimo di accessori per l'allenamento funzionale caratterizzati da una lavorazione di alta qualit\u00e0, facilit\u00e0 d'uso e versatilit\u00e0. Questa carrucola pu\u00f2 essere combinata con le maniglie, i collegamenti e le prolunghe del sistema Beyond Power.<\/p>","protected":false},"featured_media":9060310,"comment_status":"closed","ping_status":"closed","template":"","meta":{"_acf_changed":false,"_gspb_post_css":""},"product_brand":[1549],"product_cat":[813,319,304],"product_tag":[],"class_list":{"0":"post-9053071","1":"product","2":"type-product","3":"status-publish","4":"has-post-thumbnail","6":"product_brand-beyond-power","7":"product_cat-fg-diverse","8":"product_cat-fitness-zubehoer","9":"product_cat-reha-physio","11":"first","12":"instock","13":"taxable","14":"shipping-taxable","15":"purchasable","16":"product-type-simple"},"bundled_by":[],"bundle_stock_status":"instock","bundle_stock_quantity":10,"bundle_virtual":false,"bundle_layout":"","bundle_add_to_cart_form_location":"","bundle_editable_in_cart":false,"bundle_sold_individually_context":"","bundle_item_grouping":"","bundle_min_size":"","bundle_max_size":"","bundle_price":[],"bundled_items":[],"bundle_sell_ids":[],"acf":[],"df_price":239,"df_sale_price":"","df_regular_price":239,"df_image_link":"https:\/\/www.fitness-flohmarkt.ch\/wp-content\/uploads\/20250820-094643_1-3-300x300.png","_links":{"self":[{"href":"https:\/\/www.fitness-flohmarkt.ch\/it\/wp-json\/wp\/v2\/product\/9053071","targetHints":{"allow":["GET"]}}],"collection":[{"href":"https:\/\/www.fitness-flohmarkt.ch\/it\/wp-json\/wp\/v2\/product"}],"about":[{"href":"https:\/\/www.fitness-flohmarkt.ch\/it\/wp-json\/wp\/v2\/types\/product"}],"replies":[{"embeddable":true,"href":"https:\/\/www.fitness-flohmarkt.ch\/it\/wp-json\/wp\/v2\/comments?post=9053071"}],"wp:featuredmedia":[{"embeddable":true,"href":"https:\/\/www.fitness-flohmarkt.ch\/it\/wp-json\/wp\/v2\/media\/9060310"}],"wp:attachment":[{"href":"https:\/\/www.fitness-flohmarkt.ch\/it\/wp-json\/wp\/v2\/media?parent=9053071"}],"wp:term":[{"taxonomy":"product_brand","embeddable":true,"href":"https:\/\/www.fitness-flohmarkt.ch\/it\/wp-json\/wp\/v2\/product_brand?post=9053071"},{"taxonomy":"product_cat","embeddable":true,"href":"https:\/\/www.fitness-flohmarkt.ch\/it\/wp-json\/wp\/v2\/product_cat?post=9053071"},{"taxonomy":"product_tag","embeddable":true,"href":"https:\/\/www.fitness-flohmarkt.ch\/it\/wp-json\/wp\/v2\/product_tag?post=9053071"}],"curies":[{"name":"wp","href":"https:\/\/api.w.org\/{rel}","templated":true}]}}