{"id":9052405,"date":"2025-11-17T13:30:15","date_gmt":"2025-11-17T12:30:15","guid":{"rendered":"https:\/\/www.fitness-flohmarkt.ch\/produkt\/realleader-treadmill-laufband-rct-900m\/"},"modified":"2026-03-13T18:10:28","modified_gmt":"2026-03-13T17:10:28","slug":"tapis-roulant-realleader-rct-900m","status":"publish","type":"product","link":"https:\/\/www.fitness-flohmarkt.ch\/it\/produkt\/realleader-treadmill-laufband-rct-900m\/","title":{"rendered":"Tapis roulant RealLeader | RCT 900M"},"content":{"rendered":"<h3>Tapis roulant RealLeader RCT 900M<\/h3>\n<p>Tapis roulant commerciale RCT 900M. Un tapis roulant potente e resistente \u00e8 un requisito fondamentale per qualsiasi centro fitness. Ha un'inclinazione regolabile, una velocit\u00e0 massima di 20 km\/h e oltre 30 programmi tra cui scegliere per stimolare l'allenamento. Il display a LED mostra il tempo, la distanza, l'inclinazione, la velocit\u00e0, la frequenza cardiaca e le calorie bruciate ed \u00e8 dotato di funzioni di auto-arresto\/arresto di emergenza. La superficie di corsa di questo tapis roulant \u00e8 realizzata in resistente legno di pino per resistere a un uso prolungato e frequente.<\/p>\n<ul>\n<li>Display: Display a LED<\/li>\n<li>Display a LED: tempo, distanza, pendenza, velocit\u00e0, frequenza cardiaca, percorso di 400 metri, calorie.<\/li>\n<li>Superficie di corsa: legno di pino resistente Impronta: 2170 x 930 x 1650 mm<\/li>\n<li>Dimensioni del nastro: 550 \u00d7 3300 mm<\/li>\n<li>Peso netto\/peso lordo: 230 kg\/260 kg<\/li>\n<li>Potenza richiesta: 220 V\/50\/60 HZ<\/li>\n<li>Potenza del motore: 4,0 CV<\/li>\n<li>Velocit\u00e0: 0,8-20 km\/h<\/li>\n<li>Gradiente: 0-20 %<\/li>\n<li>Inverter: inverter di controllo importato da Mitsubishi<\/li>\n<li>Funzione: USB, MP3, auto-arresto e arresto di emergenza, 5 programmi di velocit\u00e0, 5 programmi di inclinazione<\/li>\n<li>Modalit\u00e0 di allenamento: Manuale P1-P4, 32 programmi con un programma autodefinito, con un sistema di colline e montagne<\/li>\n<\/ul>\n<p>&nbsp;<\/p>","protected":false},"excerpt":{"rendered":"<p>RealLeader Treadmill Laufband RCT 900M RCT 900M Kommerzielles Laufband. Ein leistungsstarkes und langlebiges Laufband ist eine Grundvoraussetzung f\u00fcr jedes Fitnessstudio. Es verf\u00fcgt \u00fcber Steigungseinstellungen, eine H\u00f6chstgeschwindigkeit von 20 km\/h und \u00fcber 30 Programme zur Auswahl f\u00fcr abwechslungsreiche Trainingsreize. Das LED-Display zeigt Zeit, Distanz, Steigung, Geschwindigkeit, Herzfrequenz und verbrannte Kalorien an und verf\u00fcgt \u00fcber Selbststopp- \/ [&hellip;]<\/p>\n","protected":false},"featured_media":9062641,"comment_status":"closed","ping_status":"closed","template":"","meta":{"_acf_changed":false,"_gspb_post_css":""},"product_brand":[1054],"product_cat":[312],"product_tag":[],"class_list":{"0":"post-9052405","1":"product","2":"type-product","3":"status-publish","4":"has-post-thumbnail","6":"product_brand-realleader","7":"product_cat-laufbaender","8":"product_shipping_class-nicht-stapelbar","10":"first","11":"instock","12":"sale","13":"taxable","14":"shipping-taxable","15":"purchasable","16":"product-type-simple"},"bundled_by":[],"bundle_stock_status":"instock","bundle_stock_quantity":3,"bundle_virtual":false,"bundle_layout":"","bundle_add_to_cart_form_location":"","bundle_editable_in_cart":false,"bundle_sold_individually_context":"","bundle_item_grouping":"","bundle_min_size":"","bundle_max_size":"","bundle_price":[],"bundled_items":[],"bundle_sell_ids":[],"acf":[],"df_price":4990,"df_sale_price":4990,"df_regular_price":6490,"df_image_link":"https:\/\/www.fitness-flohmarkt.ch\/wp-content\/uploads\/RCT-900M-3-300x300.png","_links":{"self":[{"href":"https:\/\/www.fitness-flohmarkt.ch\/it\/wp-json\/wp\/v2\/product\/9052405","targetHints":{"allow":["GET"]}}],"collection":[{"href":"https:\/\/www.fitness-flohmarkt.ch\/it\/wp-json\/wp\/v2\/product"}],"about":[{"href":"https:\/\/www.fitness-flohmarkt.ch\/it\/wp-json\/wp\/v2\/types\/product"}],"replies":[{"embeddable":true,"href":"https:\/\/www.fitness-flohmarkt.ch\/it\/wp-json\/wp\/v2\/comments?post=9052405"}],"wp:featuredmedia":[{"embeddable":true,"href":"https:\/\/www.fitness-flohmarkt.ch\/it\/wp-json\/wp\/v2\/media\/9062641"}],"wp:attachment":[{"href":"https:\/\/www.fitness-flohmarkt.ch\/it\/wp-json\/wp\/v2\/media?parent=9052405"}],"wp:term":[{"taxonomy":"product_brand","embeddable":true,"href":"https:\/\/www.fitness-flohmarkt.ch\/it\/wp-json\/wp\/v2\/product_brand?post=9052405"},{"taxonomy":"product_cat","embeddable":true,"href":"https:\/\/www.fitness-flohmarkt.ch\/it\/wp-json\/wp\/v2\/product_cat?post=9052405"},{"taxonomy":"product_tag","embeddable":true,"href":"https:\/\/www.fitness-flohmarkt.ch\/it\/wp-json\/wp\/v2\/product_tag?post=9052405"}],"curies":[{"name":"wp","href":"https:\/\/api.w.org\/{rel}","templated":true}]}}