{"id":9045563,"date":"2025-09-11T17:10:18","date_gmt":"2025-09-11T15:10:18","guid":{"rendered":"https:\/\/www.fitness-flohmarkt.ch\/produkt\/beyond-power-adaptive-bar-mount-adaptive-stangen-halterung\/"},"modified":"2026-03-01T23:38:32","modified_gmt":"2026-03-01T22:38:32","slug":"oltre-la-potenza-supporto-bar-adattivo-supporto-bar-adattivo","status":"publish","type":"product","link":"https:\/\/www.fitness-flohmarkt.ch\/it\/produkt\/beyond-power-adaptive-bar-mount-adaptive-stangen-halterung\/","title":{"rendered":"Montaggio a barre adattive Beyond Power | Montaggio a barre adattive"},"content":{"rendered":"<h3>Montaggio a barre adattive Beyond Power<\/h3>\n<ul>\n<li class=\"whitespace-normal break-words\"><strong>Una sola staffa, pi\u00f9 opzioni:<\/strong> Si attacca in modo sicuro a diverse superfici tubolari o a barre, supporta diametri da 0,6\u2033 (16 mm) a 2\u2033 (51 mm) con regolazioni facili e senza attrezzi.<\/li>\n<li class=\"whitespace-normal break-words\"><strong>Esclusiva chiusura a sgancio rapido:<\/strong> Niente perdite di tempo! Il sistema di sgancio rapido con una sola mano semplifica la modifica delle posizioni e delle impostazioni.<\/li>\n<li class=\"whitespace-normal break-words\"><strong>Sicuro, affidabile:<\/strong> Presenta una struttura a doppio bloccaggio con maniglia retrattile per una stabilit\u00e0 solida e regolazioni rapide.<\/li>\n<li class=\"whitespace-normal break-words\"><strong>Design premium:<\/strong> Realizzato in lega di alluminio ad alta resistenza, questo supporto \u00e8 costruito per durare nel tempo. Lucidato al plasma per una finitura elegante e resistente all'usura.<\/li>\n<\/ul>","protected":false},"excerpt":{"rendered":"<p>Beyond Power \u00e8 sinonimo di accessori per l'allenamento funzionale caratterizzati da una lavorazione di alta qualit\u00e0, facilit\u00e0 d'uso e versatilit\u00e0. Questa carrucola pu\u00f2 essere combinata con le maniglie, i collegamenti e le prolunghe del sistema Beyond Power.<\/p>","protected":false},"featured_media":9060311,"comment_status":"closed","ping_status":"closed","template":"","meta":{"_acf_changed":false,"_gspb_post_css":""},"product_brand":[1549],"product_cat":[813,319,304],"product_tag":[],"class_list":{"0":"post-9045563","1":"product","2":"type-product","3":"status-publish","4":"has-post-thumbnail","6":"product_brand-beyond-power","7":"product_cat-fg-diverse","8":"product_cat-fitness-zubehoer","9":"product_cat-reha-physio","10":"pa_artikel-pro-verkaufseinheit-1x","11":"pa_farbe-chrom","12":"pa_fitness-zubehoertyp-rack-attachment","13":"pa_lieferumfang-1x-rack-attachement","14":"pa_material-aluminium","16":"first","17":"instock","18":"taxable","19":"shipping-taxable","20":"purchasable","21":"product-type-simple"},"bundled_by":[],"bundle_stock_status":"instock","bundle_stock_quantity":9,"bundle_virtual":false,"bundle_layout":"","bundle_add_to_cart_form_location":"","bundle_editable_in_cart":false,"bundle_sold_individually_context":"","bundle_item_grouping":"","bundle_min_size":"","bundle_max_size":"","bundle_price":[],"bundled_items":[],"bundle_sell_ids":[],"acf":[],"df_price":259,"df_sale_price":"","df_regular_price":259,"df_image_link":"https:\/\/www.fitness-flohmarkt.ch\/wp-content\/uploads\/AdaptiveBarMount-15-300x300.png","_links":{"self":[{"href":"https:\/\/www.fitness-flohmarkt.ch\/it\/wp-json\/wp\/v2\/product\/9045563","targetHints":{"allow":["GET"]}}],"collection":[{"href":"https:\/\/www.fitness-flohmarkt.ch\/it\/wp-json\/wp\/v2\/product"}],"about":[{"href":"https:\/\/www.fitness-flohmarkt.ch\/it\/wp-json\/wp\/v2\/types\/product"}],"replies":[{"embeddable":true,"href":"https:\/\/www.fitness-flohmarkt.ch\/it\/wp-json\/wp\/v2\/comments?post=9045563"}],"wp:featuredmedia":[{"embeddable":true,"href":"https:\/\/www.fitness-flohmarkt.ch\/it\/wp-json\/wp\/v2\/media\/9060311"}],"wp:attachment":[{"href":"https:\/\/www.fitness-flohmarkt.ch\/it\/wp-json\/wp\/v2\/media?parent=9045563"}],"wp:term":[{"taxonomy":"product_brand","embeddable":true,"href":"https:\/\/www.fitness-flohmarkt.ch\/it\/wp-json\/wp\/v2\/product_brand?post=9045563"},{"taxonomy":"product_cat","embeddable":true,"href":"https:\/\/www.fitness-flohmarkt.ch\/it\/wp-json\/wp\/v2\/product_cat?post=9045563"},{"taxonomy":"product_tag","embeddable":true,"href":"https:\/\/www.fitness-flohmarkt.ch\/it\/wp-json\/wp\/v2\/product_tag?post=9045563"}],"curies":[{"name":"wp","href":"https:\/\/api.w.org\/{rel}","templated":true}]}}