{"id":9044858,"date":"2025-09-02T14:30:33","date_gmt":"2025-09-02T12:30:33","guid":{"rendered":"https:\/\/www.fitness-flohmarkt.ch\/produkt\/realleader-usa-smith-machine-fm-2007\/"},"modified":"2026-04-21T16:54:52","modified_gmt":"2026-04-21T14:54:52","slug":"realleader-smith-machine-fm-2007","status":"publish","type":"product","link":"https:\/\/www.fitness-flohmarkt.ch\/it\/produkt\/realleader-smith-machine-fm-2007\/","title":{"rendered":"Macchina Smith RealLeader | FM-2007"},"content":{"rendered":"<h3>RealLeader Smith Machine FM-2007<\/h3>\n<p>Questa macchina Smith \u00e8 robusta e pu\u00f2 sopportare carichi estremi. Il percorso della barra \u00e8 fissato verticalmente e consente un percorso di movimento rigoroso. La barra \u00e8 dotata di fermi di sicurezza che possono essere ruotati in posizione, per un allenamento pi\u00f9 sicuro. Inoltre, offre un ampio spazio per riporre i dischi dei pesi.<\/p>\n<ul>\n<li>Dimensioni: 2267 x 1155 x 2325 mm<\/li>\n<li>Peso netto: 236 kg<\/li>\n<\/ul>\n<p><strong>Colore:<\/strong> Telaio nero opaco<\/p>\n<p><strong>Linea FM:<\/strong> Attrezzo fitness di qualit\u00e0 superiore con un preciso sistema di pesi in piastre tagliate al laser per un controllo preciso durante ogni esercizio. La Serie FM offre maniglie strategicamente posizionate per variare gli esercizi con diverse posizioni di presa. Realizzata con una struttura in acciaio rinforzato da 3 mm, la Serie FM \u00e8 progettata per resistere agli allenamenti pi\u00f9 intensi, combinando durata e comfort.<\/p>\n<p><strong>Installazione e montaggio su richiesta.<\/strong><\/p>","protected":false},"excerpt":{"rendered":"<p>RealLeader USA Smith Machine FM-2007 - Robusta macchina Smith per carichi estremi con percorso della barra fissato verticalmente per un percorso di movimento rigoroso. Il dispositivo di sicurezza pu\u00f2 essere posizionato tramite rotazione per un allenamento pi\u00f9 sicuro, ampio spazio per riporre i dischi di peso. Struttura in acciaio rinforzato da 3 mm per gli allenamenti pi\u00f9 intensi. 227 x 116 x 233 cm, 236 kg. Telaio nero opaco.<\/p>","protected":false},"featured_media":9065401,"comment_status":"closed","ping_status":"closed","template":"","meta":{"_acf_changed":false,"_gspb_post_css":""},"product_brand":[1054],"product_cat":[342,356],"product_tag":[],"class_list":{"0":"post-9044858","1":"product","2":"type-product","3":"status-publish","4":"has-post-thumbnail","6":"product_brand-realleader","7":"product_cat-plate-loaded","8":"product_cat-racks","9":"product_shipping_class-nicht-stapelbar","11":"first","12":"outofstock","13":"sale","14":"taxable","15":"shipping-taxable","16":"purchasable","17":"product-type-simple"},"bundled_by":[],"bundle_stock_status":"outofstock","bundle_stock_quantity":0,"bundle_virtual":false,"bundle_layout":"","bundle_add_to_cart_form_location":"","bundle_editable_in_cart":false,"bundle_sold_individually_context":"","bundle_item_grouping":"","bundle_min_size":"","bundle_max_size":"","bundle_price":[],"bundled_items":[],"bundle_sell_ids":[],"acf":[],"df_price":3690,"df_sale_price":3690,"df_regular_price":4690,"df_image_link":"https:\/\/www.fitness-flohmarkt.ch\/wp-content\/uploads\/FM-2007-3-600x719_1080x1080-4_ret-4-300x300.avif","_links":{"self":[{"href":"https:\/\/www.fitness-flohmarkt.ch\/it\/wp-json\/wp\/v2\/product\/9044858","targetHints":{"allow":["GET"]}}],"collection":[{"href":"https:\/\/www.fitness-flohmarkt.ch\/it\/wp-json\/wp\/v2\/product"}],"about":[{"href":"https:\/\/www.fitness-flohmarkt.ch\/it\/wp-json\/wp\/v2\/types\/product"}],"replies":[{"embeddable":true,"href":"https:\/\/www.fitness-flohmarkt.ch\/it\/wp-json\/wp\/v2\/comments?post=9044858"}],"wp:featuredmedia":[{"embeddable":true,"href":"https:\/\/www.fitness-flohmarkt.ch\/it\/wp-json\/wp\/v2\/media\/9065401"}],"wp:attachment":[{"href":"https:\/\/www.fitness-flohmarkt.ch\/it\/wp-json\/wp\/v2\/media?parent=9044858"}],"wp:term":[{"taxonomy":"product_brand","embeddable":true,"href":"https:\/\/www.fitness-flohmarkt.ch\/it\/wp-json\/wp\/v2\/product_brand?post=9044858"},{"taxonomy":"product_cat","embeddable":true,"href":"https:\/\/www.fitness-flohmarkt.ch\/it\/wp-json\/wp\/v2\/product_cat?post=9044858"},{"taxonomy":"product_tag","embeddable":true,"href":"https:\/\/www.fitness-flohmarkt.ch\/it\/wp-json\/wp\/v2\/product_tag?post=9044858"}],"curies":[{"name":"wp","href":"https:\/\/api.w.org\/{rel}","templated":true}]}}