{"id":9044856,"date":"2025-09-02T14:30:23","date_gmt":"2025-09-02T12:30:23","guid":{"rendered":"https:\/\/www.fitness-flohmarkt.ch\/produkt\/realleader-usa-hack-squat-fm-1024f\/"},"modified":"2026-03-01T23:38:29","modified_gmt":"2026-03-01T22:38:29","slug":"realleader-usa-hack-squat-fm-1024f","status":"publish","type":"product","link":"https:\/\/www.fitness-flohmarkt.ch\/it\/produkt\/realleader-usa-hack-squat-fm-1024f\/","title":{"rendered":"RealLeader Hack Squat | FM-1024F"},"content":{"rendered":"<h3>RealLeader Hack Squat FM-1024F<\/h3>\n<p>Questa macchina per Hack Squat \u00e8 dotata di una pedana regolabile, che permette all'utente di cambiare l'angolazione in base alle proprie preferenze. \u00c8 dotata di \"leve di sicurezza\" per sganciare e agganciare il peso e di maniglie di supporto aggiuntive durante l'esercizio. \u00c8 ben imbottita e pu\u00f2 sopportare carichi estremi (fino a 1200 kg) pur garantendo movimenti molto fluidi. \u00c8 una macchina con dischi di peso e uno spazio aggiuntivo per riporre i dischi di peso.<\/p>\n<ul>\n<li>Dimensioni: 1935 x 2217 x 1125 mm<\/li>\n<li>Peso netto: 215 kg<\/li>\n<\/ul>\n<p><strong>Colore:<\/strong> Struttura nera opaca, rivestimento nero con cuciture nere<\/p>\n<p><strong>Linea FM:<\/strong> Attrezzo fitness di qualit\u00e0 superiore con un preciso sistema di pesi in piastre tagliate al laser per un controllo preciso durante ogni esercizio. La Serie FM offre maniglie strategicamente posizionate per variare gli esercizi con diverse posizioni di presa. Realizzata con una struttura in acciaio rinforzato da 3 mm, la Serie FM \u00e8 progettata per resistere agli allenamenti pi\u00f9 intensi, combinando durata e comfort.<\/p>\n<p><strong>Installazione e montaggio su richiesta.<\/strong><\/p>","protected":false},"excerpt":{"rendered":"<p>RealLeader USA Hack Squat FM-1024F - Macchina per Hack Squat con pedana regolabile per un'angolazione individuale. Leva di sicurezza per sganciare\/appendere, maniglie di sostegno aggiuntive, ben imbottite per carichi estremi fino a 1200 kg con movimenti fluidi. Caricamento a disco del peso con spazio di archiviazione aggiuntivo. Struttura in acciaio rinforzato da 3 mm. 194 x 222 x 113 cm, 215 kg. Struttura nera opaca, rivestimento nero.<\/p>","protected":false},"featured_media":9052874,"comment_status":"closed","ping_status":"closed","template":"","meta":{"_acf_changed":false,"_gspb_post_css":""},"product_brand":[1054],"product_cat":[342],"product_tag":[],"class_list":{"0":"post-9044856","1":"product","2":"type-product","3":"status-publish","4":"has-post-thumbnail","6":"product_brand-realleader","7":"product_cat-plate-loaded","8":"product_shipping_class-nicht-stapelbar","10":"first","11":"outofstock","12":"sale","13":"taxable","14":"shipping-taxable","15":"purchasable","16":"product-type-simple"},"bundled_by":[],"bundle_stock_status":"outofstock","bundle_stock_quantity":0,"bundle_virtual":false,"bundle_layout":"","bundle_add_to_cart_form_location":"","bundle_editable_in_cart":false,"bundle_sold_individually_context":"","bundle_item_grouping":"","bundle_min_size":"","bundle_max_size":"","bundle_price":[],"bundled_items":[],"bundle_sell_ids":[],"acf":[],"df_price":3490,"df_sale_price":3490,"df_regular_price":4490,"df_image_link":"https:\/\/www.fitness-flohmarkt.ch\/wp-content\/uploads\/1024Fxin-3_1080x1080-5-300x300.png","_links":{"self":[{"href":"https:\/\/www.fitness-flohmarkt.ch\/it\/wp-json\/wp\/v2\/product\/9044856","targetHints":{"allow":["GET"]}}],"collection":[{"href":"https:\/\/www.fitness-flohmarkt.ch\/it\/wp-json\/wp\/v2\/product"}],"about":[{"href":"https:\/\/www.fitness-flohmarkt.ch\/it\/wp-json\/wp\/v2\/types\/product"}],"replies":[{"embeddable":true,"href":"https:\/\/www.fitness-flohmarkt.ch\/it\/wp-json\/wp\/v2\/comments?post=9044856"}],"wp:featuredmedia":[{"embeddable":true,"href":"https:\/\/www.fitness-flohmarkt.ch\/it\/wp-json\/wp\/v2\/media\/9052874"}],"wp:attachment":[{"href":"https:\/\/www.fitness-flohmarkt.ch\/it\/wp-json\/wp\/v2\/media?parent=9044856"}],"wp:term":[{"taxonomy":"product_brand","embeddable":true,"href":"https:\/\/www.fitness-flohmarkt.ch\/it\/wp-json\/wp\/v2\/product_brand?post=9044856"},{"taxonomy":"product_cat","embeddable":true,"href":"https:\/\/www.fitness-flohmarkt.ch\/it\/wp-json\/wp\/v2\/product_cat?post=9044856"},{"taxonomy":"product_tag","embeddable":true,"href":"https:\/\/www.fitness-flohmarkt.ch\/it\/wp-json\/wp\/v2\/product_tag?post=9044856"}],"curies":[{"name":"wp","href":"https:\/\/api.w.org\/{rel}","templated":true}]}}