{"id":9044854,"date":"2025-09-02T14:30:17","date_gmt":"2025-09-02T12:30:17","guid":{"rendered":"https:\/\/www.fitness-flohmarkt.ch\/produkt\/realleader-usa-multi-jungle-5-stack-fm-2005\/"},"modified":"2026-03-01T23:38:27","modified_gmt":"2026-03-01T22:38:27","slug":"realleader-multi-jungle-5-stack-fm-2005","status":"publish","type":"product","link":"https:\/\/www.fitness-flohmarkt.ch\/it\/produkt\/realleader-multi-jungle-5-stack-fm-2005\/","title":{"rendered":"RealLeader Multi Jungle 5 Stack | FM-2005"},"content":{"rendered":"<h3>RealLeader Multi Jungle 5 Stack FM-2005<\/h3>\n<p>Questa stazione di allenamento \u00e8 dotata di diverse stazioni di allenamento ed \u00e8 ideale per le palestre pi\u00f9 affollate che vogliono massimizzare lo spazio a disposizione per l'allenamento. Dispone di una stazione di lat pulldown, una stazione di vogatore, una stazione di pushdown, due barre per le trazioni (neutra e standard) e una stazione di cable fly al centro. Le funzioni regolabili includono il cuscinetto per le cosce sulla stazione di lat pulldown ed entrambe le carrucole sulla stazione di cable fly (regolabile in altezza).<\/p>\n<ul>\n<li>Dimensioni: 4703 x 3219 x 2328 mm<\/li>\n<li>Peso netto: 385 kg<\/li>\n<li>Peso della pila: 1136 lbs \/ 515 kg<\/li>\n<\/ul>\n<p><strong>Colore:<\/strong> Struttura nera opaca, rivestimento nero con cuciture nere<\/p>\n<p><strong>Linea FM:<\/strong> Attrezzo fitness di qualit\u00e0 superiore con un preciso sistema di pesi in piastre tagliate al laser per un controllo preciso durante ogni esercizio. La Serie FM offre maniglie strategicamente posizionate per variare gli esercizi con diverse posizioni di presa. Realizzata con una struttura in acciaio rinforzato da 3 mm, la Serie FM \u00e8 progettata per resistere agli allenamenti pi\u00f9 intensi, combinando durata e comfort.<\/p>\n<p><strong>Installazione e montaggio su richiesta.<\/strong><\/p>","protected":false},"excerpt":{"rendered":"<p>RealLeader USA Multi Jungle 5 Stack FM-2005 - Stazione di allenamento versatile con stazione per lat pull-down, rowing e push-down, 2 barre per pull-up (neutre\/standard) e stazione per cable fly. Cosce regolabili e carrucole regolabili in altezza, 515 kg di pesi totali. Sistema di pesi di precisione tagliati al laser con struttura in acciaio rinforzato da 3 mm. 470 x 322 x 233 cm, 385 kg. Struttura nera opaca, rivestimento nero.<\/p>","protected":false},"featured_media":9050807,"comment_status":"closed","ping_status":"closed","template":"","meta":{"_acf_changed":false,"_gspb_post_css":""},"product_brand":[1054],"product_cat":[310],"product_tag":[],"class_list":{"0":"post-9044854","1":"product","2":"type-product","3":"status-publish","4":"has-post-thumbnail","6":"product_brand-realleader","7":"product_cat-steckgewichte","8":"product_shipping_class-nicht-stapelbar","10":"first","11":"outofstock","12":"sale","13":"taxable","14":"shipping-taxable","15":"purchasable","16":"product-type-simple"},"bundled_by":[],"bundle_stock_status":"outofstock","bundle_stock_quantity":0,"bundle_virtual":false,"bundle_layout":"","bundle_add_to_cart_form_location":"","bundle_editable_in_cart":false,"bundle_sold_individually_context":"","bundle_item_grouping":"","bundle_min_size":"","bundle_max_size":"","bundle_price":[],"bundled_items":[],"bundle_sell_ids":[],"acf":[],"df_price":8990,"df_sale_price":8990,"df_regular_price":11990,"df_image_link":"https:\/\/www.fitness-flohmarkt.ch\/wp-content\/uploads\/2005xin-4_1080x1080-1_ret-2-300x300.png","_links":{"self":[{"href":"https:\/\/www.fitness-flohmarkt.ch\/it\/wp-json\/wp\/v2\/product\/9044854","targetHints":{"allow":["GET"]}}],"collection":[{"href":"https:\/\/www.fitness-flohmarkt.ch\/it\/wp-json\/wp\/v2\/product"}],"about":[{"href":"https:\/\/www.fitness-flohmarkt.ch\/it\/wp-json\/wp\/v2\/types\/product"}],"replies":[{"embeddable":true,"href":"https:\/\/www.fitness-flohmarkt.ch\/it\/wp-json\/wp\/v2\/comments?post=9044854"}],"wp:featuredmedia":[{"embeddable":true,"href":"https:\/\/www.fitness-flohmarkt.ch\/it\/wp-json\/wp\/v2\/media\/9050807"}],"wp:attachment":[{"href":"https:\/\/www.fitness-flohmarkt.ch\/it\/wp-json\/wp\/v2\/media?parent=9044854"}],"wp:term":[{"taxonomy":"product_brand","embeddable":true,"href":"https:\/\/www.fitness-flohmarkt.ch\/it\/wp-json\/wp\/v2\/product_brand?post=9044854"},{"taxonomy":"product_cat","embeddable":true,"href":"https:\/\/www.fitness-flohmarkt.ch\/it\/wp-json\/wp\/v2\/product_cat?post=9044854"},{"taxonomy":"product_tag","embeddable":true,"href":"https:\/\/www.fitness-flohmarkt.ch\/it\/wp-json\/wp\/v2\/product_tag?post=9044854"}],"curies":[{"name":"wp","href":"https:\/\/api.w.org\/{rel}","templated":true}]}}