{"id":9044850,"date":"2025-09-02T14:11:27","date_gmt":"2025-09-02T12:11:27","guid":{"rendered":"https:\/\/www.fitness-flohmarkt.ch\/produkt\/realleader-usa-leg-extension-ld-2001\/"},"modified":"2026-03-01T23:18:56","modified_gmt":"2026-03-01T22:18:56","slug":"realleader-leg-extension-ld-2001","status":"publish","type":"product","link":"https:\/\/www.fitness-flohmarkt.ch\/it\/produkt\/realleader-leg-extension-ld-2001\/","title":{"rendered":"RealLeader Leg Extension | LD-2001"},"content":{"rendered":"<h3>RealLeader Leg Extension LD-2001<\/h3>\n<p>Questa robusta macchina per l'estensione delle gambe \u00e8 dotata di tibie e sedile regolabili in base all'altezza dell'utente. Ogni gamba \u00e8 inoltre dotata di una leva per regolare la posizione iniziale e finale dell'esercizio. Ogni gamba \u00e8 caricata in modo indipendente con piastre di peso e la macchina \u00e8 adatta per l'allenamento di gambe doppie o singole.<\/p>\n<ul>\n<li><span class=\"elementor-icon-list-text\">Dimensioni: 1550 x 1900 x 1200 mm<\/span><\/li>\n<li><span class=\"elementor-icon-list-text\">Peso netto: 152 kg<\/span><\/li>\n<\/ul>\n<p><strong>Colore:<\/strong> Struttura nera opaca, rivestimento nero con cuciture nere<\/p>\n<p><strong>Linea LD:<\/strong> Sofisticate attrezzature per il fitness dal design ergonomico per movimenti fisiologicamente ottimizzati. La serie LD offre una stimolazione muscolare confortevole e mirata grazie a componenti regolabili come i cuscinetti per il petto, l'altezza del sedile e gli angoli di presa. Costruita con robusti profili tubolari in acciaio da 80 x 40 x 3 mm, la serie LD \u00e8 resistente, stabile e personalizzabile per i diversi utenti.<\/p>","protected":false},"excerpt":{"rendered":"<p>RealLeader USA Leg Extension LD-2001 - Robusta macchina per l'estensione delle gambe con tibie e sedile regolabili. Leva per la posizione di inizio\/fine esercizio per ogni gamba, caricamento indipendente della piastra di peso per ogni lato per l'allenamento a due o a una gamba. Design ergonomico per movimenti fisiologicamente ottimizzati. 155 x 190 x 120 cm, 152 kg. Struttura nera opaca, rivestimento nero.<\/p>","protected":false},"featured_media":9060685,"comment_status":"closed","ping_status":"closed","template":"","meta":{"_acf_changed":false,"_gspb_post_css":""},"product_brand":[1054],"product_cat":[342],"product_tag":[],"class_list":{"0":"post-9044850","1":"product","2":"type-product","3":"status-publish","4":"has-post-thumbnail","6":"product_brand-realleader","7":"product_cat-plate-loaded","8":"product_shipping_class-nicht-stapelbar","10":"first","11":"outofstock","12":"sale","13":"taxable","14":"shipping-taxable","15":"purchasable","16":"product-type-simple"},"bundled_by":[],"bundle_stock_status":"outofstock","bundle_stock_quantity":0,"bundle_virtual":false,"bundle_layout":"","bundle_add_to_cart_form_location":"","bundle_editable_in_cart":false,"bundle_sold_individually_context":"","bundle_item_grouping":"","bundle_min_size":"","bundle_max_size":"","bundle_price":[],"bundled_items":[],"bundle_sell_ids":[],"acf":[],"df_price":3490,"df_sale_price":3490,"df_regular_price":4490,"df_image_link":"https:\/\/www.fitness-flohmarkt.ch\/wp-content\/uploads\/HSPRO-2001_1462x1096-2_1080x1080-2-300x300.png","_links":{"self":[{"href":"https:\/\/www.fitness-flohmarkt.ch\/it\/wp-json\/wp\/v2\/product\/9044850","targetHints":{"allow":["GET"]}}],"collection":[{"href":"https:\/\/www.fitness-flohmarkt.ch\/it\/wp-json\/wp\/v2\/product"}],"about":[{"href":"https:\/\/www.fitness-flohmarkt.ch\/it\/wp-json\/wp\/v2\/types\/product"}],"replies":[{"embeddable":true,"href":"https:\/\/www.fitness-flohmarkt.ch\/it\/wp-json\/wp\/v2\/comments?post=9044850"}],"wp:featuredmedia":[{"embeddable":true,"href":"https:\/\/www.fitness-flohmarkt.ch\/it\/wp-json\/wp\/v2\/media\/9060685"}],"wp:attachment":[{"href":"https:\/\/www.fitness-flohmarkt.ch\/it\/wp-json\/wp\/v2\/media?parent=9044850"}],"wp:term":[{"taxonomy":"product_brand","embeddable":true,"href":"https:\/\/www.fitness-flohmarkt.ch\/it\/wp-json\/wp\/v2\/product_brand?post=9044850"},{"taxonomy":"product_cat","embeddable":true,"href":"https:\/\/www.fitness-flohmarkt.ch\/it\/wp-json\/wp\/v2\/product_cat?post=9044850"},{"taxonomy":"product_tag","embeddable":true,"href":"https:\/\/www.fitness-flohmarkt.ch\/it\/wp-json\/wp\/v2\/product_tag?post=9044850"}],"curies":[{"name":"wp","href":"https:\/\/api.w.org\/{rel}","templated":true}]}}