{"id":9044846,"date":"2025-09-02T14:11:14","date_gmt":"2025-09-02T12:11:14","guid":{"rendered":"https:\/\/www.fitness-flohmarkt.ch\/produkt\/realleader-usa-both-way-squat-ld-2003\/"},"modified":"2026-03-13T18:10:58","modified_gmt":"2026-03-13T17:10:58","slug":"realleader-squat-in-entrambe-le-direzioni-ld-2003","status":"publish","type":"product","link":"https:\/\/www.fitness-flohmarkt.ch\/it\/produkt\/realleader-both-way-squat-ld-2003\/","title":{"rendered":"RealLeader Squat in entrambi i sensi | LD-2003"},"content":{"rendered":"<h3>RealLeader Squat in entrambi i sensi LD-2003<\/h3>\n<p>Questa robusta macchina per squat consente di eseguire movimenti di V-squat e hack-squat. L'angolo della piattaforma \u00e8 regolabile per variare. \u00c8 ben imbottita per garantire il massimo comfort con carichi pesanti ed \u00e8 dotata di guide di sicurezza che possono essere controllate con delle leve per sostenere il peso all'inizio e alla fine dell'esercizio. Sulle spalline sono presenti delle maniglie a cui aggrapparsi durante l'esercizio. La macchina \u00e8 dotata di piastre di peso su entrambi i lati e ha uno spazio per riporre altre piastre di peso.<\/p>\n<ul>\n<li><span class=\"elementor-icon-list-text\">Dimensioni: 1905 x 1520 x 1610 mm<\/span><\/li>\n<li><span class=\"elementor-icon-list-text\">Peso netto: 205 kg<\/span><\/li>\n<\/ul>\n<p><strong>Colore:<\/strong> Struttura nera opaca, rivestimento nero con cuciture nere<\/p>\n<p><strong>Linea LD:<\/strong> Sofisticate attrezzature per il fitness dal design ergonomico per movimenti fisiologicamente ottimizzati. La serie LD offre una stimolazione muscolare confortevole e mirata grazie a componenti regolabili come i cuscinetti per il petto, l'altezza del sedile e gli angoli di presa. Costruita con robusti profili tubolari in acciaio da 80 x 40 x 3 mm, la serie LD \u00e8 resistente, stabile e personalizzabile per i diversi utenti.<\/p>","protected":false},"excerpt":{"rendered":"<div data-test-render-count=\"3\">\n<div class=\"mb-1 mt-1\">\n<div class=\"group relative inline-flex gap-2 bg-bg-300 rounded-xl pl-2.5 py-2.5 break-words text-text-100 transition-all max-w-[75ch] flex-col pr-6\">\n<div class=\"absolute bottom-0 right-2 pointer-events-none\">\n<div class=\"rounded-lg transition min-w-max pointer-events-auto translate-y-4 bg-bg-100\/80 backdrop-blur-sm translate-x-1 group-hover:translate-x-0.5 border-0.5 border-border-300 p-0.5 shadow-sm opacity-0 group-hover:opacity-100\">\n<div class=\"text-text-300 flex items-stretch justify-between\">\n<div class=\"flex items-center\">RealLeader Both Way Squat LD-2003 &#8211; Robuste Kniebeuge-Maschine f\u00fcr V-Squat- und Hack-Squat-Bewegungen. Verstellbarer Plattformwinkel, komfortable Polsterung f\u00fcr schwere Lasten, Sicherheitsschienen mit Hebelkontrolle. Griffe an Schulterpolstern, beidseitige Hantelscheiben-Beladung mit Stauraum. Ergonomisches Design f\u00fcr physiologisch optimale Bewegungen. 191 x 152 x 161 cm, 205 kg. Rahmen matt schwarz, schwarze Polster.<\/div>\n<\/div>\n<\/div>\n<\/div>\n<\/div>\n<\/div>\n<\/div>\n","protected":false},"featured_media":9062646,"comment_status":"closed","ping_status":"closed","template":"","meta":{"_acf_changed":false,"_gspb_post_css":""},"product_brand":[1054],"product_cat":[342],"product_tag":[],"class_list":{"0":"post-9044846","1":"product","2":"type-product","3":"status-publish","4":"has-post-thumbnail","6":"product_brand-realleader","7":"product_cat-plate-loaded","8":"product_shipping_class-nicht-stapelbar","10":"first","11":"instock","12":"sale","13":"taxable","14":"shipping-taxable","15":"purchasable","16":"product-type-simple"},"bundled_by":[],"bundle_stock_status":"instock","bundle_stock_quantity":1,"bundle_virtual":false,"bundle_layout":"","bundle_add_to_cart_form_location":"","bundle_editable_in_cart":false,"bundle_sold_individually_context":"","bundle_item_grouping":"","bundle_min_size":"","bundle_max_size":"","bundle_price":[],"bundled_items":[],"bundle_sell_ids":[],"acf":[],"df_price":3990,"df_sale_price":3990,"df_regular_price":4990,"df_image_link":"https:\/\/www.fitness-flohmarkt.ch\/wp-content\/uploads\/HSPRO-2003_1462x1096-6_1080x1080_ret-5-300x300.png","_links":{"self":[{"href":"https:\/\/www.fitness-flohmarkt.ch\/it\/wp-json\/wp\/v2\/product\/9044846","targetHints":{"allow":["GET"]}}],"collection":[{"href":"https:\/\/www.fitness-flohmarkt.ch\/it\/wp-json\/wp\/v2\/product"}],"about":[{"href":"https:\/\/www.fitness-flohmarkt.ch\/it\/wp-json\/wp\/v2\/types\/product"}],"replies":[{"embeddable":true,"href":"https:\/\/www.fitness-flohmarkt.ch\/it\/wp-json\/wp\/v2\/comments?post=9044846"}],"wp:featuredmedia":[{"embeddable":true,"href":"https:\/\/www.fitness-flohmarkt.ch\/it\/wp-json\/wp\/v2\/media\/9062646"}],"wp:attachment":[{"href":"https:\/\/www.fitness-flohmarkt.ch\/it\/wp-json\/wp\/v2\/media?parent=9044846"}],"wp:term":[{"taxonomy":"product_brand","embeddable":true,"href":"https:\/\/www.fitness-flohmarkt.ch\/it\/wp-json\/wp\/v2\/product_brand?post=9044846"},{"taxonomy":"product_cat","embeddable":true,"href":"https:\/\/www.fitness-flohmarkt.ch\/it\/wp-json\/wp\/v2\/product_cat?post=9044846"},{"taxonomy":"product_tag","embeddable":true,"href":"https:\/\/www.fitness-flohmarkt.ch\/it\/wp-json\/wp\/v2\/product_tag?post=9044846"}],"curies":[{"name":"wp","href":"https:\/\/api.w.org\/{rel}","templated":true}]}}