{"id":9044842,"date":"2025-09-02T14:11:02","date_gmt":"2025-09-02T12:11:02","guid":{"rendered":"https:\/\/www.fitness-flohmarkt.ch\/produkt\/realleader-usa-glute-machine-ld-2007\/"},"modified":"2026-03-13T18:15:11","modified_gmt":"2026-03-13T17:15:11","slug":"realleader-glute-machine-ld-2007","status":"publish","type":"product","link":"https:\/\/www.fitness-flohmarkt.ch\/it\/produkt\/realleader-glute-machine-ld-2007\/","title":{"rendered":"Macchina per i glutei RealLeader | LD-2007"},"content":{"rendered":"<h3>RealLeader Macchina per i Glutei LD-2007<\/h3>\n<p>Questa macchina per il glute kickback in ginocchio \u00e8 dotata di un cuscinetto pettorale regolabile in base all'altezza dell'utente. \u00c8 ben imbottita e ha delle maniglie nella parte anteriore per essere sostenuta durante il movimento. \u00c8 dotata di dischi di peso sul lato della macchina.<\/p>\n<ul>\n<li><span class=\"elementor-icon-list-text\">Dimensioni: 2022 x 1543 x 1101 mm<\/span><\/li>\n<li><span class=\"elementor-icon-list-text\">Peso netto: 146 kg<\/span><\/li>\n<\/ul>\n<p><strong>Colore:<\/strong> Struttura nera opaca, rivestimento nero con cuciture nere<\/p>\n<p><strong>Linea LD:<\/strong> Sofisticate attrezzature per il fitness dal design ergonomico per movimenti fisiologicamente ottimizzati. La serie LD offre una stimolazione muscolare confortevole e mirata grazie a componenti regolabili come i cuscinetti per il petto, l'altezza del sedile e gli angoli di presa. Costruita con robusti profili tubolari in acciaio da 80 x 40 x 3 mm, la serie LD \u00e8 resistente, stabile e personalizzabile per i diversi utenti.<\/p>","protected":false},"excerpt":{"rendered":"<p>RealLeader USA Glute Machine LD-2007 - Macchina per il contraccolpo dei glutei inginocchiata con cuscinetto toracico regolabile per le diverse corporature. Imbottitura a tutta lunghezza, maniglie anteriori per il supporto durante il movimento, caricamento laterale dei dischi di peso. Design ergonomico per movimenti fisiologicamente ottimizzati. 202 x 154 x 110 cm, 146 kg. Struttura nera opaca, imbottitura nera.<\/p>","protected":false},"featured_media":9062645,"comment_status":"closed","ping_status":"closed","template":"","meta":{"_acf_changed":false,"_gspb_post_css":""},"product_brand":[1054],"product_cat":[342],"product_tag":[],"class_list":{"0":"post-9044842","1":"product","2":"type-product","3":"status-publish","4":"has-post-thumbnail","6":"product_brand-realleader","7":"product_cat-plate-loaded","8":"product_shipping_class-nicht-stapelbar","10":"first","11":"instock","12":"sale","13":"taxable","14":"shipping-taxable","15":"purchasable","16":"product-type-simple"},"bundled_by":[],"bundle_stock_status":"instock","bundle_stock_quantity":1,"bundle_virtual":false,"bundle_layout":"","bundle_add_to_cart_form_location":"","bundle_editable_in_cart":false,"bundle_sold_individually_context":"","bundle_item_grouping":"","bundle_min_size":"","bundle_max_size":"","bundle_price":[],"bundled_items":[],"bundle_sell_ids":[],"acf":[],"df_price":3490,"df_sale_price":3490,"df_regular_price":4490,"df_image_link":"https:\/\/www.fitness-flohmarkt.ch\/wp-content\/uploads\/HSPRO-2007_935x700-3_1080x1080-1-600x600_ret-3-300x300.png","_links":{"self":[{"href":"https:\/\/www.fitness-flohmarkt.ch\/it\/wp-json\/wp\/v2\/product\/9044842","targetHints":{"allow":["GET"]}}],"collection":[{"href":"https:\/\/www.fitness-flohmarkt.ch\/it\/wp-json\/wp\/v2\/product"}],"about":[{"href":"https:\/\/www.fitness-flohmarkt.ch\/it\/wp-json\/wp\/v2\/types\/product"}],"replies":[{"embeddable":true,"href":"https:\/\/www.fitness-flohmarkt.ch\/it\/wp-json\/wp\/v2\/comments?post=9044842"}],"wp:featuredmedia":[{"embeddable":true,"href":"https:\/\/www.fitness-flohmarkt.ch\/it\/wp-json\/wp\/v2\/media\/9062645"}],"wp:attachment":[{"href":"https:\/\/www.fitness-flohmarkt.ch\/it\/wp-json\/wp\/v2\/media?parent=9044842"}],"wp:term":[{"taxonomy":"product_brand","embeddable":true,"href":"https:\/\/www.fitness-flohmarkt.ch\/it\/wp-json\/wp\/v2\/product_brand?post=9044842"},{"taxonomy":"product_cat","embeddable":true,"href":"https:\/\/www.fitness-flohmarkt.ch\/it\/wp-json\/wp\/v2\/product_cat?post=9044842"},{"taxonomy":"product_tag","embeddable":true,"href":"https:\/\/www.fitness-flohmarkt.ch\/it\/wp-json\/wp\/v2\/product_tag?post=9044842"}],"curies":[{"name":"wp","href":"https:\/\/api.w.org\/{rel}","templated":true}]}}