{"id":9044830,"date":"2025-09-02T14:10:17","date_gmt":"2025-09-02T12:10:17","guid":{"rendered":"https:\/\/www.fitness-flohmarkt.ch\/produkt\/realleader-usa-dual-adjustbable-pulley-fm-1002\/"},"modified":"2026-03-01T23:37:57","modified_gmt":"2026-03-01T22:37:57","slug":"realleader-usa-puleggia-a-doppia-regolazione-fm-1002","status":"publish","type":"product","link":"https:\/\/www.fitness-flohmarkt.ch\/it\/produkt\/realleader-usa-dual-adjustbable-pulley-fm-1002\/","title":{"rendered":"RealLeader Doppia Puleggia Regolabile | FM-1002"},"content":{"rendered":"<h3>RealLeader Doppia puleggia regolabile FM-1002<\/h3>\n<p>Questa macchina compatta a doppio cavo \u00e8 versatile e offre molte opzioni di allenamento in uno spazio ridotto. \u00c8 adatta sia per esercizi a doppio che a singolo cavo. Ogni lato \u00e8 dotato di una torre di pesi indipendente e di una puleggia regolabile in altezza.<\/p>\n<ul>\n<li>Dimensioni: 1840 x 1350 x 2490 mm<\/li>\n<li>Peso netto: 228 kg<\/li>\n<li>Peso della pila: 526 lbs\/ 239 kg<\/li>\n<\/ul>\n<p><strong>Colore:<\/strong> Telaio nero opaco<\/p>\n<p><strong>Linea FM:<\/strong> Attrezzo fitness di qualit\u00e0 superiore con un preciso sistema di pesi in piastre tagliate al laser per un controllo preciso durante ogni esercizio. La Serie FM offre maniglie strategicamente posizionate per variare gli esercizi con diverse posizioni di presa. Realizzata con una struttura in acciaio rinforzato da 3 mm, la Serie FM \u00e8 progettata per resistere agli allenamenti pi\u00f9 intensi, combinando durata e comfort.<\/p>\n<p><strong>Installazione e montaggio su richiesta.<\/strong><\/p>","protected":false},"excerpt":{"rendered":"<div data-test-render-count=\"3\">\n<div class=\"mb-1 mt-1\">\n<div class=\"group relative inline-flex gap-2 bg-bg-300 rounded-xl pl-2.5 py-2.5 break-words text-text-100 transition-all max-w-[75ch] flex-col pr-6\">\n<div class=\"absolute bottom-0 right-2 pointer-events-none\">\n<div class=\"rounded-lg transition min-w-max pointer-events-auto translate-y-4 bg-bg-100\/80 backdrop-blur-sm translate-x-1 group-hover:translate-x-0.5 border-0.5 border-border-300 p-0.5 shadow-sm opacity-0 group-hover:opacity-100\">\n<div class=\"text-text-300 flex items-stretch justify-between\">\n<div class=\"flex items-center\">RealLeader Dual Adjustable Pulley FM-1002 &#8211; Kompakte Dual-Kabel-Maschine f\u00fcr vielseitige Trainingsoptionen auf kleinem Raum. Dual- und Einzel-Kabel-\u00dcbungen m\u00f6glich, unabh\u00e4ngige Gewichtst\u00fcrme je Seite, h\u00f6henverstellbare Umlenkrollen, 239 kg Gesamtgewichtsstapel. Pr\u00e4zises lasergeschnittenes Gewichtssystem mit verst\u00e4rkter 3 mm Stahlkonstruktion. 184 x 135 x 249 cm, 228 kg. Rahmen matt schwarz.<\/div>\n<\/div>\n<\/div>\n<\/div>\n<\/div>\n<\/div>\n<\/div>\n","protected":false},"featured_media":9056369,"comment_status":"closed","ping_status":"closed","template":"","meta":{"_acf_changed":false,"_gspb_post_css":""},"product_brand":[1054],"product_cat":[310],"product_tag":[],"class_list":{"0":"post-9044830","1":"product","2":"type-product","3":"status-publish","4":"has-post-thumbnail","6":"product_brand-realleader","7":"product_cat-steckgewichte","8":"product_shipping_class-nicht-stapelbar","10":"first","11":"outofstock","12":"sale","13":"taxable","14":"shipping-taxable","15":"purchasable","16":"product-type-simple"},"bundled_by":[],"bundle_stock_status":"outofstock","bundle_stock_quantity":0,"bundle_virtual":false,"bundle_layout":"","bundle_add_to_cart_form_location":"","bundle_editable_in_cart":false,"bundle_sold_individually_context":"","bundle_item_grouping":"","bundle_min_size":"","bundle_max_size":"","bundle_price":[],"bundled_items":[],"bundle_sell_ids":[],"acf":[],"df_price":4990,"df_sale_price":4990,"df_regular_price":6490,"df_image_link":"https:\/\/www.fitness-flohmarkt.ch\/wp-content\/uploads\/2xin-4_1080x1080-2_ret-3-300x300.png","_links":{"self":[{"href":"https:\/\/www.fitness-flohmarkt.ch\/it\/wp-json\/wp\/v2\/product\/9044830","targetHints":{"allow":["GET"]}}],"collection":[{"href":"https:\/\/www.fitness-flohmarkt.ch\/it\/wp-json\/wp\/v2\/product"}],"about":[{"href":"https:\/\/www.fitness-flohmarkt.ch\/it\/wp-json\/wp\/v2\/types\/product"}],"replies":[{"embeddable":true,"href":"https:\/\/www.fitness-flohmarkt.ch\/it\/wp-json\/wp\/v2\/comments?post=9044830"}],"wp:featuredmedia":[{"embeddable":true,"href":"https:\/\/www.fitness-flohmarkt.ch\/it\/wp-json\/wp\/v2\/media\/9056369"}],"wp:attachment":[{"href":"https:\/\/www.fitness-flohmarkt.ch\/it\/wp-json\/wp\/v2\/media?parent=9044830"}],"wp:term":[{"taxonomy":"product_brand","embeddable":true,"href":"https:\/\/www.fitness-flohmarkt.ch\/it\/wp-json\/wp\/v2\/product_brand?post=9044830"},{"taxonomy":"product_cat","embeddable":true,"href":"https:\/\/www.fitness-flohmarkt.ch\/it\/wp-json\/wp\/v2\/product_cat?post=9044830"},{"taxonomy":"product_tag","embeddable":true,"href":"https:\/\/www.fitness-flohmarkt.ch\/it\/wp-json\/wp\/v2\/product_tag?post=9044830"}],"curies":[{"name":"wp","href":"https:\/\/api.w.org\/{rel}","templated":true}]}}