{"id":9044767,"date":"2025-09-02T10:10:34","date_gmt":"2025-09-02T08:10:34","guid":{"rendered":"https:\/\/www.fitness-flohmarkt.ch\/produkt\/realleader-usa-seated-leg-press-m2-1009\/"},"modified":"2026-04-13T10:05:08","modified_gmt":"2026-04-13T08:05:08","slug":"realleader-pressa-per-gambe-sedute-m2-1009","status":"publish","type":"product","link":"https:\/\/www.fitness-flohmarkt.ch\/it\/produkt\/realleader-seated-leg-press-m2-1009\/","title":{"rendered":"RealLeader Pressa per gambe da seduti | M2-1009"},"content":{"rendered":"<h3>RealLeader Pressa per gambe da seduti M2-1009<\/h3>\n<p>Questa pressa per gambe orizzontale ha una pedana fissa - con la resistenza che spinge il sedile all'indietro. Questa macchina \u00e8 dotata di leve per controllare la profondit\u00e0 del sedile, consentendo una facile regolazione in base alla mobilit\u00e0 dell'utente e aumentando la sicurezza quando si usa e si lascia la macchina. Il peso viene regolato tramite un perno su una pila di pesi.<\/p>\n<ul>\n<li><span class=\"elementor-icon-list-text\">Dimensioni: 1945 x 1010 x 1715 mm<\/span><\/li>\n<li><span class=\"elementor-icon-list-text\">Peso netto: 256 kg<\/span><\/li>\n<li><span class=\"elementor-icon-list-text\">Peso della pila: 293 libbre\/133 kg<\/span><\/li>\n<\/ul>\n<p><strong>Colore:<\/strong> Struttura nera opaca, rivestimento nero con cuciture nere<\/p>\n<p><strong>Linea M2:<\/strong> L'opzione fitness di ultima generazione con meccanismo a due pulegge a scomparsa. Progettata ergonomicamente per movimenti fisiologicamente naturali, \u00e8 realizzata con un robusto profilo d'acciaio di 50 x 100 x 3 mm. Verniciatura a polvere di alta qualit\u00e0 e cuciture saldate per una gamma attraente e professionale.<\/p>","protected":false},"excerpt":{"rendered":"<p>RealLeader USA Seated Leg Press M2-1009 - Pressa per gambe orizzontale con pedana fissa e sedile mobile. Leva per il controllo della profondit\u00e0 del sedile per una regolazione ottimale e sicura, pila di pesi da 133 kg con sistema a perni. Design ergonomico per movimenti naturali. 195 x 101 x 172 cm, 256 kg. Struttura nera opaca, rivestimento nero.<\/p>","protected":false},"featured_media":9062653,"comment_status":"closed","ping_status":"closed","template":"","meta":{"_acf_changed":false,"_gspb_post_css":""},"product_brand":[1054],"product_cat":[310],"product_tag":[],"class_list":{"0":"post-9044767","1":"product","2":"type-product","3":"status-publish","4":"has-post-thumbnail","6":"product_brand-realleader","7":"product_cat-steckgewichte","8":"product_shipping_class-nicht-stapelbar","10":"first","11":"outofstock","12":"sale","13":"taxable","14":"shipping-taxable","15":"purchasable","16":"product-type-simple"},"bundled_by":[],"bundle_stock_status":"outofstock","bundle_stock_quantity":0,"bundle_virtual":false,"bundle_layout":"","bundle_add_to_cart_form_location":"","bundle_editable_in_cart":false,"bundle_sold_individually_context":"","bundle_item_grouping":"","bundle_min_size":"","bundle_max_size":"","bundle_price":[],"bundled_items":[],"bundle_sell_ids":[],"acf":[],"df_price":3990,"df_sale_price":3990,"df_regular_price":4990,"df_image_link":"https:\/\/www.fitness-flohmarkt.ch\/wp-content\/uploads\/M2-1009xin-5_1080x1080_ret-7-300x300.png","_links":{"self":[{"href":"https:\/\/www.fitness-flohmarkt.ch\/it\/wp-json\/wp\/v2\/product\/9044767","targetHints":{"allow":["GET"]}}],"collection":[{"href":"https:\/\/www.fitness-flohmarkt.ch\/it\/wp-json\/wp\/v2\/product"}],"about":[{"href":"https:\/\/www.fitness-flohmarkt.ch\/it\/wp-json\/wp\/v2\/types\/product"}],"replies":[{"embeddable":true,"href":"https:\/\/www.fitness-flohmarkt.ch\/it\/wp-json\/wp\/v2\/comments?post=9044767"}],"wp:featuredmedia":[{"embeddable":true,"href":"https:\/\/www.fitness-flohmarkt.ch\/it\/wp-json\/wp\/v2\/media\/9062653"}],"wp:attachment":[{"href":"https:\/\/www.fitness-flohmarkt.ch\/it\/wp-json\/wp\/v2\/media?parent=9044767"}],"wp:term":[{"taxonomy":"product_brand","embeddable":true,"href":"https:\/\/www.fitness-flohmarkt.ch\/it\/wp-json\/wp\/v2\/product_brand?post=9044767"},{"taxonomy":"product_cat","embeddable":true,"href":"https:\/\/www.fitness-flohmarkt.ch\/it\/wp-json\/wp\/v2\/product_cat?post=9044767"},{"taxonomy":"product_tag","embeddable":true,"href":"https:\/\/www.fitness-flohmarkt.ch\/it\/wp-json\/wp\/v2\/product_tag?post=9044767"}],"curies":[{"name":"wp","href":"https:\/\/api.w.org\/{rel}","templated":true}]}}