{"id":9036600,"date":"2025-07-24T16:10:46","date_gmt":"2025-07-24T14:10:46","guid":{"rendered":"https:\/\/www.fitness-flohmarkt.ch\/produkt\/beyond-power-ring-handle-ring-griff\/"},"modified":"2026-04-12T20:24:59","modified_gmt":"2026-04-12T18:24:59","slug":"oltre-la-potenza-maniglia-ad-anello-maniglia-ad-anello","status":"publish","type":"product","link":"https:\/\/www.fitness-flohmarkt.ch\/it\/produkt\/beyond-power-ring-handle-ring-griff\/","title":{"rendered":"Maniglia ad anello Beyond Power | Maniglia ad anello"},"content":{"rendered":"<h3>Beyond Power Ring Handle<\/h3>\n<ul class=\"[&amp;:not(:last-child)_ul]:pb-1 [&amp;:not(:last-child)_ol]:pb-1 list-disc space-y-1.5 pl-7\">\n<li class=\"whitespace-normal break-words\"><strong>32 mm Dicke f\u00fcr sicheren Griff:<\/strong> Entwickelt mit einer 32 mm Dicke, die einen komfortablen und stabilen Halt w\u00e4hrend Ihrer Trainingseinheiten gew\u00e4hrleistet.<\/li>\n<li class=\"whitespace-normal break-words\"><strong>\u00dcberlegene Tragf\u00e4higkeit:<\/strong> Entwickelt um bis zu 200 kg zu tragen, ist dieser Ringgriff f\u00fcr St\u00e4rke konzipiert und gew\u00e4hrleistet zuverl\u00e4ssige Leistung in jeder Situation.<\/li>\n<li class=\"whitespace-normal break-words\"><strong>Premium-Materialien:<\/strong> Gefertigt aus hochwertigem Ahornholz, verst\u00e4rktem Stahl und strapazierf\u00e4higem Gummi verbindet dieser Griff Eleganz mit dauerhafter Haltbarkeit.<\/li>\n<\/ul>\n","protected":false},"excerpt":{"rendered":"<p>Beyond Power \u00e8 sinonimo di accessori per l'allenamento funzionale caratterizzati da una lavorazione di alta qualit\u00e0, facilit\u00e0 d'uso e versatilit\u00e0. Questa carrucola pu\u00f2 essere combinata con le maniglie, i collegamenti e le prolunghe del sistema Beyond Power.<\/p>","protected":false},"featured_media":9064026,"comment_status":"closed","ping_status":"closed","template":"","meta":{"_acf_changed":false,"_gspb_post_css":""},"product_brand":[1549],"product_cat":[813,319,815,304],"product_tag":[],"class_list":{"0":"post-9036600","1":"product","2":"type-product","3":"status-publish","4":"has-post-thumbnail","6":"product_brand-beyond-power","7":"product_cat-fg-diverse","8":"product_cat-fitness-zubehoer","9":"product_cat-griffe-kabelzug","10":"product_cat-reha-physio","11":"pa_artikel-pro-verkaufseinheit-1x","12":"pa_farbe-helles-holz","13":"pa_fitness-zubehoertyp-kabelzuggriff","14":"pa_lieferumfang-1x-kabelzuggriff","15":"pa_material-holz","17":"first","18":"instock","19":"taxable","20":"shipping-taxable","21":"purchasable","22":"product-type-simple"},"bundled_by":[],"bundle_stock_status":"instock","bundle_stock_quantity":3,"bundle_virtual":false,"bundle_layout":"","bundle_add_to_cart_form_location":"","bundle_editable_in_cart":false,"bundle_sold_individually_context":"","bundle_item_grouping":"","bundle_min_size":"","bundle_max_size":"","bundle_price":[],"bundled_items":[],"bundle_sell_ids":[],"acf":[],"df_price":65,"df_sale_price":"","df_regular_price":65,"df_image_link":"https:\/\/www.fitness-flohmarkt.ch\/wp-content\/uploads\/beyond-power-turnring_1920x1920-25-300x300.avif","_links":{"self":[{"href":"https:\/\/www.fitness-flohmarkt.ch\/it\/wp-json\/wp\/v2\/product\/9036600","targetHints":{"allow":["GET"]}}],"collection":[{"href":"https:\/\/www.fitness-flohmarkt.ch\/it\/wp-json\/wp\/v2\/product"}],"about":[{"href":"https:\/\/www.fitness-flohmarkt.ch\/it\/wp-json\/wp\/v2\/types\/product"}],"replies":[{"embeddable":true,"href":"https:\/\/www.fitness-flohmarkt.ch\/it\/wp-json\/wp\/v2\/comments?post=9036600"}],"wp:featuredmedia":[{"embeddable":true,"href":"https:\/\/www.fitness-flohmarkt.ch\/it\/wp-json\/wp\/v2\/media\/9064026"}],"wp:attachment":[{"href":"https:\/\/www.fitness-flohmarkt.ch\/it\/wp-json\/wp\/v2\/media?parent=9036600"}],"wp:term":[{"taxonomy":"product_brand","embeddable":true,"href":"https:\/\/www.fitness-flohmarkt.ch\/it\/wp-json\/wp\/v2\/product_brand?post=9036600"},{"taxonomy":"product_cat","embeddable":true,"href":"https:\/\/www.fitness-flohmarkt.ch\/it\/wp-json\/wp\/v2\/product_cat?post=9036600"},{"taxonomy":"product_tag","embeddable":true,"href":"https:\/\/www.fitness-flohmarkt.ch\/it\/wp-json\/wp\/v2\/product_tag?post=9036600"}],"curies":[{"name":"wp","href":"https:\/\/api.w.org\/{rel}","templated":true}]}}