{"id":9036478,"date":"2025-07-24T15:32:12","date_gmt":"2025-07-24T13:32:12","guid":{"rendered":"https:\/\/www.fitness-flohmarkt.ch\/produkt\/beyond-power-diy-dock-halterung\/"},"modified":"2026-04-15T11:50:37","modified_gmt":"2026-04-15T09:50:37","slug":"supporto-per-dock-fai-da-te-beyond-power","status":"publish","type":"product","link":"https:\/\/www.fitness-flohmarkt.ch\/it\/produkt\/beyond-power-diy-dock-halterung\/","title":{"rendered":"Staffa per dock fai-da-te Beyond Power"},"content":{"rendered":"<h3 class=\"whitespace-normal break-words\">Beyond Power DIY Dock<\/h3>\n<p class=\"font-claude-response-body break-words whitespace-normal leading-[1.7]\">Der Edelstahl-Montagepunkt erweitert die M\u00f6glichkeiten Ihres VOLTRA I \u2013 mehr Orte, mehr Freiheit, mehr Flexibilit\u00e4t. Montieren Sie Ihr Ger\u00e4t \u00fcberall dort, wo Sie es brauchen.<\/p>\n<ul class=\"[li_&amp;]:mb-0 [li_&amp;]:mt-1 [li_&amp;]:gap-1 [&amp;:not(:last-child)_ul]:pb-1 [&amp;:not(:last-child)_ol]:pb-1 list-disc flex flex-col gap-1 pl-8 mb-3\">\n<li class=\"whitespace-normal break-words pl-2\"><strong>Vielseitig und flexibel:<\/strong> Sichern Sie Ihr VOLTRA I an mehr Orten als je zuvor. Der Montagepunkt erschliesst neue Befestigungsm\u00f6glichkeiten und gibt Ihnen die Freiheit, gross zu denken.<\/li>\n<li class=\"whitespace-normal break-words pl-2\"><strong>Polierte Perfektion:<\/strong> Plasma-poliert f\u00fcr eine gleichm\u00e4ssige, brillante Oberfl\u00e4che \u2013 der Montagepunkt ist nicht nur funktional, sondern auch ein optisches Highlight an jedem Ort.<\/li>\n<li class=\"whitespace-normal break-words pl-2\"><strong>Edelstahlst\u00e4rke:<\/strong> Gefertigt aus hochwertigem, rostfreiem Stahl f\u00fcr maximale Belastbarkeit und Langlebigkeit. Zuverl\u00e4ssig im Alltag und best\u00e4ndig gegen\u00fcber \u00e4usseren Einfl\u00fcssen.<\/li>\n<li class=\"whitespace-normal break-words pl-2\"><strong>Einfache Installation:<\/strong> Entwickelt f\u00fcr ein reibungsloses DIY-Erlebnis \u2013 schnelle Montage ohne Kompromisse, damit Sie Ihr VOLTRA I in k\u00fcrzester Zeit einsatzbereit haben.<\/li>\n<\/ul>\n","protected":false},"excerpt":{"rendered":"<p>Beyond Power \u00e8 sinonimo di accessori per l'allenamento funzionale caratterizzati da una lavorazione di alta qualit\u00e0, facilit\u00e0 d'uso e versatilit\u00e0. Questa carrucola pu\u00f2 essere combinata con le maniglie, i collegamenti e le prolunghe del sistema Beyond Power.<\/p>","protected":false},"featured_media":9064702,"comment_status":"closed","ping_status":"closed","template":"","meta":{"_acf_changed":false,"_gspb_post_css":""},"product_brand":[1549],"product_cat":[813,319,304],"product_tag":[],"class_list":{"0":"post-9036478","1":"product","2":"type-product","3":"status-publish","4":"has-post-thumbnail","6":"product_brand-beyond-power","7":"product_cat-fg-diverse","8":"product_cat-fitness-zubehoer","9":"product_cat-reha-physio","10":"pa_artikel-pro-verkaufseinheit-1x","11":"pa_farbe-chrom","12":"pa_fitness-zubehoertyp-rack-attachment","13":"pa_lieferumfang-1x-rack-attachement","14":"pa_material-aluminium","16":"first","17":"instock","18":"taxable","19":"shipping-taxable","20":"purchasable","21":"product-type-simple"},"bundled_by":[],"bundle_stock_status":"instock","bundle_stock_quantity":7,"bundle_virtual":false,"bundle_layout":"","bundle_add_to_cart_form_location":"","bundle_editable_in_cart":false,"bundle_sold_individually_context":"","bundle_item_grouping":"","bundle_min_size":"","bundle_max_size":"","bundle_price":[],"bundled_items":[],"bundle_sell_ids":[],"acf":[],"df_price":49,"df_sale_price":"","df_regular_price":49,"df_image_link":"https:\/\/www.fitness-flohmarkt.ch\/wp-content\/uploads\/Hintergrund-von-\u201edock_1-entfernt-300x300.avif","_links":{"self":[{"href":"https:\/\/www.fitness-flohmarkt.ch\/it\/wp-json\/wp\/v2\/product\/9036478","targetHints":{"allow":["GET"]}}],"collection":[{"href":"https:\/\/www.fitness-flohmarkt.ch\/it\/wp-json\/wp\/v2\/product"}],"about":[{"href":"https:\/\/www.fitness-flohmarkt.ch\/it\/wp-json\/wp\/v2\/types\/product"}],"replies":[{"embeddable":true,"href":"https:\/\/www.fitness-flohmarkt.ch\/it\/wp-json\/wp\/v2\/comments?post=9036478"}],"wp:featuredmedia":[{"embeddable":true,"href":"https:\/\/www.fitness-flohmarkt.ch\/it\/wp-json\/wp\/v2\/media\/9064702"}],"wp:attachment":[{"href":"https:\/\/www.fitness-flohmarkt.ch\/it\/wp-json\/wp\/v2\/media?parent=9036478"}],"wp:term":[{"taxonomy":"product_brand","embeddable":true,"href":"https:\/\/www.fitness-flohmarkt.ch\/it\/wp-json\/wp\/v2\/product_brand?post=9036478"},{"taxonomy":"product_cat","embeddable":true,"href":"https:\/\/www.fitness-flohmarkt.ch\/it\/wp-json\/wp\/v2\/product_cat?post=9036478"},{"taxonomy":"product_tag","embeddable":true,"href":"https:\/\/www.fitness-flohmarkt.ch\/it\/wp-json\/wp\/v2\/product_tag?post=9036478"}],"curies":[{"name":"wp","href":"https:\/\/api.w.org\/{rel}","templated":true}]}}