{"id":9036144,"date":"2025-07-23T09:51:05","date_gmt":"2025-07-23T07:51:05","guid":{"rendered":"https:\/\/www.fitness-flohmarkt.ch\/produkt\/atx-foam-bench-schaumstoff-multibox\/"},"modified":"2026-04-20T14:52:32","modified_gmt":"2026-04-20T12:52:32","slug":"panchina-in-schiuma-atx-multibox","status":"publish","type":"product","link":"https:\/\/www.fitness-flohmarkt.ch\/it\/produkt\/atx-foam-bench-schaumstoff-multibox\/","title":{"rendered":"Panca in schiuma ATX | Multibox in schiuma"},"content":{"rendered":"<h3><strong>ATX<sup>\u00ae<\/sup>\u00a0Panchina Multi FOAM<\/strong><\/h3>\n<p><strong>Blocco di schiuma - Panchina \/ Multibox<\/strong><\/p>\n<p><strong>L'ATX<sup>\u00ae<\/sup>\u00a0Foam Bench \u00e8 un blocco multifunzionale realizzato in schiuma di alta qualit\u00e0.<\/strong><\/p>\n<p>Grazie alle sue dimensioni e all'alta densit\u00e0 di pressione, questo blocco \u00e8 ideale per essere utilizzato come panca piana. \u00c8 possibile eseguire molti esercizi con manubri, preferibilmente con manubri, ad es: movimenti di volo, trazioni, pressioni su panca piana o spinte d'anca con bilancieri. Il blocco pu\u00f2 essere utilizzato anche come step box o jump box. Semplicemente capovolgendo il box, si possono ottenere due diverse altezze di salto e il blocco di schiuma pu\u00f2 essere spostato\/riposizionato in modo facile e veloce.<\/p>\n<p>L'anima interna \u00e8 realizzata in schiuma composita molto resistente alla pressione e durevole, il rivestimento \u00e8 in plastica di alta qualit\u00e0 ed \u00e8 molto facile da pulire.<\/p>\n<p><strong>I VANTAGGI IN SINTESI<\/strong><\/p>\n<ul>\n<li>Blocco di schiuma multifunzionale<\/li>\n<li>Ideale come panca piana o box da salto<\/li>\n<li>Nucleo interno in schiuma composita di alta qualit\u00e0<\/li>\n<li>Guaina resistente<\/li>\n<li>Per impieghi gravosi - fino a 200 kg<\/li>\n<li>Molto pratico, versatile, facile da usare e silenzioso<\/li>\n<\/ul>","protected":false},"excerpt":{"rendered":"<p>Blocco di schiuma multifunzionale da utilizzare come panca piana, step o jump box. La panca ATX\u00ae Multi FOAM Bench \u00e8 dimensionalmente stabile, facile da pulire e pu\u00f2 sostenere carichi fino a 200 kg. Ideale per l'allenamento con i pesi, le spinte d'anca e gli esercizi pliometrici. Due altezze di salto semplicemente ruotando il box. Silenziosa, delicata sul pavimento e flessibile nell'utilizzo.<\/p>","protected":false},"featured_media":9065065,"comment_status":"closed","ping_status":"closed","template":"","meta":{"_acf_changed":false,"_gspb_post_css":""},"product_brand":[1039],"product_cat":[818,813,319,358],"product_tag":[],"class_list":{"0":"post-9036144","1":"product","2":"type-product","3":"status-publish","4":"has-post-thumbnail","6":"product_brand-atx","7":"product_cat-conditioning","8":"product_cat-fg-diverse","9":"product_cat-fitness-zubehoer","10":"product_cat-hantelbaenke","11":"pa_anzahl-hoehenstufen-1162","12":"pa_artikel-pro-verkaufseinheit-1x","13":"pa_breite-30-cm","14":"pa_farbe-schwarz","15":"pa_fitness-zubehoertyp-step-und-sprungboxen","16":"pa_gewicht-17-kg","17":"pa_griffe-nein","18":"pa_hoehe-40-cm","19":"pa_kernmaterial-verbundschaum","20":"pa_laenge-100-cm","21":"pa_lieferumfang-1x-jump-box","22":"pa_max-belastung-200-kg","23":"pa_max-hoehe-100-cm","24":"pa_min-hoehe-30-cm","25":"pa_oberflaeche-nylon","26":"pa_step-sprungboxtyp-plyo-box","28":"first","29":"outofstock","30":"taxable","31":"shipping-taxable","32":"purchasable","33":"product-type-simple"},"bundled_by":[],"bundle_stock_status":"outofstock","bundle_stock_quantity":-1,"bundle_virtual":false,"bundle_layout":"","bundle_add_to_cart_form_location":"","bundle_editable_in_cart":false,"bundle_sold_individually_context":"","bundle_item_grouping":"","bundle_min_size":"","bundle_max_size":"","bundle_price":[],"bundled_items":[],"bundle_sell_ids":[],"acf":[],"df_price":249,"df_sale_price":"","df_regular_price":249,"df_image_link":"https:\/\/www.fitness-flohmarkt.ch\/wp-content\/uploads\/atx-fob-100_01-20-300x300.webp","_links":{"self":[{"href":"https:\/\/www.fitness-flohmarkt.ch\/it\/wp-json\/wp\/v2\/product\/9036144","targetHints":{"allow":["GET"]}}],"collection":[{"href":"https:\/\/www.fitness-flohmarkt.ch\/it\/wp-json\/wp\/v2\/product"}],"about":[{"href":"https:\/\/www.fitness-flohmarkt.ch\/it\/wp-json\/wp\/v2\/types\/product"}],"replies":[{"embeddable":true,"href":"https:\/\/www.fitness-flohmarkt.ch\/it\/wp-json\/wp\/v2\/comments?post=9036144"}],"wp:featuredmedia":[{"embeddable":true,"href":"https:\/\/www.fitness-flohmarkt.ch\/it\/wp-json\/wp\/v2\/media\/9065065"}],"wp:attachment":[{"href":"https:\/\/www.fitness-flohmarkt.ch\/it\/wp-json\/wp\/v2\/media?parent=9036144"}],"wp:term":[{"taxonomy":"product_brand","embeddable":true,"href":"https:\/\/www.fitness-flohmarkt.ch\/it\/wp-json\/wp\/v2\/product_brand?post=9036144"},{"taxonomy":"product_cat","embeddable":true,"href":"https:\/\/www.fitness-flohmarkt.ch\/it\/wp-json\/wp\/v2\/product_cat?post=9036144"},{"taxonomy":"product_tag","embeddable":true,"href":"https:\/\/www.fitness-flohmarkt.ch\/it\/wp-json\/wp\/v2\/product_tag?post=9036144"}],"curies":[{"name":"wp","href":"https:\/\/api.w.org\/{rel}","templated":true}]}}