{"id":9036121,"date":"2025-07-23T09:30:55","date_gmt":"2025-07-23T07:30:55","guid":{"rendered":"https:\/\/www.fitness-flohmarkt.ch\/produkt\/atx-interval-digitaler-timer-medium-mit-akku-ladegeraet\/"},"modified":"2026-04-20T14:53:08","modified_gmt":"2026-04-20T12:53:08","slug":"timer-digitale-ad-intervalli-atx-medium-con-caricabatteria","status":"publish","type":"product","link":"https:\/\/www.fitness-flohmarkt.ch\/it\/produkt\/atx-interval-digitaler-timer-medium-mit-akku-ladegeraet\/","title":{"rendered":"Timer digitale a intervalli ATX Medium | con batteria e caricatore"},"content":{"rendered":"<h3>Timer a intervalli ATX\u00ae - Medio - con batteria e caricabatterie<\/h3>\n<p>Timer a intervalli programmabile per palestre, club e associazioni sportive<\/p>\n<p>L'Interval Timer ATX\u00ae offre diversi intervalli preimpostati e autoprogrammabili per un allenamento personalizzato. Il display LED cristallino mostra l'ora in rosso e informazioni aggiuntive come il numero di giri in verde, con cifre alte 4,5 cm facili da leggere anche a grande distanza. Inoltre, i numeri verdi sono pi\u00f9 visibili rispetto a quelli blu dei timer analoghi e lo speciale vetro smerigliato evita che il display si rifletta in modo fastidioso.<\/p>\n<p>Sul timer \u00e8 possibile memorizzare fino a 10 programmi definiti dall'utente, con il numero di giri, il tempo di allenamento e il tempo di pausa impostati in base alle tue esigenze. Puoi anche utilizzare le funzioni di conto alla rovescia e conto alla rovescia, una funzione di cronometro o uno dei timer preimpostati come Tabata e Fight Gone Bad. Il timer pu\u00f2 essere facilmente controllato e programmato utilizzando il telecomando in dotazione. Quando non viene utilizzato, il timer pu\u00f2 essere spento o visualizzato come orologio.<\/p>\n<p>L'Interval Timer \u00e8 dotato di una batteria ricaricabile interna che pu\u00f2 essere ricaricata utilizzando il caricatore e il cavo di ricarica inclusi nella confezione. In alternativa, il timer pu\u00f2 essere ricaricato anche tramite un power bank da 5 V (non incluso).<\/p>\n<h3>Riepilogo delle propriet\u00e0<\/h3>\n<ul>\n<li>Timer digitale a intervalli con vari programmi e display<\/li>\n<li>Display a 6 cifre con numeri alti 4,5 cm, leggibili a diverse centinaia di metri di distanza.<\/li>\n<li>Lo speciale vetro smerigliato evita i fastidiosi riflessi sul display<\/li>\n<li>Robusto alloggiamento in alluminio che pu\u00f2 essere fissato alla parete<\/li>\n<li>Timer a intervalli con tempo di allenamento, tempo di pausa e numero di giri programmabili<\/li>\n<li>Possono essere salvati fino a 10 programmi definiti dall'utente<\/li>\n<li>Aggiunta e conto alla rovescia a partire da un tempo impostato tra le 00:00 e le 99:59<\/li>\n<li>Funzione di cronometro con una precisione di 1\/100 di secondo<\/li>\n<li>Diversi timer preimpostati, tra cui Tabata e Fight Gone Bad<\/li>\n<li>Conto alla rovescia opzionale di 10 secondi prima dell'inizio di un programma<\/li>\n<li>Un forte segnale acustico per indicare l'inizio, la fine, le pause e le modifiche<\/li>\n<\/ul>","protected":false},"excerpt":{"rendered":"<p>Intervallometro ATX programmabile con display a LED e batteria ricaricabile per l'uso in palestra o al club. Visualizza chiaramente il tempo, i giri e le fasi di allenamento. Memorizza fino a 10 programmi personalizzati e offre modalit\u00e0 preimpostate come Tabata. Con telecomando, funzione cronometro, conto alla rovescia e segnale acustico per l'inizio, la fine e le pause.<\/p>","protected":false},"featured_media":9065070,"comment_status":"closed","ping_status":"closed","template":"","meta":{"_acf_changed":false,"_gspb_post_css":""},"product_brand":[1039],"product_cat":[819],"product_tag":[],"class_list":{"0":"post-9036121","1":"product","2":"type-product","3":"status-publish","4":"has-post-thumbnail","6":"product_brand-atx","7":"product_cat-digital-timer","8":"pa_artikel-pro-verkaufseinheit-1x","9":"pa_breite-10-cm","10":"pa_farbe-schwarz","11":"pa_fitness-zubehoertyp-digital-timer","12":"pa_gewicht-2-kg","13":"pa_hoehe-5-cm","14":"pa_laenge-31-cm","15":"pa_lieferumfang-1x-bedienungsanleitung","16":"pa_lieferumfang-1x-digital-timer","17":"pa_lieferumfang-1x-ladekabel","18":"pa_lieferumfang-1x-remote","19":"pa_material-aluminium","20":"pa_material-glas","22":"first","23":"instock","24":"taxable","25":"shipping-taxable","26":"purchasable","27":"product-type-simple"},"bundled_by":[],"bundle_stock_status":"instock","bundle_stock_quantity":10,"bundle_virtual":false,"bundle_layout":"","bundle_add_to_cart_form_location":"","bundle_editable_in_cart":false,"bundle_sold_individually_context":"","bundle_item_grouping":"","bundle_min_size":"","bundle_max_size":"","bundle_price":[],"bundled_items":[],"bundle_sell_ids":[],"acf":[],"df_price":179,"df_sale_price":"","df_regular_price":179,"df_image_link":"https:\/\/www.fitness-flohmarkt.ch\/wp-content\/uploads\/atx-tmr-20_01_neu-27-300x300.webp","_links":{"self":[{"href":"https:\/\/www.fitness-flohmarkt.ch\/it\/wp-json\/wp\/v2\/product\/9036121","targetHints":{"allow":["GET"]}}],"collection":[{"href":"https:\/\/www.fitness-flohmarkt.ch\/it\/wp-json\/wp\/v2\/product"}],"about":[{"href":"https:\/\/www.fitness-flohmarkt.ch\/it\/wp-json\/wp\/v2\/types\/product"}],"replies":[{"embeddable":true,"href":"https:\/\/www.fitness-flohmarkt.ch\/it\/wp-json\/wp\/v2\/comments?post=9036121"}],"wp:featuredmedia":[{"embeddable":true,"href":"https:\/\/www.fitness-flohmarkt.ch\/it\/wp-json\/wp\/v2\/media\/9065070"}],"wp:attachment":[{"href":"https:\/\/www.fitness-flohmarkt.ch\/it\/wp-json\/wp\/v2\/media?parent=9036121"}],"wp:term":[{"taxonomy":"product_brand","embeddable":true,"href":"https:\/\/www.fitness-flohmarkt.ch\/it\/wp-json\/wp\/v2\/product_brand?post=9036121"},{"taxonomy":"product_cat","embeddable":true,"href":"https:\/\/www.fitness-flohmarkt.ch\/it\/wp-json\/wp\/v2\/product_cat?post=9036121"},{"taxonomy":"product_tag","embeddable":true,"href":"https:\/\/www.fitness-flohmarkt.ch\/it\/wp-json\/wp\/v2\/product_tag?post=9036121"}],"curies":[{"name":"wp","href":"https:\/\/api.w.org\/{rel}","templated":true}]}}