{"id":9032512,"date":"2025-06-30T15:30:57","date_gmt":"2025-06-30T13:30:57","guid":{"rendered":"https:\/\/www.fitness-flohmarkt.ch\/produkt\/belt-strap-safety-notablagen-zubehoer-power-rack\/"},"modified":"2026-03-01T23:15:41","modified_gmt":"2026-03-01T22:15:41","slug":"cintura-di-sicurezza-sicurezza-emergenza-stoccaggio-accessori-power-rack","status":"publish","type":"product","link":"https:\/\/www.fitness-flohmarkt.ch\/it\/produkt\/belt-strap-safety-notablagen-zubehoer-power-rack\/","title":{"rendered":"Cinghia di sicurezza Rack di emergenza | Accessori Power Rack"},"content":{"rendered":"<h3>Cinghia di sicurezza per cremagliere di emergenza - Cinghie di sicurezza regolabili per cremagliere di alimentazione<\/h3>\n<p>I supporti di emergenza Belt Strap Safety offrono la massima sicurezza durante l'allenamento nel Power Rack, soprattutto durante esercizi come squat o panca. Grazie alla chiusura a J, le cinghie possono essere regolate in altezza in modo semplice e veloce per adattarsi in modo flessibile alle diverse esigenze di allenamento. Le cinghie sono disponibili in due diverse lunghezze e sono costruite in modo cos\u00ec robusto da poter sostenere pi\u00f9 peso di quanto un bilanciere possa mai fare. La lavorazione di alta qualit\u00e0 garantisce una lunga durata, anche in caso di uso intensivo. Perfette per tutti coloro che danno priorit\u00e0 alla sicurezza e alla resistenza durante gli allenamenti di forza.<\/p>\n<p><strong data-start=\"640\" data-end=\"675\">Compatibile con i seguenti rack:<\/strong><\/p>\n<ul>\n<li>F-55936 - Power Rack Professional (dall'anno 2023)<\/li>\n<li>F-42718 - Power Rack pieghevole<\/li>\n<li>F-28587 - Mezzo rack aperto<\/li>\n<\/ul>\n<p><strong>Nota:<\/strong> Prezzo al paio.<\/p>","protected":false},"excerpt":{"rendered":"<p>I supporti di emergenza Belt Strap Safety offrono la massima sicurezza durante gli squat e gli allenamenti di forza pesanti. Grazie alla chiusura a J, possono essere regolati rapidamente in altezza. Estremamente resistenti, sono ideali per un allenamento intenso e sicuro.<\/p>","protected":false},"featured_media":9032500,"comment_status":"open","ping_status":"closed","template":"","meta":{"_acf_changed":false,"_gspb_post_css":""},"product_brand":[1000],"product_cat":[950],"product_tag":[],"class_list":{"0":"post-9032512","1":"product","2":"type-product","3":"status-publish","4":"has-post-thumbnail","6":"product_brand-fitcom","7":"product_cat-rr-zubehoer","8":"pa_artikel-pro-verkaufseinheit-2x","9":"pa_farbe-schwarz","10":"pa_fitness-zubehoertyp-rack-attachment","11":"pa_lieferumfang-2x-rack-attachment","12":"pa_verstellbar-nein","14":"first","15":"instock","16":"taxable","17":"shipping-taxable","18":"purchasable","19":"product-type-simple"},"bundled_by":[],"bundle_stock_status":"instock","bundle_stock_quantity":9,"bundle_virtual":false,"bundle_layout":"","bundle_add_to_cart_form_location":"","bundle_editable_in_cart":false,"bundle_sold_individually_context":"","bundle_item_grouping":"","bundle_min_size":"","bundle_max_size":"","bundle_price":[],"bundled_items":[],"bundle_sell_ids":[],"acf":[],"df_price":120,"df_sale_price":"","df_regular_price":120,"df_image_link":"https:\/\/www.fitness-flohmarkt.ch\/wp-content\/uploads\/F-34898_Belt-Strap-Safety-Notablagen-Zubehoer-Power-Rack_0-20250630-133056-300x300.jpg","_links":{"self":[{"href":"https:\/\/www.fitness-flohmarkt.ch\/it\/wp-json\/wp\/v2\/product\/9032512","targetHints":{"allow":["GET"]}}],"collection":[{"href":"https:\/\/www.fitness-flohmarkt.ch\/it\/wp-json\/wp\/v2\/product"}],"about":[{"href":"https:\/\/www.fitness-flohmarkt.ch\/it\/wp-json\/wp\/v2\/types\/product"}],"replies":[{"embeddable":true,"href":"https:\/\/www.fitness-flohmarkt.ch\/it\/wp-json\/wp\/v2\/comments?post=9032512"}],"wp:featuredmedia":[{"embeddable":true,"href":"https:\/\/www.fitness-flohmarkt.ch\/it\/wp-json\/wp\/v2\/media\/9032500"}],"wp:attachment":[{"href":"https:\/\/www.fitness-flohmarkt.ch\/it\/wp-json\/wp\/v2\/media?parent=9032512"}],"wp:term":[{"taxonomy":"product_brand","embeddable":true,"href":"https:\/\/www.fitness-flohmarkt.ch\/it\/wp-json\/wp\/v2\/product_brand?post=9032512"},{"taxonomy":"product_cat","embeddable":true,"href":"https:\/\/www.fitness-flohmarkt.ch\/it\/wp-json\/wp\/v2\/product_cat?post=9032512"},{"taxonomy":"product_tag","embeddable":true,"href":"https:\/\/www.fitness-flohmarkt.ch\/it\/wp-json\/wp\/v2\/product_tag?post=9032512"}],"curies":[{"name":"wp","href":"https:\/\/api.w.org\/{rel}","templated":true}]}}