{"id":9030607,"date":"2025-06-18T17:10:24","date_gmt":"2025-06-18T15:10:24","guid":{"rendered":"https:\/\/www.fitness-flohmarkt.ch\/produkt\/beyond-power-bar-mount-stangenbefestigung\/"},"modified":"2026-04-20T16:55:22","modified_gmt":"2026-04-20T14:55:22","slug":"oltre-la-barra-di-alimentazione-montaggio-barra-di-montaggio","status":"publish","type":"product","link":"https:\/\/www.fitness-flohmarkt.ch\/it\/produkt\/beyond-power-bar-mount-stangenbefestigung\/","title":{"rendered":"Supporto per barra di alimentazione Beyond"},"content":{"rendered":"<h3 data-start=\"88\" data-end=\"480\">Montaggio a barra fissa Beyond Power<\/h3>\n<p data-start=\"88\" data-end=\"480\">Il supporto da barra \u00e8 stato progettato appositamente per montare VOLTRA I su barre rotonde in modo flessibile e convince per il suo design robusto e l'uso intuitivo. Grazie al robusto meccanismo di bloccaggio, il dispositivo pu\u00f2 essere fissato in modo sicuro a qualsiasi barra con un diametro compreso tra 2,54 e 5,08 cm: l'ideale per le barre di trazione, le traverse o altri punti di aggancio rotondi nell'area di allenamento.<\/p>\n<p data-start=\"482\" data-end=\"807\">Una volta montato, l'attacco alla barra \u00e8 affidabile e permette di allenarsi in modo versatile in quasi tutti i luoghi, senza bisogno di un rack aggiuntivo. Questo rende VOLTRA I un vero e proprio tuttofare per un'ampia gamma di esercizi ai cavi.<\/p>","protected":false},"excerpt":{"rendered":"<p>Beyond Power \u00e8 sinonimo di accessori per l'allenamento funzionale caratterizzati da una lavorazione di alta qualit\u00e0, facilit\u00e0 d'uso e versatilit\u00e0. Questa carrucola pu\u00f2 essere combinata con le maniglie, i collegamenti e le prolunghe del sistema Beyond Power.<\/p>","protected":false},"featured_media":9060339,"comment_status":"closed","ping_status":"closed","template":"","meta":{"_acf_changed":false,"_gspb_post_css":""},"product_brand":[1549],"product_cat":[813,319,304],"product_tag":[],"class_list":{"0":"post-9030607","1":"product","2":"type-product","3":"status-publish","4":"has-post-thumbnail","6":"product_brand-beyond-power","7":"product_cat-fg-diverse","8":"product_cat-fitness-zubehoer","9":"product_cat-reha-physio","10":"pa_artikel-pro-verkaufseinheit-2x","11":"pa_farbe-chrom","12":"pa_fitness-zubehoertyp-rack-attachment","13":"pa_kernmaterial-aluminium","14":"pa_lieferumfang-2x-rack-attachment","16":"first","17":"instock","18":"taxable","19":"shipping-taxable","20":"purchasable","21":"product-type-simple"},"bundled_by":[],"bundle_stock_status":"instock","bundle_stock_quantity":6,"bundle_virtual":false,"bundle_layout":"","bundle_add_to_cart_form_location":"","bundle_editable_in_cart":false,"bundle_sold_individually_context":"","bundle_item_grouping":"","bundle_min_size":"","bundle_max_size":"","bundle_price":[],"bundled_items":[],"bundle_sell_ids":[],"acf":[],"df_price":149,"df_sale_price":"","df_regular_price":149,"df_image_link":"https:\/\/www.fitness-flohmarkt.ch\/wp-content\/uploads\/beyond-power-bar-mount-22-300x300.webp","_links":{"self":[{"href":"https:\/\/www.fitness-flohmarkt.ch\/it\/wp-json\/wp\/v2\/product\/9030607","targetHints":{"allow":["GET"]}}],"collection":[{"href":"https:\/\/www.fitness-flohmarkt.ch\/it\/wp-json\/wp\/v2\/product"}],"about":[{"href":"https:\/\/www.fitness-flohmarkt.ch\/it\/wp-json\/wp\/v2\/types\/product"}],"replies":[{"embeddable":true,"href":"https:\/\/www.fitness-flohmarkt.ch\/it\/wp-json\/wp\/v2\/comments?post=9030607"}],"wp:featuredmedia":[{"embeddable":true,"href":"https:\/\/www.fitness-flohmarkt.ch\/it\/wp-json\/wp\/v2\/media\/9060339"}],"wp:attachment":[{"href":"https:\/\/www.fitness-flohmarkt.ch\/it\/wp-json\/wp\/v2\/media?parent=9030607"}],"wp:term":[{"taxonomy":"product_brand","embeddable":true,"href":"https:\/\/www.fitness-flohmarkt.ch\/it\/wp-json\/wp\/v2\/product_brand?post=9030607"},{"taxonomy":"product_cat","embeddable":true,"href":"https:\/\/www.fitness-flohmarkt.ch\/it\/wp-json\/wp\/v2\/product_cat?post=9030607"},{"taxonomy":"product_tag","embeddable":true,"href":"https:\/\/www.fitness-flohmarkt.ch\/it\/wp-json\/wp\/v2\/product_tag?post=9030607"}],"curies":[{"name":"wp","href":"https:\/\/api.w.org\/{rel}","templated":true}]}}