{"id":9029978,"date":"2025-06-16T15:24:18","date_gmt":"2025-06-16T13:24:18","guid":{"rendered":"https:\/\/www.fitness-flohmarkt.ch\/produkt\/beyond-power-rotator-add-on-zusatz-fuer-anymount\/"},"modified":"2026-03-01T23:16:56","modified_gmt":"2026-03-01T22:16:56","slug":"oltre-il-rotatore-di-potenza-per-anymount","status":"publish","type":"product","link":"https:\/\/www.fitness-flohmarkt.ch\/it\/produkt\/beyond-power-rotator-add-on-zusatz-fuer-anymount\/","title":{"rendered":"Oltre Power Rotator Add-on | Add-on per AnyMount"},"content":{"rendered":"<h3>Componente aggiuntivo del rotatore Beyond Power<\/h3>\n<p>Il Rotator Add-on conferisce al VOLTRA I una nuova dimensione di libert\u00e0 di movimento. Con la sua funzione di rotazione a 120\u00b0, consente rotazioni fluide e controllate per gli esercizi di voga, per le braccia e per il core, sia in orizzontale che in verticale.<\/p>\n<p>Il sistema integrato a doppia chiusura assicura una presa salda su ogni AnyMount, mentre i materiali in alluminio e acciaio di alta qualit\u00e0 garantiscono la massima stabilit\u00e0 e durata. Facile da montare e subito pronto all'uso, per una maggiore versatilit\u00e0 di allenamento in qualsiasi configurazione.<\/p>","protected":false},"excerpt":{"rendered":"<p>Beyond Power \u00e8 sinonimo di accessori per l'allenamento funzionale caratterizzati da una lavorazione di alta qualit\u00e0, facilit\u00e0 d'uso e versatilit\u00e0. Questa carrucola pu\u00f2 essere combinata con le maniglie, i collegamenti e le prolunghe del sistema Beyond Power.<\/p>","protected":false},"featured_media":9060334,"comment_status":"closed","ping_status":"closed","template":"","meta":{"_acf_changed":false,"_gspb_post_css":""},"product_brand":[1549],"product_cat":[813,319,304],"product_tag":[],"class_list":{"0":"post-9029978","1":"product","2":"type-product","3":"status-publish","4":"has-post-thumbnail","6":"product_brand-beyond-power","7":"product_cat-fg-diverse","8":"product_cat-fitness-zubehoer","9":"product_cat-reha-physio","10":"pa_artikel-pro-verkaufseinheit-1x","11":"pa_farbe-grau","12":"pa_fitness-zubehoertyp-rack-attachment","13":"pa_lieferumfang-1x-rack-attachement","14":"pa_material-aluminium","16":"first","17":"instock","18":"taxable","19":"shipping-taxable","20":"purchasable","21":"product-type-simple"},"bundled_by":[],"bundle_stock_status":"instock","bundle_stock_quantity":8,"bundle_virtual":false,"bundle_layout":"","bundle_add_to_cart_form_location":"","bundle_editable_in_cart":false,"bundle_sold_individually_context":"","bundle_item_grouping":"","bundle_min_size":"","bundle_max_size":"","bundle_price":[],"bundled_items":[],"bundle_sell_ids":[],"acf":[],"df_price":245,"df_sale_price":"","df_regular_price":245,"df_image_link":"https:\/\/www.fitness-flohmarkt.ch\/wp-content\/uploads\/Webshop_Rotator-Add-on_1920x1920-600x600_weiss-23-300x300.png","_links":{"self":[{"href":"https:\/\/www.fitness-flohmarkt.ch\/it\/wp-json\/wp\/v2\/product\/9029978","targetHints":{"allow":["GET"]}}],"collection":[{"href":"https:\/\/www.fitness-flohmarkt.ch\/it\/wp-json\/wp\/v2\/product"}],"about":[{"href":"https:\/\/www.fitness-flohmarkt.ch\/it\/wp-json\/wp\/v2\/types\/product"}],"replies":[{"embeddable":true,"href":"https:\/\/www.fitness-flohmarkt.ch\/it\/wp-json\/wp\/v2\/comments?post=9029978"}],"wp:featuredmedia":[{"embeddable":true,"href":"https:\/\/www.fitness-flohmarkt.ch\/it\/wp-json\/wp\/v2\/media\/9060334"}],"wp:attachment":[{"href":"https:\/\/www.fitness-flohmarkt.ch\/it\/wp-json\/wp\/v2\/media?parent=9029978"}],"wp:term":[{"taxonomy":"product_brand","embeddable":true,"href":"https:\/\/www.fitness-flohmarkt.ch\/it\/wp-json\/wp\/v2\/product_brand?post=9029978"},{"taxonomy":"product_cat","embeddable":true,"href":"https:\/\/www.fitness-flohmarkt.ch\/it\/wp-json\/wp\/v2\/product_cat?post=9029978"},{"taxonomy":"product_tag","embeddable":true,"href":"https:\/\/www.fitness-flohmarkt.ch\/it\/wp-json\/wp\/v2\/product_tag?post=9029978"}],"curies":[{"name":"wp","href":"https:\/\/api.w.org\/{rel}","templated":true}]}}