{"id":9018089,"date":"2025-04-25T15:30:13","date_gmt":"2025-04-25T13:30:13","guid":{"rendered":"https:\/\/www.fitness-flohmarkt.ch\/produkt\/realleader-usa-lat-pull-down-seated-row-combo-fp-1004\/"},"modified":"2026-04-14T10:45:12","modified_gmt":"2026-04-14T08:45:12","slug":"realleader-lat-pull-down-seated-row-combo-fp-1004","status":"publish","type":"product","link":"https:\/\/www.fitness-flohmarkt.ch\/it\/produkt\/realleader-lat-pull-down-seated-row-combo-fp-1004\/","title":{"rendered":"RealLeader Lat Pull Down Seated Row Combo | PF-1004"},"content":{"rendered":"<h3><strong>RealLeader Lat Pull Down Seated Row Combo PF-1004<\/strong><\/h3>\n<p>Questa macchina per la schiena multifunzione \u00e8 dotata di ginocchiere regolabili in altezza per adattarsi alla statura dell'utente. L'attacco della maniglia pu\u00f2 essere facilmente convertito da lat pulldown a vogatore seduto. \u00c8 dotata di pedali per il supporto durante l'allenamento. Il peso viene regolato tramite un perno su una pila di pesi.<\/p>\n<ul>\n<li><span class=\"elementor-icon-list-text\">Dimensioni: 1746 x 1250 x 2317 mm<\/span><\/li>\n<li><span class=\"elementor-icon-list-text\">Peso netto: 140 kg<\/span><\/li>\n<li><span class=\"elementor-icon-list-text\">Peso della pila: 263 libbre\/119 kg<\/span><\/li>\n<\/ul>\n<p><strong>Colore:<\/strong> Struttura nera opaca, rivestimento nero con cuciture nere<\/p>\n<p><strong>Linea PF:<\/strong> La soluzione fitness salvaspazio a doppia funzione (2 in 1) con una semplice piattaforma di pesi. Progettata ergonomicamente per una posizione di allenamento confortevole e regolabile, testata da bodybuilder di fama mondiale. Costruzione di alta qualit\u00e0 secondo principi ergonomici e kinesiologici per una serie professionale.<\/p>","protected":false},"excerpt":{"rendered":"<p>RealLeader USA Lat Pull Down Seated Row Combo PF-1004 - Macchina per la schiena multiuso per lat pull down e vogatore da seduti. Ginocchiere regolabili in altezza, maniglie e pedali di supporto facilmente regolabili, pila di pesi da 119 kg con sistema a perni. Soluzione salvaspazio 2 in 1 basata su principi ergonomici. 175 x 125 x 232 cm, 140 kg. Struttura nera opaca, rivestimento nero.<\/p>","protected":false},"featured_media":9062657,"comment_status":"closed","ping_status":"closed","template":"","meta":{"_acf_changed":false,"_gspb_post_css":""},"product_brand":[1054],"product_cat":[310],"product_tag":[],"class_list":{"0":"post-9018089","1":"product","2":"type-product","3":"status-publish","4":"has-post-thumbnail","6":"product_brand-realleader","7":"product_cat-steckgewichte","8":"product_shipping_class-nicht-stapelbar","9":"pa_artikel-pro-verkaufseinheit-1x","10":"pa_farbe-schwarz","11":"pa_gewicht-120-kg","12":"pa_hoehe-232-cm","13":"pa_lieferumfang-1x-kabelzuggeraet","14":"pa_material-stahl-pulverbeschichtet","15":"pa_tiefe-175-cm","17":"first","18":"instock","19":"sale","20":"taxable","21":"shipping-taxable","22":"purchasable","23":"product-type-simple"},"bundled_by":[],"bundle_stock_status":"instock","bundle_stock_quantity":1,"bundle_virtual":false,"bundle_layout":"","bundle_add_to_cart_form_location":"","bundle_editable_in_cart":false,"bundle_sold_individually_context":"","bundle_item_grouping":"","bundle_min_size":"","bundle_max_size":"","bundle_price":[],"bundled_items":[],"bundle_sell_ids":[],"acf":[],"df_price":2990,"df_sale_price":2990,"df_regular_price":3990,"df_image_link":"https:\/\/www.fitness-flohmarkt.ch\/wp-content\/uploads\/1004xin-10_1080x1080_ret-5-300x300.png","_links":{"self":[{"href":"https:\/\/www.fitness-flohmarkt.ch\/it\/wp-json\/wp\/v2\/product\/9018089","targetHints":{"allow":["GET"]}}],"collection":[{"href":"https:\/\/www.fitness-flohmarkt.ch\/it\/wp-json\/wp\/v2\/product"}],"about":[{"href":"https:\/\/www.fitness-flohmarkt.ch\/it\/wp-json\/wp\/v2\/types\/product"}],"replies":[{"embeddable":true,"href":"https:\/\/www.fitness-flohmarkt.ch\/it\/wp-json\/wp\/v2\/comments?post=9018089"}],"wp:featuredmedia":[{"embeddable":true,"href":"https:\/\/www.fitness-flohmarkt.ch\/it\/wp-json\/wp\/v2\/media\/9062657"}],"wp:attachment":[{"href":"https:\/\/www.fitness-flohmarkt.ch\/it\/wp-json\/wp\/v2\/media?parent=9018089"}],"wp:term":[{"taxonomy":"product_brand","embeddable":true,"href":"https:\/\/www.fitness-flohmarkt.ch\/it\/wp-json\/wp\/v2\/product_brand?post=9018089"},{"taxonomy":"product_cat","embeddable":true,"href":"https:\/\/www.fitness-flohmarkt.ch\/it\/wp-json\/wp\/v2\/product_cat?post=9018089"},{"taxonomy":"product_tag","embeddable":true,"href":"https:\/\/www.fitness-flohmarkt.ch\/it\/wp-json\/wp\/v2\/product_tag?post=9018089"}],"curies":[{"name":"wp","href":"https:\/\/api.w.org\/{rel}","templated":true}]}}