{"id":65859,"date":"2025-03-18T16:30:33","date_gmt":"2025-03-18T15:30:33","guid":{"rendered":"https:\/\/www2.fitness-flohmarkt.ch\/produkt\/profuel-alphaminos-bcaa\/"},"modified":"2026-03-01T23:31:42","modified_gmt":"2026-03-01T22:31:42","slug":"profuel-alphaminos-bcaa","status":"publish","type":"product","link":"https:\/\/www.fitness-flohmarkt.ch\/it\/produkt\/profuel-alphaminos-bcaa\/","title":{"rendered":"ProFuel Alphaminos | BCAA"},"content":{"rendered":"<h3><strong>PROFUEL\u00ae Alphaminos BCAA - barattolo da 300 g<\/strong><\/h3>\n<p>Alphaminos BCAA, sviluppato dall'intero team composto da Karl Ess, Mischa Janiec, Patrick Reiser, Ralf S\u00e4ttele e Mic Weigl, porta maggiore trasparenza nel mercato degli aminoacidi. L'intera materia prima BCAA \u00e8 ricavata dal mais ed \u00e8 quindi completamente vegana.<\/p>\n<p><strong>Punti salienti<\/strong><\/p>\n<ul>\n<li>Prodotto in Germania<\/li>\n<li>Ingredienti di alta qualit\u00e0<\/li>\n<li>Per porzione 1,2 g di carboidrati, 10 g di proteine, 0,02 g di fibre<\/li>\n<li>Con 5 g di leucina, 2,5 g di isoleucina e 2,5 g di valina.<\/li>\n<li>Sapore delizioso<\/li>\n<li>Senza coloranti artificiali<\/li>\n<li>Privo di additivi nocivi<\/li>\n<\/ul>\n<p>PROFUEL\u00ae Alphaminos BCAA \u00e8 un integratore alimentare trasparente prodotto in Germania con materie prime di alta qualit\u00e0.<\/p>\n<p>BCAA significa che il prodotto PROFUEL\u00ae Alphaminos BCAA contiene aminoacidi a catena ramificata, in questo caso gli aminoacidi leucina, isoleucina e valina. Il tuo corpo non \u00e8 in grado di produrre da solo questi aminoacidi contenuti in PROFUEL\u00ae Alphaminos BCAA, per questo motivo se ne raccomanda l'assunzione quotidiana. Oltre alla tua dieta quotidiana, il prodotto di alta qualit\u00e0 PROFUEL\u00ae Alphaminos BCAA ti d\u00e0 la possibilit\u00e0 di farlo. Il prodotto \u00e8 un modo conveniente per integrare il tuo apporto di aminoacidi.<\/p>\n<p>Gli aminoacidi, come quelli contenuti in PROFUEL\u00ae Alphaminos BCAA, non solo integrano l'organismo con componenti importanti nella vita di tutti i giorni, ma gli aminoacidi di PROFUEL\u00ae Alphaminos contribuiscono anche al benessere durante gli allenamenti pi\u00f9 duri e intensi. Il prodotto PROFUEL\u00ae Alphaminos \u00e8 composto da aminoacidi di alta qualit\u00e0 e contribuisce all'aumento e al mantenimento della massa muscolare. I BCAA sono presenti nella miscela 2:1:1, che \u00e8 il risultato di diversi studi attuali che hanno analizzato l'assunzione di leucina e il conseguente consumo di isoleucina e valina. I diversi gusti, composti solo da ingredienti naturali, garantiscono un sapore migliore.<\/p>\n<p>&nbsp;<\/p>\n<table style=\"height: 819px\" border=\"1\" width=\"1151\" cellspacing=\"0\" cellpadding=\"0\">\n<tbody>\n<tr>\n<td valign=\"top\"><strong>Valori nutrizionali medi<\/strong><\/td>\n<td valign=\"top\"><strong>per 100 g<\/strong><\/td>\n<td valign=\"top\"><strong>per porzione (13 g) in 500 ml di acqua<\/strong><\/td>\n<\/tr>\n<tr>\n<td valign=\"top\">Potere calorifico (kJ)<\/td>\n<td valign=\"top\">1851 kJ<\/td>\n<td valign=\"top\">205 kJ<\/td>\n<\/tr>\n<tr>\n<td valign=\"top\">Potere calorifico (kcal)<\/td>\n<td valign=\"top\">376 kcal<\/td>\n<td valign=\"top\">48 kcal<\/td>\n<\/tr>\n<tr>\n<td valign=\"top\">Grasso<\/td>\n<td valign=\"top\">0,00 g<\/td>\n<td valign=\"top\">0,00 g<\/td>\n<\/tr>\n<tr>\n<td valign=\"top\">- di cui acidi grassi saturi<\/td>\n<td valign=\"top\">0,00 g<\/td>\n<td valign=\"top\">0,00 g<\/td>\n<\/tr>\n<tr>\n<td valign=\"top\">Carboidrati<\/td>\n<td valign=\"top\">9,70 g<\/td>\n<td valign=\"top\">1,20 g<\/td>\n<\/tr>\n<tr>\n<td valign=\"top\">- lo stesso zucchero<\/td>\n<td valign=\"top\">7,90 g<\/td>\n<td valign=\"top\">1,00 g<\/td>\n<\/tr>\n<tr>\n<td valign=\"top\">Fibra alimentare<\/td>\n<td valign=\"top\">0,21 g<\/td>\n<td valign=\"top\">0,02 g<\/td>\n<\/tr>\n<tr>\n<td valign=\"top\">Proteine<\/td>\n<td valign=\"top\">77,1 g<\/td>\n<td valign=\"top\">10,0 g<\/td>\n<\/tr>\n<tr>\n<td valign=\"top\">Sale *<\/td>\n<td valign=\"top\">0,01 g<\/td>\n<td valign=\"top\">&lt; 0,01 g<\/td>\n<\/tr>\n<tr>\n<td valign=\"top\"><\/td>\n<td valign=\"top\"><\/td>\n<td valign=\"top\"><\/td>\n<\/tr>\n<tr>\n<td valign=\"top\"><strong>Leucina<\/strong><\/td>\n<td valign=\"top\"><strong>38,4 g<\/strong><\/td>\n<td valign=\"top\"><strong>5,00 g<\/strong><\/td>\n<\/tr>\n<tr>\n<td valign=\"top\"><strong>Isoleucina<\/strong><\/td>\n<td valign=\"top\"><strong>19,2 g<\/strong><\/td>\n<td valign=\"top\"><strong>2,50 g<\/strong><\/td>\n<\/tr>\n<tr>\n<td valign=\"top\"><strong>Valine<\/strong><\/td>\n<td valign=\"top\"><strong>19,2 g<\/strong><\/td>\n<td valign=\"top\"><strong>2,50 g<\/strong><\/td>\n<\/tr>\n<\/tbody>\n<\/table>\n<p><strong>Ingredienti PROFUEL\u00ae Alphaminos BCAA<\/strong><\/p>\n<p><strong>Raccomandazione di consumo<\/strong><\/p>\n<p>Mescola 13 g (1 misurino) in 500 ml di acqua fredda e consuma a sorsi durante l'allenamento.<\/p>\n<p><strong>Contenuti:<\/strong><\/p>\n<p>Barattolo da 300 g<\/p>\n<p><strong>Peso di spedizione:<\/strong><\/p>\n<p>0,35 kg di latta<\/p>","protected":false},"excerpt":{"rendered":"<p>PROFUEL\u00ae Alphaminos BCAA fornisce 10 g di aminoacidi vegani di alta qualit\u00e0 per porzione, ideali per la costruzione e il mantenimento dei muscoli. La polvere di BCAA, prodotta in Germania, \u00e8 a base di mais e contiene leucina, isoleucina e valina in un rapporto ottimale di 2:1:1. Senza coloranti artificiali o additivi dannosi, con un gusto naturale - per le massime esigenze nell'allenamento e nella vita di tutti i giorni.<\/p>","protected":false},"featured_media":9048272,"comment_status":"closed","ping_status":"closed","template":"","meta":{"_acf_changed":false,"_gspb_post_css":""},"product_brand":[1479],"product_cat":[377],"product_tag":[],"class_list":{"0":"post-65859","1":"product","2":"type-product","3":"status-publish","4":"has-post-thumbnail","6":"product_brand-profuel","7":"product_cat-food","8":"pa_artikel-pro-verkaufseinheit-1x","9":"pa_form-pulver","10":"pa_geschmacksrichtung-green-apple","11":"pa_geschmacksrichtung-ice-tea-peach","12":"pa_geschmacksrichtung-kirsche","13":"pa_geschmacksrichtung-mango-maracuja","14":"pa_herkunft-deutschland","15":"pa_inhalt-300-g","16":"pa_lieferumfang-1x-supplement","17":"pa_vegan-ja","19":"first","20":"instock","21":"taxable","22":"shipping-taxable","23":"purchasable","24":"product-type-variable"},"bundled_by":[],"bundle_stock_status":"instock","bundle_stock_quantity":null,"bundle_virtual":false,"bundle_layout":"","bundle_add_to_cart_form_location":"","bundle_editable_in_cart":false,"bundle_sold_individually_context":"","bundle_item_grouping":"","bundle_min_size":"","bundle_max_size":"","bundle_price":[],"bundled_items":[],"bundle_sell_ids":[],"acf":[],"df_price":25,"df_sale_price":"","df_regular_price":25,"df_image_link":"https:\/\/www.fitness-flohmarkt.ch\/wp-content\/uploads\/5-4-96-300x300.png","_links":{"self":[{"href":"https:\/\/www.fitness-flohmarkt.ch\/it\/wp-json\/wp\/v2\/product\/65859","targetHints":{"allow":["GET"]}}],"collection":[{"href":"https:\/\/www.fitness-flohmarkt.ch\/it\/wp-json\/wp\/v2\/product"}],"about":[{"href":"https:\/\/www.fitness-flohmarkt.ch\/it\/wp-json\/wp\/v2\/types\/product"}],"replies":[{"embeddable":true,"href":"https:\/\/www.fitness-flohmarkt.ch\/it\/wp-json\/wp\/v2\/comments?post=65859"}],"wp:featuredmedia":[{"embeddable":true,"href":"https:\/\/www.fitness-flohmarkt.ch\/it\/wp-json\/wp\/v2\/media\/9048272"}],"wp:attachment":[{"href":"https:\/\/www.fitness-flohmarkt.ch\/it\/wp-json\/wp\/v2\/media?parent=65859"}],"wp:term":[{"taxonomy":"product_brand","embeddable":true,"href":"https:\/\/www.fitness-flohmarkt.ch\/it\/wp-json\/wp\/v2\/product_brand?post=65859"},{"taxonomy":"product_cat","embeddable":true,"href":"https:\/\/www.fitness-flohmarkt.ch\/it\/wp-json\/wp\/v2\/product_cat?post=65859"},{"taxonomy":"product_tag","embeddable":true,"href":"https:\/\/www.fitness-flohmarkt.ch\/it\/wp-json\/wp\/v2\/product_tag?post=65859"}],"curies":[{"name":"wp","href":"https:\/\/api.w.org\/{rel}","templated":true}]}}