{"id":64739,"date":"2025-03-17T16:30:51","date_gmt":"2025-03-17T15:30:51","guid":{"rendered":"https:\/\/www2.fitness-flohmarkt.ch\/produkt\/realleader-usa-stair-climber-treppe-rs-800\/"},"modified":"2026-03-25T15:31:13","modified_gmt":"2026-03-25T14:31:13","slug":"realleader-montascale-rs-800","status":"publish","type":"product","link":"https:\/\/www.fitness-flohmarkt.ch\/it\/produkt\/realleader-stair-climber-treppe-rs-800\/","title":{"rendered":"RealLeader Stair Climber | Scala RS-800"},"content":{"rendered":"<h3>RealLeader Stair Climber Treppe RS-800<\/h3>\n<p class=\"whitespace-normal break-words\">Diese Stairmill, auch bekannt als &#8218;Stairmaster&#8216;, ist ein hochwertiges, selbstangetriebenes Cardio-Ger\u00e4t.<\/p>\n<p class=\"whitespace-normal break-words\">Es bietet alle Vorteile eines elektrischen Stairmills ohne die teuren Betriebskosten, und dank fehlender grosser Kabel oder Dr\u00e4hte k\u00f6nnen diese Stairmills problemlos in Ihrem Fitnessstudio umgestellt werden. Es hat ein elegantes und robustes Design, verf\u00fcgt \u00fcber 16 verschiedene Geschwindigkeitseinstellungen und ein LED-Display mit integriertem Pulsmesser.<\/p>\n<p class=\"whitespace-normal break-words\"><strong>Vollst\u00e4ndige Produktmerkmale:<\/strong><\/p>\n<ul class=\"[&amp;:not(:last-child)_ul]:pb-1 [&amp;:not(:last-child)_ol]:pb-1 list-disc space-y-1.5 pl-7\">\n<li class=\"whitespace-normal break-words\">Stufengr\u00f6sse: 555 x 250 mm<\/li>\n<li class=\"whitespace-normal break-words\">Abmessungen: 1570 x 760 x 2270 mm<\/li>\n<li class=\"whitespace-normal break-words\">Stufenh\u00f6he: 200 mm<\/li>\n<li class=\"whitespace-normal break-words\">Max. Benutzergewicht: 150 kg<\/li>\n<li class=\"whitespace-normal break-words\">Stromanforderungen: Kein Strom erforderlich<\/li>\n<li class=\"whitespace-normal break-words\">Generator-Leistung: 1,25 PS<\/li>\n<li class=\"whitespace-normal break-words\">Versandgewicht: 300 kg<\/li>\n<li class=\"whitespace-normal break-words\">Geschwindigkeitsstufen: 1-16<\/li>\n<li class=\"whitespace-normal break-words\">Deckenh\u00f6he erforderlich: 2,7 m<\/li>\n<li class=\"whitespace-normal break-words\">Geschwindigkeitsbereich: 12-100 Stufen\/min<\/li>\n<li class=\"whitespace-normal break-words\">Display: 6-Fenster LED-Anzeige<\/li>\n<\/ul>\n<p><strong data-start=\"66\" data-end=\"141\">CARDIO LINE: <\/strong>Das selbstgenerierende Stufensystem versorgt sich w\u00e4hrend des Trainings eigenst\u00e4ndig mit Energie. Dank integrierter Transportrollen \u00fcberzeugt die Serie durch h\u00f6chste Mobilit\u00e4t im Studio.<\/p>\n","protected":false},"excerpt":{"rendered":"<p><strong>RealLeader Stair Climber RS-800<\/strong> - Stairmill autoalimentato senza bisogno di energia e con un design elegante e robusto. 16 impostazioni di velocit\u00e0 (12-100 passi\/min), display LED a 6 finestre con cardiofrequenzimetro integrato. Dimensioni del gradino 555 \u00d7 250 mm, altezza del gradino 200 mm, peso massimo dell'utente 150 kg. 1570 \u00d7 760 \u00d7 2270 mm.<\/p>","protected":false},"featured_media":9063655,"comment_status":"closed","ping_status":"closed","template":"","meta":{"_acf_changed":false,"_gspb_post_css":""},"product_brand":[1054],"product_cat":[816],"product_tag":[],"class_list":{"0":"post-64739","1":"product","2":"type-product","3":"status-publish","4":"has-post-thumbnail","6":"product_brand-realleader","7":"product_cat-ac-diverses","8":"product_shipping_class-nicht-stapelbar","10":"first","11":"instock","12":"sale","13":"taxable","14":"shipping-taxable","15":"purchasable","16":"product-type-simple"},"bundled_by":[],"bundle_stock_status":"instock","bundle_stock_quantity":5,"bundle_virtual":false,"bundle_layout":"","bundle_add_to_cart_form_location":"","bundle_editable_in_cart":false,"bundle_sold_individually_context":"","bundle_item_grouping":"","bundle_min_size":"","bundle_max_size":"","bundle_price":[],"bundled_items":[],"bundle_sell_ids":[],"acf":[],"df_price":4850,"df_sale_price":4850,"df_regular_price":6490,"df_image_link":"https:\/\/www.fitness-flohmarkt.ch\/wp-content\/uploads\/stairmill-11_1080x1080_ret-6-300x300.png","_links":{"self":[{"href":"https:\/\/www.fitness-flohmarkt.ch\/it\/wp-json\/wp\/v2\/product\/64739","targetHints":{"allow":["GET"]}}],"collection":[{"href":"https:\/\/www.fitness-flohmarkt.ch\/it\/wp-json\/wp\/v2\/product"}],"about":[{"href":"https:\/\/www.fitness-flohmarkt.ch\/it\/wp-json\/wp\/v2\/types\/product"}],"replies":[{"embeddable":true,"href":"https:\/\/www.fitness-flohmarkt.ch\/it\/wp-json\/wp\/v2\/comments?post=64739"}],"wp:featuredmedia":[{"embeddable":true,"href":"https:\/\/www.fitness-flohmarkt.ch\/it\/wp-json\/wp\/v2\/media\/9063655"}],"wp:attachment":[{"href":"https:\/\/www.fitness-flohmarkt.ch\/it\/wp-json\/wp\/v2\/media?parent=64739"}],"wp:term":[{"taxonomy":"product_brand","embeddable":true,"href":"https:\/\/www.fitness-flohmarkt.ch\/it\/wp-json\/wp\/v2\/product_brand?post=64739"},{"taxonomy":"product_cat","embeddable":true,"href":"https:\/\/www.fitness-flohmarkt.ch\/it\/wp-json\/wp\/v2\/product_cat?post=64739"},{"taxonomy":"product_tag","embeddable":true,"href":"https:\/\/www.fitness-flohmarkt.ch\/it\/wp-json\/wp\/v2\/product_tag?post=64739"}],"curies":[{"name":"wp","href":"https:\/\/api.w.org\/{rel}","templated":true}]}}