{"id":63894,"date":"2025-03-17T11:10:43","date_gmt":"2025-03-17T10:10:43","guid":{"rendered":"https:\/\/www2.fitness-flohmarkt.ch\/produkt\/powerfood-creatine-powder\/"},"modified":"2026-04-15T09:50:27","modified_gmt":"2026-04-15T07:50:27","slug":"creatina-in-polvere-powerfood","status":"publish","type":"product","link":"https:\/\/www.fitness-flohmarkt.ch\/it\/produkt\/powerfood-creatine-powder\/","title":{"rendered":"PowerFood Creatina in polvere"},"content":{"rendered":"<h3 data-start=\"412\" data-end=\"845\">PowerFood One Creapure\u00ae Creatine - 100 % monoidrato puro per le massime prestazioni<\/h3>\n<p data-start=\"412\" data-end=\"845\">PowerFood One Creapure\u00ae \u00e8 sinonimo di massima qualit\u00e0 nel campo dell'alimentazione sportiva. La polvere \u00e8 composta da 100 % Creapure\u00ae (creatina monoidrato), una materia prima prodotta in Germania e riconosciuta a livello internazionale come una delle creatine pi\u00f9 pure ed efficaci. Grazie alla sua fine micronizzazione, si scioglie particolarmente bene nei liquidi ed \u00e8 ideale come integratore sportivo quotidiano.<\/p>\n<p data-start=\"847\" data-end=\"1195\">Creapure\u00ae supporta le prestazioni fisiche durante gli allenamenti di forza ad alta velocit\u00e0 nell'ambito di un'attivit\u00e0 fisica intensiva di breve durata: un vantaggio decisivo per gli sport di forza e di resistenza. Il prodotto \u00e8 privo di glutine, lattosio e altri additivi ed \u00e8 quindi ideale anche per le persone con intolleranze.<\/p>\n<p data-start=\"1197\" data-end=\"1388\"><strong data-start=\"1197\" data-end=\"1222\">Raccomandazione d'uso:<\/strong><br data-start=\"1222\" data-end=\"1225\" \/>Mescola 3 g di polvere al giorno in acqua o in una bevanda contenente carboidrati e assumila subito dopo l'allenamento o con un pasto ricco di carboidrati.<\/p>\n<p data-start=\"1390\" data-end=\"1409\"><strong data-start=\"1390\" data-end=\"1407\">Ingrediente:<\/strong><\/p>\n<ul data-start=\"1410\" data-end=\"1446\">\n<li data-start=\"1410\" data-end=\"1446\">\n<p data-start=\"1412\" data-end=\"1446\">Creapure\u00ae (creatina monoidrato)<\/p>\n<\/li>\n<\/ul>\n<p data-start=\"1448\" data-end=\"1468\"><strong data-start=\"1448\" data-end=\"1466\">Propriet\u00e0:<\/strong><\/p>\n<ul data-start=\"1469\" data-end=\"1630\">\n<li data-start=\"1469\" data-end=\"1506\">\n<p data-start=\"1471\" data-end=\"1506\">100 % Creapure\u00ae - Made in Germany<\/p>\n<\/li>\n<li data-start=\"1507\" data-end=\"1540\">\n<p data-start=\"1509\" data-end=\"1540\">Massima purezza e qualit\u00e0<\/p>\n<\/li>\n<li data-start=\"1541\" data-end=\"1569\">\n<p data-start=\"1543\" data-end=\"1569\">Senza glutine e senza lattosio<\/p>\n<\/li>\n<li data-start=\"1570\" data-end=\"1608\">\n<p data-start=\"1572\" data-end=\"1608\">Micronizzato per una migliore solubilit\u00e0<\/p>\n<\/li>\n<li data-start=\"1609\" data-end=\"1630\">\n<p data-start=\"1611\" data-end=\"1630\">Senza additivi<\/p>\n<\/li>\n<\/ul>\n<p data-start=\"1632\" data-end=\"1708\" data-is-last-node=\"\" data-is-only-node=\"\">PowerFood One - Progettato in Svizzera, qualit\u00e0 ai massimi livelli.<\/p>","protected":false},"excerpt":{"rendered":"<p>PowerFood One Creapure\u00ae contiene 100 % di creatina monoidrato pura di produzione tedesca. La polvere microfine \u00e8 composta esclusivamente da Creapure\u00ae, lo standard riconosciuto a livello mondiale per la massima purezza e qualit\u00e0. Senza glutine e senza lattosio: ideale per gli atleti pi\u00f9 ambiziosi.<\/p>","protected":false},"featured_media":9064694,"comment_status":"closed","ping_status":"closed","template":"","meta":{"_acf_changed":false,"_gspb_post_css":""},"product_brand":[1035],"product_cat":[377],"product_tag":[],"class_list":{"0":"post-63894","1":"product","2":"type-product","3":"status-publish","4":"has-post-thumbnail","6":"product_brand-powerfood","7":"product_cat-food","8":"pa_artikel-pro-verkaufseinheit-1x","9":"pa_form-pulver","10":"pa_geschmacksrichtung-unflavoured","11":"pa_herkunft-deutschland","12":"pa_inhalt-500-g","13":"pa_lieferumfang-1x-supplement","14":"pa_vegan-nein","16":"first","17":"outofstock","18":"taxable","19":"shipping-taxable","20":"purchasable","21":"product-type-simple"},"bundled_by":[],"bundle_stock_status":"outofstock","bundle_stock_quantity":-1,"bundle_virtual":false,"bundle_layout":"","bundle_add_to_cart_form_location":"","bundle_editable_in_cart":false,"bundle_sold_individually_context":"","bundle_item_grouping":"","bundle_min_size":"","bundle_max_size":"","bundle_price":[],"bundled_items":[],"bundle_sell_ids":[],"acf":[],"df_price":35,"df_sale_price":"","df_regular_price":35,"df_image_link":"https:\/\/www.fitness-flohmarkt.ch\/wp-content\/uploads\/4zpqat5gjph_creapure4-29.jpg_1920x1920-29_1080x1080-7-300x300.avif","_links":{"self":[{"href":"https:\/\/www.fitness-flohmarkt.ch\/it\/wp-json\/wp\/v2\/product\/63894","targetHints":{"allow":["GET"]}}],"collection":[{"href":"https:\/\/www.fitness-flohmarkt.ch\/it\/wp-json\/wp\/v2\/product"}],"about":[{"href":"https:\/\/www.fitness-flohmarkt.ch\/it\/wp-json\/wp\/v2\/types\/product"}],"replies":[{"embeddable":true,"href":"https:\/\/www.fitness-flohmarkt.ch\/it\/wp-json\/wp\/v2\/comments?post=63894"}],"wp:featuredmedia":[{"embeddable":true,"href":"https:\/\/www.fitness-flohmarkt.ch\/it\/wp-json\/wp\/v2\/media\/9064694"}],"wp:attachment":[{"href":"https:\/\/www.fitness-flohmarkt.ch\/it\/wp-json\/wp\/v2\/media?parent=63894"}],"wp:term":[{"taxonomy":"product_brand","embeddable":true,"href":"https:\/\/www.fitness-flohmarkt.ch\/it\/wp-json\/wp\/v2\/product_brand?post=63894"},{"taxonomy":"product_cat","embeddable":true,"href":"https:\/\/www.fitness-flohmarkt.ch\/it\/wp-json\/wp\/v2\/product_cat?post=63894"},{"taxonomy":"product_tag","embeddable":true,"href":"https:\/\/www.fitness-flohmarkt.ch\/it\/wp-json\/wp\/v2\/product_tag?post=63894"}],"curies":[{"name":"wp","href":"https:\/\/api.w.org\/{rel}","templated":true}]}}