{"id":63706,"date":"2025-03-17T09:50:36","date_gmt":"2025-03-17T08:50:36","guid":{"rendered":"https:\/\/www2.fitness-flohmarkt.ch\/produkt\/powerfood-boom-whey-protein\/"},"modified":"2026-04-27T08:10:38","modified_gmt":"2026-04-27T06:10:38","slug":"proteine-del-siero-del-latte-powerfood-boom","status":"publish","type":"product","link":"https:\/\/www.fitness-flohmarkt.ch\/it\/produkt\/powerfood-boom-whey-protein\/","title":{"rendered":"PowerFood Boom Whey | Proteine"},"content":{"rendered":"<h3>Proteine Whey Boom - Proteine di alta qualit\u00e0 per la costruzione muscolare<\/h3>\n<p data-start=\"56\" data-end=\"397\"><strong data-start=\"399\" data-end=\"412\">Siero di latte Boom<\/strong> - Il livello successivo di proteine del siero di latte. Boom Whey offre un elevato contenuto proteico che garantisce la costruzione muscolare e l'apporto proteico giornaliero. Il basso contenuto di carboidrati lo rende ideale per le diete e i regimi alimentari a basso contenuto di carboidrati. Perfetto per il lavoro quotidiano e le attivit\u00e0 sportive, \u00e8 una scelta eccellente per una dieta equilibrata.<\/p>\n<p data-start=\"451\" data-end=\"936\"><strong data-start=\"451\" data-end=\"506\">Il marchio PowerFood One - Ingegnerizzato in Svizzera<\/strong><br data-start=\"506\" data-end=\"509\" \/>Con oltre 10 anni di esperienza nel mercato degli integratori e della nutrizione sportiva, PowerFood One produce prodotti di altissima qualit\u00e0. Sviluppato nel centro di ricerca del marchio PowerFood, lo sviluppo dei prodotti si concentra sull'efficienza, la purezza e i pi\u00f9 alti standard di qualit\u00e0. Tutti i prodotti finali sono fabbricati 100% in Germania o in Austria. PowerFood One \u00e8 sinonimo di massima qualit\u00e0, basata sulla fiducia e sugli standard pi\u00f9 elevati.<\/p>\n<p data-start=\"938\" data-end=\"1040\"><strong data-start=\"938\" data-end=\"960\">Consumo consigliato:<\/strong><br data-start=\"960\" data-end=\"963\" \/>Mescolare 30 g di polvere con 250 ml di latte o acqua 1-3 volte al giorno e bere.<\/p>\n<p data-start=\"1042\" data-end=\"1400\" data-is-last-node=\"\" data-is-only-node=\"\"><strong data-start=\"1042\" data-end=\"1054\">Ingredienti:<\/strong><br data-start=\"1054\" data-end=\"1057\" \/>Mousse al cioccolato: concentrato di proteine del siero di latte, cacao in polvere, proteine del siero di latte isolate, aromi, emulsionante lecitina di girasole, edulcorante (sucralosio, acesulfame K).<br data-start=\"1229\" data-end=\"1232\" \/>Ghiaccio alla vaniglia: concentrato di proteine del siero di latte, proteine del siero di latte isolate, aroma, emulsionante lecitina di girasole, edulcorante (sucralosio, acesulfame K), vaniglia naturale in polvere.<\/p>","protected":false},"excerpt":{"rendered":"<p>Boom Whey Protein offre un contenuto proteico di alta qualit\u00e0 per la costruzione muscolare e l'apporto proteico giornaliero. A basso contenuto di carboidrati, \u00e8 ideale per diete e regimi alimentari a basso contenuto di carboidrati. Sviluppata da PowerFood One, garantisce un'elevata qualit\u00e0 e un sapore eccellente.<\/p>","protected":false},"featured_media":9065811,"comment_status":"closed","ping_status":"closed","template":"","meta":{"_acf_changed":false,"_gspb_post_css":""},"product_brand":[1035],"product_cat":[377],"product_tag":[],"class_list":{"0":"post-63706","1":"product","2":"type-product","3":"status-publish","4":"has-post-thumbnail","6":"product_brand-powerfood","7":"product_cat-food","8":"pa_artikel-pro-verkaufseinheit-1x","9":"pa_form-pulver","10":"pa_geschmacksrichtung-banana","11":"pa_geschmacksrichtung-chocolate","12":"pa_geschmacksrichtung-strawberry","13":"pa_geschmacksrichtung-unflavoured","14":"pa_geschmacksrichtung-vanilla","15":"pa_herkunft-deutschland","16":"pa_inhalt-500-g","17":"pa_lieferumfang-1x-supplement","18":"pa_vegan-nein","20":"first","21":"instock","22":"taxable","23":"shipping-taxable","24":"purchasable","25":"product-type-variable"},"bundled_by":[],"bundle_stock_status":"instock","bundle_stock_quantity":null,"bundle_virtual":false,"bundle_layout":"","bundle_add_to_cart_form_location":"","bundle_editable_in_cart":false,"bundle_sold_individually_context":"","bundle_item_grouping":"","bundle_min_size":"","bundle_max_size":"","bundle_price":[],"bundled_items":[],"bundle_sell_ids":[],"acf":[],"df_price":30,"df_sale_price":"","df_regular_price":30,"df_image_link":"https:\/\/www.fitness-flohmarkt.ch\/wp-content\/uploads\/PowerFood-Whey-Protein-Chocolate_F-26137-01_1080x1080-17-300x300.avif","_links":{"self":[{"href":"https:\/\/www.fitness-flohmarkt.ch\/it\/wp-json\/wp\/v2\/product\/63706","targetHints":{"allow":["GET"]}}],"collection":[{"href":"https:\/\/www.fitness-flohmarkt.ch\/it\/wp-json\/wp\/v2\/product"}],"about":[{"href":"https:\/\/www.fitness-flohmarkt.ch\/it\/wp-json\/wp\/v2\/types\/product"}],"replies":[{"embeddable":true,"href":"https:\/\/www.fitness-flohmarkt.ch\/it\/wp-json\/wp\/v2\/comments?post=63706"}],"wp:featuredmedia":[{"embeddable":true,"href":"https:\/\/www.fitness-flohmarkt.ch\/it\/wp-json\/wp\/v2\/media\/9065811"}],"wp:attachment":[{"href":"https:\/\/www.fitness-flohmarkt.ch\/it\/wp-json\/wp\/v2\/media?parent=63706"}],"wp:term":[{"taxonomy":"product_brand","embeddable":true,"href":"https:\/\/www.fitness-flohmarkt.ch\/it\/wp-json\/wp\/v2\/product_brand?post=63706"},{"taxonomy":"product_cat","embeddable":true,"href":"https:\/\/www.fitness-flohmarkt.ch\/it\/wp-json\/wp\/v2\/product_cat?post=63706"},{"taxonomy":"product_tag","embeddable":true,"href":"https:\/\/www.fitness-flohmarkt.ch\/it\/wp-json\/wp\/v2\/product_tag?post=63706"}],"curies":[{"name":"wp","href":"https:\/\/api.w.org\/{rel}","templated":true}]}}