{"id":6189,"date":"2025-02-09T04:26:23","date_gmt":"2025-02-09T03:26:23","guid":{"rendered":"https:\/\/www2.fitness-flohmarkt.ch\/produkt\/springseil-gymnastik-pvc-speed-rope\/"},"modified":"2026-04-13T12:35:22","modified_gmt":"2026-04-13T10:35:22","slug":"corda-per-saltare-ginnastica-in-pvc-corda-di-velocita","status":"publish","type":"product","link":"https:\/\/www.fitness-flohmarkt.ch\/it\/produkt\/springseil-gymnastik-pvc-speed-rope\/","title":{"rendered":"Corda da ginnastica in PVC per salto veloce e corda per saltare"},"content":{"rendered":"<div class=\"product--description\">\n<h3 data-start=\"109\" data-end=\"186\"><strong data-start=\"109\" data-end=\"186\">Corda per salto veloce in PVC da ginnastica - corda per saltare per allenare la resistenza e la coordinazione<\/strong><\/h3>\n<p class=\"\" data-start=\"199\" data-end=\"443\">La corda da velocit\u00e0 in PVC \u00e8 adatta a unit\u00e0 versatili di resistenza e coordinazione, sia nell'allenamento funzionale che nella boxe o nel cross-training. La rotazione rapida consente un allenamento dinamico con sequenze di movimenti uniformi.<\/p>\n<p class=\"\" data-start=\"445\" data-end=\"754\">I manici in plastica leggera garantiscono una comoda maneggevolezza. La corda non \u00e8 regolabile in lunghezza ed \u00e8 disponibile in quattro lunghezze fisse: 210 cm (verde), 240 cm (rosa), 270 cm (giallo), 300 cm (blu). Viene fornita in una scatola di plastica richiudibile, ideale per il trasporto e lo stoccaggio.<\/p>\n<p class=\"\" data-start=\"756\" data-end=\"848\">Un dispositivo di allenamento funzionale per aumentare la resistenza, la velocit\u00e0 e la coordinazione.<\/p>\n<\/div>","protected":false},"excerpt":{"rendered":"<p>Corda di velocit\u00e0 a torsione rapida in PVC con manici in plastica leggera, ideale per l'allenamento della resistenza e della coordinazione. Non regolabile in lunghezza. Include una scatola di plastica richiudibile.<\/p>","protected":false},"featured_media":9013739,"comment_status":"closed","ping_status":"closed","template":"","meta":{"_acf_changed":false,"_gspb_post_css":""},"product_brand":[1000],"product_cat":[818,820],"product_tag":[],"class_list":{"0":"post-6189","1":"product","2":"type-product","3":"status-publish","4":"has-post-thumbnail","6":"product_brand-fitcom","7":"product_cat-conditioning","8":"product_cat-springseil","9":"pa_360-drehgelenk-nein","10":"pa_artikel-pro-verkaufseinheit-1x","11":"pa_farbe-blau","12":"pa_farbe-gelb","13":"pa_farbe-gruen","14":"pa_farbe-pink","15":"pa_griffdurchmesser-12-mm","16":"pa_grifflaenge-12-5-cm","17":"pa_laenge-210-cm","18":"pa_laenge-240-cm","19":"pa_laenge-270-cm","20":"pa_laenge-300-cm","21":"pa_lieferumfang-1x-springseil","22":"pa_material-griff-kunststoff","23":"pa_material-seil-pvc","24":"pa_seildurchmesser-5-mm","26":"first","27":"instock","28":"taxable","29":"shipping-taxable","30":"purchasable","31":"product-type-variable"},"bundled_by":[],"bundle_stock_status":"instock","bundle_stock_quantity":null,"bundle_virtual":false,"bundle_layout":"","bundle_add_to_cart_form_location":"","bundle_editable_in_cart":false,"bundle_sold_individually_context":"","bundle_item_grouping":"","bundle_min_size":"","bundle_max_size":"","bundle_price":[],"bundled_items":[],"bundle_sell_ids":[],"acf":[],"df_price":6,"df_sale_price":"","df_regular_price":6,"df_image_link":"https:\/\/www.fitness-flohmarkt.ch\/wp-content\/uploads\/Springseil-Gymnastik-PVC-Grun-1-20250328-083032-300x300.png","_links":{"self":[{"href":"https:\/\/www.fitness-flohmarkt.ch\/it\/wp-json\/wp\/v2\/product\/6189","targetHints":{"allow":["GET"]}}],"collection":[{"href":"https:\/\/www.fitness-flohmarkt.ch\/it\/wp-json\/wp\/v2\/product"}],"about":[{"href":"https:\/\/www.fitness-flohmarkt.ch\/it\/wp-json\/wp\/v2\/types\/product"}],"replies":[{"embeddable":true,"href":"https:\/\/www.fitness-flohmarkt.ch\/it\/wp-json\/wp\/v2\/comments?post=6189"}],"wp:featuredmedia":[{"embeddable":true,"href":"https:\/\/www.fitness-flohmarkt.ch\/it\/wp-json\/wp\/v2\/media\/9013739"}],"wp:attachment":[{"href":"https:\/\/www.fitness-flohmarkt.ch\/it\/wp-json\/wp\/v2\/media?parent=6189"}],"wp:term":[{"taxonomy":"product_brand","embeddable":true,"href":"https:\/\/www.fitness-flohmarkt.ch\/it\/wp-json\/wp\/v2\/product_brand?post=6189"},{"taxonomy":"product_cat","embeddable":true,"href":"https:\/\/www.fitness-flohmarkt.ch\/it\/wp-json\/wp\/v2\/product_cat?post=6189"},{"taxonomy":"product_tag","embeddable":true,"href":"https:\/\/www.fitness-flohmarkt.ch\/it\/wp-json\/wp\/v2\/product_tag?post=6189"}],"curies":[{"name":"wp","href":"https:\/\/api.w.org\/{rel}","templated":true}]}}