{"id":6184,"date":"2025-02-09T04:25:59","date_gmt":"2025-02-09T03:25:59","guid":{"rendered":"https:\/\/www2.fitness-flohmarkt.ch\/?post_type=product&#038;p=6184"},"modified":"2026-03-01T23:38:50","modified_gmt":"2026-03-01T22:38:50","slug":"oltre-la-potenza-montaggio-a-rack-adattivo-montaggio-a-rack-adattivo","status":"publish","type":"product","link":"https:\/\/www.fitness-flohmarkt.ch\/it\/produkt\/beyond-power-adaptive-rack-mount-adaptive-rack-halterung\/","title":{"rendered":"Montaggio a rack adattivo Beyond Power | Montaggio a rack adattivo"},"content":{"rendered":"<h3>Montaggio a rack adattivo Beyond Power<\/h3>\n<ul>\n<li class=\"whitespace-normal break-words\"><strong>Design universale:<\/strong> Compatibile con un'ampia gamma di dimensioni e configurazioni dei fori del rack, eliminando le preoccupazioni relative alle dimensioni dei tubi.<\/li>\n<li class=\"whitespace-normal break-words\"><strong>Installazione facile e veloce:<\/strong> Si monta facilmente attraverso i fori del rack e permette agli atleti di configurare VOLTRA I in pochi secondi senza bisogno di altri strumenti.<\/li>\n<li class=\"whitespace-normal break-words\"><strong>Perno regolabile:<\/strong> Presenta un design a perno reversibile per supportare diversi diametri di foro del rack, da 5\/8\u2033 (15,8 mm) a 1\u2033 (25,4 mm), mantenendo una presa sicura e stabile.<\/li>\n<li class=\"whitespace-normal break-words\"><strong>Un'esperienza di formazione senza problemi:<\/strong> Progettata per essere facile da usare, la staffa semplifica la configurazione in modo che gli utenti possano concentrarsi sulle prestazioni, non sulla compatibilit\u00e0.<\/li>\n<\/ul>","protected":false},"excerpt":{"rendered":"<p>Beyond Power \u00e8 sinonimo di accessori per l'allenamento funzionale caratterizzati da una lavorazione di alta qualit\u00e0, facilit\u00e0 d'uso e versatilit\u00e0. Questa carrucola pu\u00f2 essere combinata con le maniglie, i collegamenti e le prolunghe del sistema Beyond Power.<\/p>","protected":false},"featured_media":9046713,"comment_status":"closed","ping_status":"closed","template":"","meta":{"_acf_changed":false,"_gspb_post_css":""},"product_brand":[1549],"product_cat":[813,319,304],"product_tag":[],"class_list":{"0":"post-6184","1":"product","2":"type-product","3":"status-publish","4":"has-post-thumbnail","6":"product_brand-beyond-power","7":"product_cat-fg-diverse","8":"product_cat-fitness-zubehoer","9":"product_cat-reha-physio","10":"pa_artikel-pro-verkaufseinheit-1x","11":"pa_farbe-chrom","12":"pa_fitness-zubehoertyp-rack-attachment","13":"pa_lieferumfang-1x-rack-attachement","14":"pa_material-edelstahl","16":"first","17":"instock","18":"taxable","19":"shipping-taxable","20":"purchasable","21":"product-type-simple"},"bundled_by":[],"bundle_stock_status":"instock","bundle_stock_quantity":5,"bundle_virtual":false,"bundle_layout":"","bundle_add_to_cart_form_location":"","bundle_editable_in_cart":false,"bundle_sold_individually_context":"","bundle_item_grouping":"","bundle_min_size":"","bundle_max_size":"","bundle_price":[],"bundled_items":[],"bundle_sell_ids":[],"acf":[],"df_price":199,"df_sale_price":"","df_regular_price":199,"df_image_link":"https:\/\/www.fitness-flohmarkt.ch\/wp-content\/uploads\/Adaptive-Rack-Mount-20250904-073019-300x300.png","_links":{"self":[{"href":"https:\/\/www.fitness-flohmarkt.ch\/it\/wp-json\/wp\/v2\/product\/6184","targetHints":{"allow":["GET"]}}],"collection":[{"href":"https:\/\/www.fitness-flohmarkt.ch\/it\/wp-json\/wp\/v2\/product"}],"about":[{"href":"https:\/\/www.fitness-flohmarkt.ch\/it\/wp-json\/wp\/v2\/types\/product"}],"replies":[{"embeddable":true,"href":"https:\/\/www.fitness-flohmarkt.ch\/it\/wp-json\/wp\/v2\/comments?post=6184"}],"wp:featuredmedia":[{"embeddable":true,"href":"https:\/\/www.fitness-flohmarkt.ch\/it\/wp-json\/wp\/v2\/media\/9046713"}],"wp:attachment":[{"href":"https:\/\/www.fitness-flohmarkt.ch\/it\/wp-json\/wp\/v2\/media?parent=6184"}],"wp:term":[{"taxonomy":"product_brand","embeddable":true,"href":"https:\/\/www.fitness-flohmarkt.ch\/it\/wp-json\/wp\/v2\/product_brand?post=6184"},{"taxonomy":"product_cat","embeddable":true,"href":"https:\/\/www.fitness-flohmarkt.ch\/it\/wp-json\/wp\/v2\/product_cat?post=6184"},{"taxonomy":"product_tag","embeddable":true,"href":"https:\/\/www.fitness-flohmarkt.ch\/it\/wp-json\/wp\/v2\/product_tag?post=6184"}],"curies":[{"name":"wp","href":"https:\/\/api.w.org\/{rel}","templated":true}]}}