{"id":6180,"date":"2025-02-09T04:25:48","date_gmt":"2025-02-09T03:25:48","guid":{"rendered":"https:\/\/www2.fitness-flohmarkt.ch\/?post_type=product&#038;p=6180"},"modified":"2026-04-20T17:05:17","modified_gmt":"2026-04-20T15:05:17","slug":"oltre-la-cinghia-di-alimentazione-montare-la-cinghia-di-fissaggio","status":"publish","type":"product","link":"https:\/\/www.fitness-flohmarkt.ch\/it\/produkt\/beyond-power-strap-mount-befestigungsgurt\/","title":{"rendered":"Cinghia di montaggio Beyond Power Mount | Cinghia di montaggio"},"content":{"rendered":"<h3>Montaggio della cinghia di alimentazione Beyond Power<\/h3>\n<p>Basta fissare il VOLTRA I a tutti i tipi di luoghi, dai supporti in ferro agli alberi. Il supporto a cinghia si adatta in modo flessibile all'ambiente circostante e ti offre la massima facilit\u00e0 d'uso, indipendentemente da dove ti trovi.<\/p>\n<p><strong>Vestibilit\u00e0 versatile<\/strong>Il supporto a cinghia utilizza una robusta cinghia in poliestere che avvolge saldamente chi lo indossa, assicurando una presa sicura. Con due opzioni di lunghezza, 0,5 m e 1 m, la cinghia pu\u00f2 essere adattata perfettamente alle diverse esigenze.<\/p>\n<p><strong>Supporto magnetico<\/strong>Grazie al supporto magnetico, il fissaggio \u00e8 rapido, sicuro e senza sforzo.<\/p>\n<p><strong>Costruzione precisa<\/strong>Realizzato con una combinazione di alluminio e titanio, il supporto per cinturino offre la massima durata. L'avanzata lucidatura al plasma garantisce una superficie liscia e resistente all'usura che unisce le massime prestazioni a un design moderno.<\/p>\n<p><strong>Sicurezza affidabile<\/strong>Il sistema a doppia serratura assicura che il tuo VOLTRA I sia sempre fissato in modo sicuro e saldo.<\/p>\n<p><strong>Forza eccezionale<\/strong>L'elevata resistenza alla trazione garantisce una tenuta solida e una lunga durata.<\/p>","protected":false},"excerpt":{"rendered":"<p>Beyond Power \u00e8 sinonimo di accessori per l'allenamento funzionale caratterizzati da una lavorazione di alta qualit\u00e0, facilit\u00e0 d'uso e versatilit\u00e0. Questa carrucola pu\u00f2 essere combinata con le maniglie, i collegamenti e le prolunghe del sistema Beyond Power.<\/p>","protected":false},"featured_media":9048633,"comment_status":"closed","ping_status":"closed","template":"","meta":{"_acf_changed":false,"_gspb_post_css":""},"product_brand":[1549],"product_cat":[813,319,304],"product_tag":[],"class_list":{"0":"post-6180","1":"product","2":"type-product","3":"status-publish","4":"has-post-thumbnail","6":"product_brand-beyond-power","7":"product_cat-fg-diverse","8":"product_cat-fitness-zubehoer","9":"product_cat-reha-physio","10":"pa_artikel-pro-verkaufseinheit-1x","11":"pa_farbe-schwarz","12":"pa_fitness-zubehoertyp-rack-attachment","13":"pa_lieferumfang-1x-rack-attachement","14":"pa_material-aluminium","16":"first","17":"instock","18":"taxable","19":"shipping-taxable","20":"purchasable","21":"product-type-simple"},"bundled_by":[],"bundle_stock_status":"instock","bundle_stock_quantity":16,"bundle_virtual":false,"bundle_layout":"","bundle_add_to_cart_form_location":"","bundle_editable_in_cart":false,"bundle_sold_individually_context":"","bundle_item_grouping":"","bundle_min_size":"","bundle_max_size":"","bundle_price":[],"bundled_items":[],"bundle_sell_ids":[],"acf":[],"df_price":299,"df_sale_price":"","df_regular_price":299,"df_image_link":"https:\/\/www.fitness-flohmarkt.ch\/wp-content\/uploads\/beyond-strap-20251006-135331-300x300.jpg","_links":{"self":[{"href":"https:\/\/www.fitness-flohmarkt.ch\/it\/wp-json\/wp\/v2\/product\/6180","targetHints":{"allow":["GET"]}}],"collection":[{"href":"https:\/\/www.fitness-flohmarkt.ch\/it\/wp-json\/wp\/v2\/product"}],"about":[{"href":"https:\/\/www.fitness-flohmarkt.ch\/it\/wp-json\/wp\/v2\/types\/product"}],"replies":[{"embeddable":true,"href":"https:\/\/www.fitness-flohmarkt.ch\/it\/wp-json\/wp\/v2\/comments?post=6180"}],"wp:featuredmedia":[{"embeddable":true,"href":"https:\/\/www.fitness-flohmarkt.ch\/it\/wp-json\/wp\/v2\/media\/9048633"}],"wp:attachment":[{"href":"https:\/\/www.fitness-flohmarkt.ch\/it\/wp-json\/wp\/v2\/media?parent=6180"}],"wp:term":[{"taxonomy":"product_brand","embeddable":true,"href":"https:\/\/www.fitness-flohmarkt.ch\/it\/wp-json\/wp\/v2\/product_brand?post=6180"},{"taxonomy":"product_cat","embeddable":true,"href":"https:\/\/www.fitness-flohmarkt.ch\/it\/wp-json\/wp\/v2\/product_cat?post=6180"},{"taxonomy":"product_tag","embeddable":true,"href":"https:\/\/www.fitness-flohmarkt.ch\/it\/wp-json\/wp\/v2\/product_tag?post=6180"}],"curies":[{"name":"wp","href":"https:\/\/api.w.org\/{rel}","templated":true}]}}