{"id":5712,"date":"2025-01-25T17:04:53","date_gmt":"2025-01-25T16:04:53","guid":{"rendered":"https:\/\/www2.fitness-flohmarkt.ch\/produkt\/battle-rope\/"},"modified":"2026-04-16T10:50:16","modified_gmt":"2026-04-16T08:50:16","slug":"corda-da-battaglia","status":"publish","type":"product","link":"https:\/\/www.fitness-flohmarkt.ch\/it\/produkt\/battle-rope\/","title":{"rendered":"Corda da battaglia | Corda da allenamento"},"content":{"rendered":"<h3 data-start=\"175\" data-end=\"245\"><strong data-start=\"175\" data-end=\"245\">Corda da battaglia: un allenamento efficace per tutto il corpo per ogni livello di fitness<\/strong><\/h3>\n<p class=\"\" data-start=\"247\" data-end=\"484\">La Battle Rope \u00e8 una corda da allenamento realizzata in nylon resistente e adatta a diverse applicazioni di allenamento per la forza e la resistenza. Pu\u00f2 essere utilizzata sia all'interno che all'esterno e resiste a un uso intenso.<\/p>\n<p class=\"\" data-start=\"486\" data-end=\"983\">Gli esercizi con la corda fanno lavorare principalmente le braccia, le spalle, il core e le gambe. Consente inoltre un allenamento cardio intensivo per aumentare la resistenza. La corda \u00e8 disponibile in due lunghezze - 12 m e 15 m - e pu\u00f2 quindi essere adattata a diverse condizioni di allenamento. Pu\u00f2 essere utilizzata sia da soli che in gruppo. Grazie alla sua facilit\u00e0 d'uso, \u00e8 adatta a diversi livelli di esperienza e pu\u00f2 essere integrata in modo flessibile nei programmi di allenamento quotidiani.<\/p>","protected":false},"excerpt":{"rendered":"<p>La Battle Rope, realizzata in nylon resistente, offre un efficace allenamento cardio e fitness per tutto il corpo. \u00c8 disponibile nelle lunghezze di 12 m e 15 m ed \u00e8 adatta sia per uso interno che esterno.<\/p>","protected":false},"featured_media":9013715,"comment_status":"closed","ping_status":"closed","template":"","meta":{"_acf_changed":false,"_gspb_post_css":""},"product_brand":[1000],"product_cat":[818],"product_tag":[],"class_list":{"0":"post-5712","1":"product","2":"type-product","3":"status-publish","4":"has-post-thumbnail","6":"product_brand-fitcom","7":"product_cat-conditioning","8":"pa_artikel-pro-verkaufseinheit-1x","9":"pa_farbe-schwarz","10":"pa_fitness-zubehoertyp-climbing-und-battle-rope","11":"pa_gewicht-12-2-kg","12":"pa_gewicht-9-7-kg","13":"pa_griffdurchmesser-39-mm","14":"pa_laenge-12-m","15":"pa_laenge-15-m","16":"pa_lieferumfang-1x-battle-rope","17":"pa_material-griff-gummi","18":"pa_material-seil-nylon","19":"pa_seildurchmesser-38-mm","20":"pa_seiltyp-battle-rope","22":"first","23":"instock","24":"taxable","25":"shipping-taxable","26":"purchasable","27":"product-type-variable"},"bundled_by":[],"bundle_stock_status":"instock","bundle_stock_quantity":null,"bundle_virtual":false,"bundle_layout":"","bundle_add_to_cart_form_location":"","bundle_editable_in_cart":false,"bundle_sold_individually_context":"","bundle_item_grouping":"","bundle_min_size":"","bundle_max_size":"","bundle_price":[],"bundled_items":[],"bundle_sell_ids":[],"acf":[],"df_price":50,"df_sale_price":"","df_regular_price":50,"df_image_link":"https:\/\/www.fitness-flohmarkt.ch\/wp-content\/uploads\/F-76741_Battle-Rope_0-20250328-081234-300x300.jpg","_links":{"self":[{"href":"https:\/\/www.fitness-flohmarkt.ch\/it\/wp-json\/wp\/v2\/product\/5712","targetHints":{"allow":["GET"]}}],"collection":[{"href":"https:\/\/www.fitness-flohmarkt.ch\/it\/wp-json\/wp\/v2\/product"}],"about":[{"href":"https:\/\/www.fitness-flohmarkt.ch\/it\/wp-json\/wp\/v2\/types\/product"}],"replies":[{"embeddable":true,"href":"https:\/\/www.fitness-flohmarkt.ch\/it\/wp-json\/wp\/v2\/comments?post=5712"}],"wp:featuredmedia":[{"embeddable":true,"href":"https:\/\/www.fitness-flohmarkt.ch\/it\/wp-json\/wp\/v2\/media\/9013715"}],"wp:attachment":[{"href":"https:\/\/www.fitness-flohmarkt.ch\/it\/wp-json\/wp\/v2\/media?parent=5712"}],"wp:term":[{"taxonomy":"product_brand","embeddable":true,"href":"https:\/\/www.fitness-flohmarkt.ch\/it\/wp-json\/wp\/v2\/product_brand?post=5712"},{"taxonomy":"product_cat","embeddable":true,"href":"https:\/\/www.fitness-flohmarkt.ch\/it\/wp-json\/wp\/v2\/product_cat?post=5712"},{"taxonomy":"product_tag","embeddable":true,"href":"https:\/\/www.fitness-flohmarkt.ch\/it\/wp-json\/wp\/v2\/product_tag?post=5712"}],"curies":[{"name":"wp","href":"https:\/\/api.w.org\/{rel}","templated":true}]}}