{"id":5695,"date":"2025-01-25T17:04:31","date_gmt":"2025-01-25T16:04:31","guid":{"rendered":"https:\/\/www2.fitness-flohmarkt.ch\/produkt\/multi-grip-bar-50mm-multi-griff-stange\/"},"modified":"2026-04-20T15:54:19","modified_gmt":"2026-04-20T13:54:19","slug":"barra-multi-grip-50-mm-barra-multi-grip","status":"publish","type":"product","link":"https:\/\/www.fitness-flohmarkt.ch\/it\/produkt\/multi-grip-bar-50mm-multi-griff-stange\/","title":{"rendered":"Barra Multi Grip 50 mm | Barra Multi Grip"},"content":{"rendered":"<h3><strong>Multi Grip Bar - Molteplici varianti di presa per l'allenamento della parte superiore del corpo<\/strong><\/h3>\n<p><span style=\"font-weight: 400\">Progettata per un allenamento vario della parte superiore del corpo e delle spalle, la Multi Grip Bar permette di utilizzare diverse larghezze e angolazioni di presa per dirigere il carico in modo specifico su petto, spalle o tricipiti. Le impugnature angolate permettono di allenarsi con avambracci pronati, supinati o neutri, riducendo in modo significativo il carico sulle articolazioni e creando nuovi stimoli di allenamento. Soprattutto per le distensioni su panca, i curl o la french press, l'impugnatura neutra offre maggiore comfort e pu\u00f2 prevenire i tipici problemi alle spalle. Il design rotante permette di utilizzare l'impugnatura con un'angolazione di 60 o 120 gradi.<\/span><\/p>\n<p><span style=\"font-weight: 400\">Con un peso di 20 kg, una lunghezza di 210 cm e una capacit\u00e0 di carico massima di 250 kg, la barra Multi Grip \u00e8 particolarmente robusta e progettata per un allenamento intensivo della forza. La larghezza interna della presa \u00e8 di 25,5 cm e il diametro della presa \u00e8 di 28 mm. Le estremit\u00e0 da 50 mm di diametro e 36 cm di lunghezza sono compatibili con tutte le piastre di peso standard da 50\/51 mm. La verniciatura a polvere nera garantisce una superficie antiscivolo e un'elevata durata.<\/span><\/p>\n<p><span style=\"font-weight: 400\">La barra Multi Grip \u00e8 un complemento funzionale per l'allenamento della forza varia ed \u00e8 ideale per l'uso nelle palestre di casa o negli studi.<\/span><\/p>","protected":false},"excerpt":{"rendered":"<p>Barra Multi Grip da 50 mm: acciaio robusto, con peso netto di 20 kg. Lunga 210 cm, pu\u00f2 essere caricata fino a 250 kg. Tre varianti di presa con una sola barra per un allenamento mirato della parte superiore del corpo. Presa sicura grazie alla verniciatura a polvere.<\/p>","protected":false},"featured_media":9051981,"comment_status":"closed","ping_status":"closed","template":"","meta":{"_acf_changed":false,"_gspb_post_css":""},"product_brand":[1000],"product_cat":[839],"product_tag":[],"class_list":{"0":"post-5695","1":"product","2":"type-product","3":"status-publish","4":"has-post-thumbnail","6":"product_brand-fitcom","7":"product_cat-50mm-hantelstangen","8":"product_shipping_class-hantelstange","9":"pa_abwurffaehig-nein","10":"pa_artikel-pro-verkaufseinheit-1x","11":"pa_durchmesser-50-mm","12":"pa_farbe-schwarz","13":"pa_gewicht-20-kg","14":"pa_griffdurchmesser-2-8-mm","15":"pa_griffinnenmass-25-5-cm","16":"pa_griffumfang-88-mm","17":"pa_griffweitenmarkierung-nein","18":"pa_hantelstangentyp-langhantelstange","19":"pa_hantelverschluss-keine","20":"pa_laenge-210-cm","21":"pa_lieferumfang-1x-hantelstange","22":"pa_material-stahl-pulverbeschichtet","23":"pa_max-belastung-250-kg","25":"first","26":"instock","27":"taxable","28":"shipping-taxable","29":"purchasable","30":"product-type-simple"},"bundled_by":[],"bundle_stock_status":"instock","bundle_stock_quantity":15,"bundle_virtual":false,"bundle_layout":"","bundle_add_to_cart_form_location":"","bundle_editable_in_cart":false,"bundle_sold_individually_context":"","bundle_item_grouping":"","bundle_min_size":"","bundle_max_size":"","bundle_price":[],"bundled_items":[],"bundle_sell_ids":[],"acf":[],"df_price":120,"df_sale_price":"","df_regular_price":120,"df_image_link":"https:\/\/www.fitness-flohmarkt.ch\/wp-content\/uploads\/F-24279_Multi-Grip-Bar_0-20251108-003956-300x300.jpg","_links":{"self":[{"href":"https:\/\/www.fitness-flohmarkt.ch\/it\/wp-json\/wp\/v2\/product\/5695","targetHints":{"allow":["GET"]}}],"collection":[{"href":"https:\/\/www.fitness-flohmarkt.ch\/it\/wp-json\/wp\/v2\/product"}],"about":[{"href":"https:\/\/www.fitness-flohmarkt.ch\/it\/wp-json\/wp\/v2\/types\/product"}],"replies":[{"embeddable":true,"href":"https:\/\/www.fitness-flohmarkt.ch\/it\/wp-json\/wp\/v2\/comments?post=5695"}],"wp:featuredmedia":[{"embeddable":true,"href":"https:\/\/www.fitness-flohmarkt.ch\/it\/wp-json\/wp\/v2\/media\/9051981"}],"wp:attachment":[{"href":"https:\/\/www.fitness-flohmarkt.ch\/it\/wp-json\/wp\/v2\/media?parent=5695"}],"wp:term":[{"taxonomy":"product_brand","embeddable":true,"href":"https:\/\/www.fitness-flohmarkt.ch\/it\/wp-json\/wp\/v2\/product_brand?post=5695"},{"taxonomy":"product_cat","embeddable":true,"href":"https:\/\/www.fitness-flohmarkt.ch\/it\/wp-json\/wp\/v2\/product_cat?post=5695"},{"taxonomy":"product_tag","embeddable":true,"href":"https:\/\/www.fitness-flohmarkt.ch\/it\/wp-json\/wp\/v2\/product_tag?post=5695"}],"curies":[{"name":"wp","href":"https:\/\/api.w.org\/{rel}","templated":true}]}}