{"id":5367,"date":"2025-01-25T16:57:52","date_gmt":"2025-01-25T15:57:52","guid":{"rendered":"https:\/\/www2.fitness-flohmarkt.ch\/produkt\/balance-trainer-gleichgewicht\/"},"modified":"2026-04-20T13:30:46","modified_gmt":"2026-04-20T11:30:46","slug":"equilibrio-trainer-equilibrio","status":"publish","type":"product","link":"https:\/\/www.fitness-flohmarkt.ch\/it\/produkt\/balance-trainer-gleichgewicht\/","title":{"rendered":"Balance Trainer | Balance"},"content":{"rendered":"<h3>Balance trainer con cuscino d'aria e cinghie - per stabilit\u00e0, forza e coordinazione<\/h3>\n<p>Il balance trainer con cuscino d'aria e bande elastiche aggiuntive \u00e8 un attrezzo fitness versatile che pu\u00f2 essere utilizzato per allenare l'equilibrio, la stabilit\u00e0 e la coordinazione in modo mirato. Il cuscino ad aria permette di allenare l'equilibrio, attivando e rafforzando i muscoli profondi. Le bande elastiche laterali offrono ulteriori opzioni di allenamento per le braccia e la parte superiore del corpo. Il livello di difficolt\u00e0 pu\u00f2 essere personalizzato regolando la pressione dell'aria. Ideale per l'allenamento di tutto il corpo a casa, in palestra o per la riabilitazione. Il Balance Trainer \u00e8 adatto sia ai principianti che agli utenti esperti ed \u00e8 uno strumento efficace per migliorare l'equilibrio, la flessibilit\u00e0 e i muscoli.<\/p>","protected":false},"excerpt":{"rendered":"<p>Allenatore di equilibrio con cinghie: Dispositivo di allenamento versatile per promuovere l'equilibrio, la coordinazione e la muscolatura profonda. Include bande di resistenza per esercizi aggiuntivi per la parte superiore del corpo. Pressione dell'aria regolabile individualmente: ideale per l'allenamento, la riabilitazione e la mobilit\u00e0.<\/p>","protected":false},"featured_media":59156,"comment_status":"closed","ping_status":"closed","template":"","meta":{"_acf_changed":false,"_gspb_post_css":""},"product_brand":[1000],"product_cat":[809],"product_tag":[],"class_list":{"0":"post-5367","1":"product","2":"type-product","3":"status-publish","4":"has-post-thumbnail","6":"product_brand-fitcom","7":"product_cat-balance-trainer","8":"pa_artikel-pro-verkaufseinheit-1x","9":"pa_balance-trainer-typ-balance-ball","10":"pa_durchmesser-58-cm","11":"pa_farbe-blau","12":"pa_farbe-schwarz","13":"pa_gewicht-5-kg","14":"pa_hoehe-24-cm","15":"pa_lieferumfang-1x-gleichgewichtstrainer","16":"pa_material-gummi","17":"pa_material-kunststoff","18":"pa_max-belastung-150-kg","20":"first","21":"instock","22":"taxable","23":"shipping-taxable","24":"purchasable","25":"product-type-simple"},"bundled_by":[],"bundle_stock_status":"instock","bundle_stock_quantity":148,"bundle_virtual":false,"bundle_layout":"","bundle_add_to_cart_form_location":"","bundle_editable_in_cart":false,"bundle_sold_individually_context":"","bundle_item_grouping":"","bundle_min_size":"","bundle_max_size":"","bundle_price":[],"bundled_items":[],"bundle_sell_ids":[],"acf":[],"df_price":60,"df_sale_price":"","df_regular_price":60,"df_image_link":"https:\/\/www.fitness-flohmarkt.ch\/wp-content\/uploads\/F-74727_Balance-Trainer_0-20250314-111018-300x300.jpg","_links":{"self":[{"href":"https:\/\/www.fitness-flohmarkt.ch\/it\/wp-json\/wp\/v2\/product\/5367","targetHints":{"allow":["GET"]}}],"collection":[{"href":"https:\/\/www.fitness-flohmarkt.ch\/it\/wp-json\/wp\/v2\/product"}],"about":[{"href":"https:\/\/www.fitness-flohmarkt.ch\/it\/wp-json\/wp\/v2\/types\/product"}],"replies":[{"embeddable":true,"href":"https:\/\/www.fitness-flohmarkt.ch\/it\/wp-json\/wp\/v2\/comments?post=5367"}],"wp:featuredmedia":[{"embeddable":true,"href":"https:\/\/www.fitness-flohmarkt.ch\/it\/wp-json\/wp\/v2\/media\/59156"}],"wp:attachment":[{"href":"https:\/\/www.fitness-flohmarkt.ch\/it\/wp-json\/wp\/v2\/media?parent=5367"}],"wp:term":[{"taxonomy":"product_brand","embeddable":true,"href":"https:\/\/www.fitness-flohmarkt.ch\/it\/wp-json\/wp\/v2\/product_brand?post=5367"},{"taxonomy":"product_cat","embeddable":true,"href":"https:\/\/www.fitness-flohmarkt.ch\/it\/wp-json\/wp\/v2\/product_cat?post=5367"},{"taxonomy":"product_tag","embeddable":true,"href":"https:\/\/www.fitness-flohmarkt.ch\/it\/wp-json\/wp\/v2\/product_tag?post=5367"}],"curies":[{"name":"wp","href":"https:\/\/api.w.org\/{rel}","templated":true}]}}