{"id":5274,"date":"2025-01-25T16:56:26","date_gmt":"2025-01-25T15:56:26","guid":{"rendered":"https:\/\/www2.fitness-flohmarkt.ch\/produkt\/hex-hantelsatz-2-5-bis-30-kg-set-inkl-rack\/"},"modified":"2026-03-30T13:39:42","modified_gmt":"2026-03-30T11:39:42","slug":"set-di-manubri-esagonali-2-da-5-a-30-kg-con-rastrelliera","status":"publish","type":"product","link":"https:\/\/www.fitness-flohmarkt.ch\/it\/produkt\/hex-hantelsatz-2-5-bis-30-kg-set-inkl-rack\/","title":{"rendered":"Set di manubri esagonali da 2,5 a 30 kg | Set incl. rastrelliera"},"content":{"rendered":"<h3 class=\"\" data-start=\"352\" data-end=\"449\"><strong data-start=\"356\" data-end=\"449\">Set di manubri esagonali da 2,5 a 30 kg con supporto - Set robusto per un allenamento intensivo con i manubri<\/strong><\/h3>\n<p class=\"\" data-start=\"451\" data-end=\"952\">Il set di manubri Hex da 2,5 a 30 kg comprende 12 paia di manubri (2x ciascuno da 2,5, 5, 7,5, 10, 12,5, 15, 17,5, 20, 22,5, 25, 27,5 e 30 kg) e offre una selezione completa di pesi per una vasta gamma di obiettivi di allenamento. I manubri sono realizzati con una solida anima in ghisa e hanno un rivestimento in gomma resistente, che li rende non solo robusti e durevoli, ma anche delicati sul pavimento: l'ideale per un uso frequente nell'allenamento funzionale e nel CrossFit.<\/p>\n<p class=\"\" data-start=\"954\" data-end=\"1382\">La forma esagonale fa s\u00ec che i manubri non rotolino, rendendoli sicuri e facili da riporre. L'impugnatura ergonomica e cromata, lunga circa 13 cm, \u00e8 comoda da impugnare e garantisce una presa sicura durante tutti gli esercizi. Ogni manubrio \u00e8 etichettato con un'indicazione di peso integrata, che consente di identificare rapidamente i manubri durante l'allenamento.<\/p>\n<p class=\"\" data-start=\"1384\" data-end=\"1875\">La rastrelliera inclusa nel set (240 x 80 x 57 cm) offre spazio sufficiente per le 12 paia di manubri esagonali e garantisce una conservazione chiara e organizzata. Grazie alla robusta struttura in acciaio, garantisce una conservazione sicura e stabile dei manubri, anche in caso di uso intensivo in palestra o a casa. I due livelli di stoccaggio della rastrelliera offrono spazio sufficiente e la leggera inclinazione permette di accedere facilmente a ogni manubrio.<\/p>\n<p class=\"\" data-start=\"1877\" data-end=\"2167\">Il set di manubri Hex da 2,5 a 30 kg con supporto \u00e8 un set robusto e funzionale per gli ambienti di allenamento pi\u00f9 esigenti. Consente di riporre i manubri in modo sicuro e poco ingombrante ed \u00e8 perfetto per tutti coloro che tengono alla qualit\u00e0, all'organizzazione e all'efficacia dell'allenamento.<\/p>","protected":false},"excerpt":{"rendered":"<p>Set di manubri esagonali da 2,5 a 30 kg con supporto: set con 12 paia di manubri e robusta rastrelliera. Perfetto per l'allenamento funzionale e il CrossFit. Robusto rivestimento in gomma, maniglie cromate e spazio minimo per riporre i manubri.<\/p>","protected":false},"featured_media":9051554,"comment_status":"closed","ping_status":"closed","template":"","meta":{"_acf_changed":false,"_gspb_post_css":""},"product_brand":[1000],"product_cat":[302],"product_tag":[],"class_list":{"0":"post-5274","1":"product","2":"type-product","3":"status-publish","4":"has-post-thumbnail","6":"product_brand-fitcom","7":"product_cat-kompakthanteln","8":"product_shipping_class-standard","9":"pa_ablage-gummiert-nein","10":"pa_artikel-pro-verkaufseinheit-13x","11":"pa_breite-240-cm","12":"pa_breite-abstellflaeche-240-cm","13":"pa_farbe-schwarz","14":"pa_gewicht-102-kg","15":"pa_hanteltyp-kurzhantel","16":"pa_hoehe-80-cm","17":"pa_kernmaterial-stahl","18":"pa_lieferumfang-12x-kurzhantel-paar","19":"pa_lieferumfang-1x-kurzhantelstaender","20":"pa_max-belastung-1000-kg","21":"pa_oberflaeche-pulverbeschichtet","22":"pa_staendertyp-kurzhantelstaender","23":"pa_tiefe-57-cm","24":"pa_tiefe-abstellflaeche-39-cm","26":"first","27":"instock","28":"taxable","29":"shipping-taxable","30":"purchasable","31":"product-type-bundle"},"bundled_by":[],"bundle_stock_status":"insufficientstock","bundle_stock_quantity":0,"bundle_virtual":false,"bundle_layout":"default","bundle_add_to_cart_form_location":"default","bundle_editable_in_cart":false,"bundle_sold_individually_context":"product","bundle_item_grouping":"parent","bundle_min_size":"","bundle_max_size":"","bundle_price":{"price":{"min":{"incl_tax":"1590","excl_tax":"1470.860315"},"max":{"incl_tax":"1590","excl_tax":"1470.860315"}},"regular_price":{"min":{"incl_tax":"1590","excl_tax":"1470.860315"},"max":{"incl_tax":"1590","excl_tax":"1470.860315"}}},"bundled_items":[{"bundled_item_id":786,"product_id":19467,"menu_order":0,"quantity_min":2,"quantity_max":2,"quantity_default":2,"priced_individually":false,"shipped_individually":false,"override_title":false,"title":"Manubrio esagonale | Manubrio esagonale","override_description":false,"description":"","optional":false,"hide_thumbnail":false,"discount":"","override_variations":true,"allowed_variations":[27656],"override_default_variation_attributes":true,"default_variation_attributes":[{"id":6,"name":"Peso","option":"2-5-kg"},{"id":9,"name":"Lunghezza","option":"22-5-cm"},{"id":4,"name":"Larghezza","option":"7-cm"},{"id":8,"name":"Altezza","option":"8-cm"},{"id":21,"name":"Diametro dell'impugnatura","option":"2-8-mm"}],"single_product_visibility":"hidden","cart_visibility":"hidden","order_visibility":"hidden","single_product_price_visibility":"visible","cart_price_visibility":"visible","order_price_visibility":"visible","stock_status":"in_stock"},{"bundled_item_id":787,"product_id":19467,"menu_order":1,"quantity_min":2,"quantity_max":2,"quantity_default":2,"priced_individually":false,"shipped_individually":false,"override_title":false,"title":"Manubrio esagonale | Manubrio esagonale","override_description":false,"description":"","optional":false,"hide_thumbnail":false,"discount":"","override_variations":true,"allowed_variations":[19682],"override_default_variation_attributes":true,"default_variation_attributes":[{"id":6,"name":"Peso","option":"5-kg"},{"id":9,"name":"Lunghezza","option":"28-5-cm"},{"id":4,"name":"Larghezza","option":"11-cm"},{"id":8,"name":"Altezza","option":"13-cm"},{"id":21,"name":"Diametro dell'impugnatura","option":"2-8-mm"}],"single_product_visibility":"hidden","cart_visibility":"hidden","order_visibility":"hidden","single_product_price_visibility":"visible","cart_price_visibility":"visible","order_price_visibility":"visible","stock_status":"out_of_stock"},{"bundled_item_id":788,"product_id":19467,"menu_order":2,"quantity_min":2,"quantity_max":2,"quantity_default":2,"priced_individually":false,"shipped_individually":false,"override_title":false,"title":"Manubrio esagonale | Manubrio esagonale","override_description":false,"description":"","optional":false,"hide_thumbnail":false,"discount":"","override_variations":true,"allowed_variations":[20976],"override_default_variation_attributes":true,"default_variation_attributes":[{"id":6,"name":"Peso","option":"7-5-kg"},{"id":9,"name":"Lunghezza","option":"30-cm"},{"id":4,"name":"Larghezza","option":"11-5-cm"},{"id":8,"name":"Altezza","option":"13-5-cm"},{"id":21,"name":"Diametro dell'impugnatura","option":"34-mm"}],"single_product_visibility":"hidden","cart_visibility":"hidden","order_visibility":"hidden","single_product_price_visibility":"visible","cart_price_visibility":"visible","order_price_visibility":"visible","stock_status":"out_of_stock"},{"bundled_item_id":789,"product_id":19467,"menu_order":3,"quantity_min":2,"quantity_max":2,"quantity_default":2,"priced_individually":false,"shipped_individually":false,"override_title":false,"title":"Manubrio esagonale | Manubrio esagonale","override_description":false,"description":"","optional":false,"hide_thumbnail":false,"discount":"","override_variations":true,"allowed_variations":[19833],"override_default_variation_attributes":true,"default_variation_attributes":[{"id":6,"name":"Peso","option":"10-kg"},{"id":9,"name":"Lunghezza","option":"31-cm"},{"id":4,"name":"Larghezza","option":"14-cm"},{"id":8,"name":"Altezza","option":"16-cm"},{"id":21,"name":"Diametro dell'impugnatura","option":"34-mm"}],"single_product_visibility":"hidden","cart_visibility":"hidden","order_visibility":"hidden","single_product_price_visibility":"visible","cart_price_visibility":"visible","order_price_visibility":"visible","stock_status":"in_stock"},{"bundled_item_id":790,"product_id":19467,"menu_order":4,"quantity_min":2,"quantity_max":2,"quantity_default":2,"priced_individually":false,"shipped_individually":false,"override_title":false,"title":"Manubrio esagonale | Manubrio esagonale","override_description":false,"description":"","optional":false,"hide_thumbnail":false,"discount":"","override_variations":true,"allowed_variations":[19820],"override_default_variation_attributes":true,"default_variation_attributes":[{"id":6,"name":"Peso","option":"12-5-kg"},{"id":9,"name":"Lunghezza","option":"32-5-cm"},{"id":4,"name":"Larghezza","option":"14-cm"},{"id":8,"name":"Altezza","option":"16-cm"},{"id":21,"name":"Diametro dell'impugnatura","option":"34-mm"}],"single_product_visibility":"hidden","cart_visibility":"hidden","order_visibility":"hidden","single_product_price_visibility":"visible","cart_price_visibility":"visible","order_price_visibility":"visible","stock_status":"in_stock"},{"bundled_item_id":791,"product_id":19467,"menu_order":5,"quantity_min":2,"quantity_max":2,"quantity_default":2,"priced_individually":false,"shipped_individually":false,"override_title":false,"title":"Manubrio esagonale | Manubrio esagonale","override_description":false,"description":"","optional":false,"hide_thumbnail":false,"discount":"","override_variations":true,"allowed_variations":[19807],"override_default_variation_attributes":true,"default_variation_attributes":[{"id":6,"name":"Peso","option":"15-kg"},{"id":9,"name":"Lunghezza","option":"34-cm"},{"id":4,"name":"Larghezza","option":"14-cm"},{"id":8,"name":"Altezza","option":"16-5-cm"},{"id":21,"name":"Diametro dell'impugnatura","option":"34-mm"}],"single_product_visibility":"hidden","cart_visibility":"hidden","order_visibility":"hidden","single_product_price_visibility":"visible","cart_price_visibility":"visible","order_price_visibility":"visible","stock_status":"in_stock"},{"bundled_item_id":792,"product_id":19467,"menu_order":6,"quantity_min":2,"quantity_max":2,"quantity_default":2,"priced_individually":false,"shipped_individually":false,"override_title":false,"title":"Manubrio esagonale | Manubrio esagonale","override_description":false,"description":"","optional":false,"hide_thumbnail":false,"discount":"","override_variations":true,"allowed_variations":[19794],"override_default_variation_attributes":true,"default_variation_attributes":[{"id":6,"name":"Peso","option":"17-5-kg"},{"id":9,"name":"Lunghezza","option":"35-5-cm"},{"id":4,"name":"Larghezza","option":"14-cm"},{"id":8,"name":"Altezza","option":"16-5-cm"},{"id":21,"name":"Diametro dell'impugnatura","option":"34-mm"}],"single_product_visibility":"hidden","cart_visibility":"hidden","order_visibility":"hidden","single_product_price_visibility":"visible","cart_price_visibility":"visible","order_price_visibility":"visible","stock_status":"in_stock"},{"bundled_item_id":793,"product_id":19467,"menu_order":7,"quantity_min":2,"quantity_max":2,"quantity_default":2,"priced_individually":false,"shipped_individually":false,"override_title":false,"title":"Manubrio esagonale | Manubrio esagonale","override_description":false,"description":"","optional":false,"hide_thumbnail":false,"discount":"","override_variations":true,"allowed_variations":[19776],"override_default_variation_attributes":true,"default_variation_attributes":[{"id":6,"name":"Peso","option":"20-kg"},{"id":9,"name":"Lunghezza","option":"36-5-cm"},{"id":4,"name":"Larghezza","option":"14-5-cm"},{"id":8,"name":"Altezza","option":"17-cm"},{"id":21,"name":"Diametro dell'impugnatura","option":"34-mm"}],"single_product_visibility":"hidden","cart_visibility":"hidden","order_visibility":"hidden","single_product_price_visibility":"visible","cart_price_visibility":"visible","order_price_visibility":"visible","stock_status":"in_stock"},{"bundled_item_id":794,"product_id":19467,"menu_order":8,"quantity_min":2,"quantity_max":2,"quantity_default":2,"priced_individually":false,"shipped_individually":false,"override_title":false,"title":"Manubrio esagonale | Manubrio esagonale","override_description":false,"description":"","optional":false,"hide_thumbnail":false,"discount":"","override_variations":true,"allowed_variations":[19771],"override_default_variation_attributes":true,"default_variation_attributes":[{"id":6,"name":"Peso","option":"22-5-kg"},{"id":9,"name":"Lunghezza","option":"37-cm"},{"id":4,"name":"Larghezza","option":"15-cm"},{"id":8,"name":"Altezza","option":"17-5-cm"},{"id":21,"name":"Diametro dell'impugnatura","option":"34-mm"}],"single_product_visibility":"hidden","cart_visibility":"hidden","order_visibility":"hidden","single_product_price_visibility":"visible","cart_price_visibility":"visible","order_price_visibility":"visible","stock_status":"in_stock"},{"bundled_item_id":795,"product_id":19467,"menu_order":9,"quantity_min":2,"quantity_max":2,"quantity_default":2,"priced_individually":false,"shipped_individually":false,"override_title":false,"title":"Manubrio esagonale | Manubrio esagonale","override_description":false,"description":"","optional":false,"hide_thumbnail":false,"discount":"","override_variations":true,"allowed_variations":[19758],"override_default_variation_attributes":true,"default_variation_attributes":[{"id":6,"name":"Peso","option":"25-kg"},{"id":9,"name":"Lunghezza","option":"38-cm"},{"id":4,"name":"Larghezza","option":"15-5-cm"},{"id":8,"name":"Altezza","option":"18-cm"},{"id":21,"name":"Diametro dell'impugnatura","option":"34-mm"}],"single_product_visibility":"hidden","cart_visibility":"hidden","order_visibility":"hidden","single_product_price_visibility":"visible","cart_price_visibility":"visible","order_price_visibility":"visible","stock_status":"in_stock"},{"bundled_item_id":796,"product_id":19467,"menu_order":10,"quantity_min":2,"quantity_max":2,"quantity_default":2,"priced_individually":false,"shipped_individually":false,"override_title":false,"title":"Manubrio esagonale | Manubrio esagonale","override_description":false,"description":"","optional":false,"hide_thumbnail":false,"discount":"","override_variations":true,"allowed_variations":[19745],"override_default_variation_attributes":true,"default_variation_attributes":[{"id":6,"name":"Peso","option":"27-5-kg"},{"id":9,"name":"Lunghezza","option":"39-cm"},{"id":4,"name":"Larghezza","option":"16-cm"},{"id":8,"name":"Altezza","option":"18-5-cm"},{"id":21,"name":"Diametro dell'impugnatura","option":"34-mm"}],"single_product_visibility":"hidden","cart_visibility":"hidden","order_visibility":"hidden","single_product_price_visibility":"visible","cart_price_visibility":"visible","order_price_visibility":"visible","stock_status":"in_stock"},{"bundled_item_id":797,"product_id":19467,"menu_order":11,"quantity_min":2,"quantity_max":2,"quantity_default":2,"priced_individually":false,"shipped_individually":false,"override_title":false,"title":"Manubrio esagonale | Manubrio esagonale","override_description":false,"description":"","optional":false,"hide_thumbnail":false,"discount":"","override_variations":true,"allowed_variations":[19727],"override_default_variation_attributes":true,"default_variation_attributes":[{"id":6,"name":"Peso","option":"30-kg"},{"id":9,"name":"Lunghezza","option":"39-5-cm"},{"id":4,"name":"Larghezza","option":"16-5-cm"},{"id":8,"name":"Altezza","option":"19-cm"},{"id":21,"name":"Diametro dell'impugnatura","option":"34-mm"}],"single_product_visibility":"hidden","cart_visibility":"hidden","order_visibility":"hidden","single_product_price_visibility":"visible","cart_price_visibility":"visible","order_price_visibility":"visible","stock_status":"in_stock"},{"bundled_item_id":798,"product_id":9019589,"menu_order":12,"quantity_min":1,"quantity_max":1,"quantity_default":1,"priced_individually":false,"shipped_individually":false,"override_title":false,"title":"Portamanubri esagonale e supporto 2 volte","override_description":false,"description":"","optional":false,"hide_thumbnail":false,"discount":"","override_variations":true,"allowed_variations":[9035794],"override_default_variation_attributes":true,"default_variation_attributes":[{"id":4,"name":"Larghezza","option":"240-cm"},{"id":6,"name":"Peso","option":"102-kg"},{"id":63,"name":"Ampio ripiano","option":"235-cm"}],"single_product_visibility":"hidden","cart_visibility":"hidden","order_visibility":"hidden","single_product_price_visibility":"visible","cart_price_visibility":"visible","order_price_visibility":"visible","stock_status":"in_stock"}],"bundle_sell_ids":[],"acf":[],"df_price":1590,"df_sale_price":"","df_regular_price":1590,"df_image_link":"https:\/\/www.fitness-flohmarkt.ch\/wp-content\/uploads\/F-17837_Hex-Hantelsatz-2.5-bis-30-Kg-Set-inkl.-Rack_0-20251103-013029-300x300.jpg","_links":{"self":[{"href":"https:\/\/www.fitness-flohmarkt.ch\/it\/wp-json\/wp\/v2\/product\/5274","targetHints":{"allow":["GET"]}}],"collection":[{"href":"https:\/\/www.fitness-flohmarkt.ch\/it\/wp-json\/wp\/v2\/product"}],"about":[{"href":"https:\/\/www.fitness-flohmarkt.ch\/it\/wp-json\/wp\/v2\/types\/product"}],"replies":[{"embeddable":true,"href":"https:\/\/www.fitness-flohmarkt.ch\/it\/wp-json\/wp\/v2\/comments?post=5274"}],"wp:featuredmedia":[{"embeddable":true,"href":"https:\/\/www.fitness-flohmarkt.ch\/it\/wp-json\/wp\/v2\/media\/9051554"}],"wp:attachment":[{"href":"https:\/\/www.fitness-flohmarkt.ch\/it\/wp-json\/wp\/v2\/media?parent=5274"}],"wp:term":[{"taxonomy":"product_brand","embeddable":true,"href":"https:\/\/www.fitness-flohmarkt.ch\/it\/wp-json\/wp\/v2\/product_brand?post=5274"},{"taxonomy":"product_cat","embeddable":true,"href":"https:\/\/www.fitness-flohmarkt.ch\/it\/wp-json\/wp\/v2\/product_cat?post=5274"},{"taxonomy":"product_tag","embeddable":true,"href":"https:\/\/www.fitness-flohmarkt.ch\/it\/wp-json\/wp\/v2\/product_tag?post=5274"}],"curies":[{"name":"wp","href":"https:\/\/api.w.org\/{rel}","templated":true}]}}