{"id":5198,"date":"2025-01-25T16:54:21","date_gmt":"2025-01-25T15:54:21","guid":{"rendered":"https:\/\/www2.fitness-flohmarkt.ch\/produkt\/fitnessboden-100-x-100-x-1-5\/"},"modified":"2026-04-20T15:14:15","modified_gmt":"2026-04-20T13:14:15","slug":"pavimento-fitness-100-x-100-x-1-5","status":"publish","type":"product","link":"https:\/\/www.fitness-flohmarkt.ch\/it\/produkt\/fitnessboden-100-x-100-x-1-5\/","title":{"rendered":"Tappetino in gomma 100 x 100 x 1,5 cm | Pavimento fitness"},"content":{"rendered":"<h3>Pavimento fitness in gomma 100 x 100 x 1,5 cm - Antiscivolo, ammortizzante e facile da pulire<\/h3>\n<p class=\"whitespace-normal break-words\">La pedana fitness in gomma nera di dimensioni 100 x 100 x 1,5 cm \u00e8 ideale per l'allenamento a casa. Il materiale in gomma garantisce un buon assorbimento degli urti e protegge la superficie da eventuali danni. La superficie antiscivolo garantisce un allenamento sicuro.<\/p>\n<p class=\"whitespace-normal break-words\">Grazie al pratico design quadrato, il pavimento \u00e8 facile da posare e l'area pu\u00f2 essere ampliata a seconda delle esigenze. Il pavimento fitness \u00e8 facile da pulire e resiste al sudore e all'umidit\u00e0. Ideale per allenarsi a casa: questo pavimento fitness in gomma nera offre condizioni solide per i tuoi allenamenti.<\/p>\n<p><strong>Nota:<\/strong> Prezzo per pezzo.<\/p>\n<p><strong>Questo pavimento \u00e8 stato progettato come soluzione economica di base. \u00c8 possibile che vi siano lievi differenze nelle dimensioni, che possono causare irregolarit\u00e0 durante l'installazione. Questo \u00e8 del tutto normale e non influisce sulla funzionalit\u00e0. Se desideri la massima precisione, il nostro sistema di pavimentazione Connect+ \u00e8 la soluzione ideale.<\/strong><\/p>","protected":false},"excerpt":{"rendered":"<p>Pavimento fitness in gomma nera (100 x 100 x 1,5 cm): ammortizzante, antiscivolo e facile da pulire. Modello base per le sale di allenamento, riduce il rischio di lesioni. Adatto per l'allenamento a casa.<\/p>","protected":false},"featured_media":9049052,"comment_status":"closed","ping_status":"closed","template":"","meta":{"_acf_changed":false,"_gspb_post_css":""},"product_brand":[1000],"product_cat":[804,331],"product_tag":[],"class_list":{"0":"post-5198","1":"product","2":"type-product","3":"status-publish","4":"has-post-thumbnail","6":"product_brand-fitcom","7":"product_cat-fitness-bodenschutzmatte","8":"product_cat-weightlifting","9":"product_shipping_class-nicht-stapelbar","10":"pa_anzahl-verpackungseinheit-689","11":"pa_artikel-pro-verkaufseinheit-1x","12":"pa_breite-100-cm","13":"pa_dicke-15-mm","14":"pa_farbe-schwarz","15":"pa_fitnessbodentyp-einzelne-matte","16":"pa_geraeuschdaempfend-ja","17":"pa_gewicht-13-kg","18":"pa_haertegrad-hart","19":"pa_laenge-100-cm","20":"pa_lieferumfang-1x-bodenplatte","21":"pa_material-gummi","22":"pa_shock-absorption-system-ja","23":"pa_verbindungsart-keine","25":"first","26":"instock","27":"taxable","28":"shipping-taxable","29":"purchasable","30":"product-type-simple"},"bundled_by":[],"bundle_stock_status":"instock","bundle_stock_quantity":621,"bundle_virtual":false,"bundle_layout":"","bundle_add_to_cart_form_location":"","bundle_editable_in_cart":false,"bundle_sold_individually_context":"","bundle_item_grouping":"","bundle_min_size":"","bundle_max_size":"","bundle_price":[],"bundled_items":[],"bundle_sell_ids":[],"acf":[],"df_price":35,"df_sale_price":"","df_regular_price":35,"df_image_link":"https:\/\/www.fitness-flohmarkt.ch\/wp-content\/uploads\/F-98166_Fitnessboden-100-x-100-x-1.5_0-20251008-113355-300x300.jpg","_links":{"self":[{"href":"https:\/\/www.fitness-flohmarkt.ch\/it\/wp-json\/wp\/v2\/product\/5198","targetHints":{"allow":["GET"]}}],"collection":[{"href":"https:\/\/www.fitness-flohmarkt.ch\/it\/wp-json\/wp\/v2\/product"}],"about":[{"href":"https:\/\/www.fitness-flohmarkt.ch\/it\/wp-json\/wp\/v2\/types\/product"}],"replies":[{"embeddable":true,"href":"https:\/\/www.fitness-flohmarkt.ch\/it\/wp-json\/wp\/v2\/comments?post=5198"}],"wp:featuredmedia":[{"embeddable":true,"href":"https:\/\/www.fitness-flohmarkt.ch\/it\/wp-json\/wp\/v2\/media\/9049052"}],"wp:attachment":[{"href":"https:\/\/www.fitness-flohmarkt.ch\/it\/wp-json\/wp\/v2\/media?parent=5198"}],"wp:term":[{"taxonomy":"product_brand","embeddable":true,"href":"https:\/\/www.fitness-flohmarkt.ch\/it\/wp-json\/wp\/v2\/product_brand?post=5198"},{"taxonomy":"product_cat","embeddable":true,"href":"https:\/\/www.fitness-flohmarkt.ch\/it\/wp-json\/wp\/v2\/product_cat?post=5198"},{"taxonomy":"product_tag","embeddable":true,"href":"https:\/\/www.fitness-flohmarkt.ch\/it\/wp-json\/wp\/v2\/product_tag?post=5198"}],"curies":[{"name":"wp","href":"https:\/\/api.w.org\/{rel}","templated":true}]}}