{"id":5172,"date":"2025-01-25T16:53:40","date_gmt":"2025-01-25T15:53:40","guid":{"rendered":"https:\/\/www2.fitness-flohmarkt.ch\/produkt\/hex-dumbbell-set-5-bis-30-kg-inkl-staender\/"},"modified":"2026-04-20T15:36:45","modified_gmt":"2026-04-20T13:36:45","slug":"set-di-manubri-esagonali-da-5-a-30-kg-incluso-supporto","status":"publish","type":"product","link":"https:\/\/www.fitness-flohmarkt.ch\/it\/produkt\/hex-dumbbell-set-5-bis-30-kg-inkl-staender\/","title":{"rendered":"Set di manubri esagonali da 5 a 30 kg | Supporto incluso"},"content":{"rendered":"<h3><strong data-start=\"449\" data-end=\"538\">Set di manubri esagonali con rastrelliera - Robusto set completo per l'allenamento funzionale con i manubri<\/strong><\/h3>\n<p class=\"\" data-start=\"541\" data-end=\"927\">Questo set comprende 6 paia di manubri esagonali professionali (2x 5, 10, 15, 20, 25 e 30 kg ciascuno) e una robusta rastrelliera per riporre i manubri in modo sicuro. I manubri sono realizzati con un solido nucleo in ghisa, rivestito in gomma resistente: estremamente robusti e durevoli, delicati sul pavimento e ideali per l'allenamento funzionale e il CrossFit.<\/p>\n<p class=\"\" data-start=\"929\" data-end=\"1313\">La tipica forma esagonale impedisce ai manubri di rotolare via quando li appoggi. L'impugnatura ergonomica e cromata, con una lunghezza di circa 13 cm, garantisce una manipolazione sicura in ogni fase dell'allenamento. Ogni manubrio ha un indicatore di peso integrato e soddisfa i requisiti di un'attrezzatura da studio professionale realizzata con materie prime di alta qualit\u00e0.<\/p>\n<p class=\"\" data-start=\"1315\" data-end=\"1662\">La rastrelliera inclusa nel set (dimensioni: 120 \u00d7 80 \u00d7 65 cm) \u00e8 ottimizzata per i manubri Hex. Offre spazio per tutti e 12 i manubri su due livelli di stoccaggio chiaramente organizzati e con una leggera pendenza per un facile accesso. La robusta struttura in acciaio nero \u00e8 stabile e progettata per l'uso quotidiano nello studio o nella palestra di casa.<\/p>\n<p class=\"\" data-start=\"1664\" data-end=\"1763\">Un set compatto e di alta qualit\u00e0 per tutti coloro che danno priorit\u00e0 all'ordine, alla qualit\u00e0 e all'efficacia dell'allenamento.<\/p>","protected":false},"excerpt":{"rendered":"<p>Set di manubri esagonali con rastrelliera: set composto da 6 paia di manubri esagonali di alta qualit\u00e0 (5-30 kg) e da una robusta borsa per riporli (120 \u00d7 80 \u00d7 65 cm). Manubri gommati con impugnatura cromata e robusta rastrelliera - ideali per lo studio e la palestra di casa.<\/p>","protected":false},"featured_media":58992,"comment_status":"closed","ping_status":"closed","template":"","meta":{"_acf_changed":false,"_gspb_post_css":""},"product_brand":[1000],"product_cat":[302],"product_tag":[],"class_list":{"0":"post-5172","1":"product","2":"type-product","3":"status-publish","4":"has-post-thumbnail","6":"product_brand-fitcom","7":"product_cat-kompakthanteln","8":"pa_ablage-gummiert-nein","9":"pa_artikel-pro-verkaufseinheit-7x","10":"pa_breite-120-cm","11":"pa_breite-abstellflaeche-115-cm","12":"pa_farbe-schwarz","13":"pa_gewicht-51-2-kg","14":"pa_hanteltyp-kurzhantel","15":"pa_hoehe-80-cm","16":"pa_kernmaterial-stahl","17":"pa_lieferumfang-1x-kurzhantelstaender","18":"pa_lieferumfang-6x-kurzhantel-paar","19":"pa_max-belastung-480-kg","20":"pa_oberflaeche-pulverbeschichtet","21":"pa_staendertyp-hantelstaender","22":"pa_tiefe-56-cm","23":"pa_tiefe-abstellflaeche-39-cm","25":"first","26":"instock","27":"taxable","28":"shipping-taxable","29":"purchasable","30":"product-type-bundle"},"bundled_by":[],"bundle_stock_status":"instock","bundle_stock_quantity":7,"bundle_virtual":false,"bundle_layout":"default","bundle_add_to_cart_form_location":"default","bundle_editable_in_cart":false,"bundle_sold_individually_context":"product","bundle_item_grouping":"parent","bundle_min_size":"","bundle_max_size":"","bundle_price":{"price":{"min":{"incl_tax":"890","excl_tax":"823.311748"},"max":{"incl_tax":"890","excl_tax":"823.311748"}},"regular_price":{"min":{"incl_tax":"890","excl_tax":"823.311748"},"max":{"incl_tax":"890","excl_tax":"823.311748"}}},"bundled_items":[{"bundled_item_id":989,"product_id":19467,"menu_order":0,"quantity_min":2,"quantity_max":2,"quantity_default":2,"priced_individually":false,"shipped_individually":false,"override_title":false,"title":"Manubrio esagonale","override_description":false,"description":"","optional":false,"hide_thumbnail":false,"discount":"","override_variations":true,"allowed_variations":[19682],"override_default_variation_attributes":true,"default_variation_attributes":[{"id":6,"name":"Peso","option":"5-kg"},{"id":9,"name":"Lunghezza","option":"28-5-cm"},{"id":4,"name":"Larghezza","option":"11-cm"},{"id":8,"name":"Altezza","option":"13-cm"},{"id":21,"name":"Diametro dell'impugnatura","option":"2-8-mm"}],"single_product_visibility":"hidden","cart_visibility":"hidden","order_visibility":"hidden","single_product_price_visibility":"visible","cart_price_visibility":"visible","order_price_visibility":"visible","stock_status":"in_stock"},{"bundled_item_id":990,"product_id":19467,"menu_order":1,"quantity_min":2,"quantity_max":2,"quantity_default":2,"priced_individually":false,"shipped_individually":false,"override_title":false,"title":"Manubrio esagonale","override_description":false,"description":"","optional":false,"hide_thumbnail":false,"discount":"","override_variations":true,"allowed_variations":[19833],"override_default_variation_attributes":true,"default_variation_attributes":[{"id":6,"name":"Peso","option":"10-kg"},{"id":9,"name":"Lunghezza","option":"31-cm"},{"id":4,"name":"Larghezza","option":"14-cm"},{"id":8,"name":"Altezza","option":"16-cm"},{"id":21,"name":"Diametro dell'impugnatura","option":"34-mm"}],"single_product_visibility":"hidden","cart_visibility":"hidden","order_visibility":"hidden","single_product_price_visibility":"visible","cart_price_visibility":"visible","order_price_visibility":"visible","stock_status":"in_stock"},{"bundled_item_id":991,"product_id":19467,"menu_order":2,"quantity_min":2,"quantity_max":2,"quantity_default":2,"priced_individually":false,"shipped_individually":false,"override_title":false,"title":"Manubrio esagonale","override_description":false,"description":"","optional":false,"hide_thumbnail":false,"discount":"","override_variations":true,"allowed_variations":[19807],"override_default_variation_attributes":true,"default_variation_attributes":[{"id":6,"name":"Peso","option":"15-kg"},{"id":9,"name":"Lunghezza","option":"34-cm"},{"id":4,"name":"Larghezza","option":"14-cm"},{"id":8,"name":"Altezza","option":"16-5-cm"},{"id":21,"name":"Diametro dell'impugnatura","option":"34-mm"}],"single_product_visibility":"hidden","cart_visibility":"hidden","order_visibility":"hidden","single_product_price_visibility":"visible","cart_price_visibility":"visible","order_price_visibility":"visible","stock_status":"in_stock"},{"bundled_item_id":992,"product_id":19467,"menu_order":3,"quantity_min":2,"quantity_max":2,"quantity_default":2,"priced_individually":false,"shipped_individually":false,"override_title":false,"title":"Manubrio esagonale","override_description":false,"description":"","optional":false,"hide_thumbnail":false,"discount":"","override_variations":true,"allowed_variations":[19776],"override_default_variation_attributes":true,"default_variation_attributes":[{"id":6,"name":"Peso","option":"20-kg"},{"id":9,"name":"Lunghezza","option":"36-5-cm"},{"id":4,"name":"Larghezza","option":"14-5-cm"},{"id":8,"name":"Altezza","option":"17-cm"},{"id":21,"name":"Diametro dell'impugnatura","option":"34-mm"}],"single_product_visibility":"hidden","cart_visibility":"hidden","order_visibility":"hidden","single_product_price_visibility":"visible","cart_price_visibility":"visible","order_price_visibility":"visible","stock_status":"in_stock"},{"bundled_item_id":993,"product_id":19467,"menu_order":4,"quantity_min":2,"quantity_max":2,"quantity_default":2,"priced_individually":false,"shipped_individually":false,"override_title":false,"title":"Manubrio esagonale","override_description":false,"description":"","optional":false,"hide_thumbnail":false,"discount":"","override_variations":true,"allowed_variations":[19758],"override_default_variation_attributes":true,"default_variation_attributes":[{"id":6,"name":"Peso","option":"25-kg"},{"id":9,"name":"Lunghezza","option":"38-cm"},{"id":4,"name":"Larghezza","option":"15-5-cm"},{"id":8,"name":"Altezza","option":"18-cm"},{"id":21,"name":"Diametro dell'impugnatura","option":"34-mm"}],"single_product_visibility":"hidden","cart_visibility":"hidden","order_visibility":"hidden","single_product_price_visibility":"visible","cart_price_visibility":"visible","order_price_visibility":"visible","stock_status":"in_stock"},{"bundled_item_id":994,"product_id":19467,"menu_order":5,"quantity_min":2,"quantity_max":2,"quantity_default":2,"priced_individually":false,"shipped_individually":false,"override_title":false,"title":"Manubrio esagonale","override_description":false,"description":"","optional":false,"hide_thumbnail":false,"discount":"","override_variations":true,"allowed_variations":[19727],"override_default_variation_attributes":true,"default_variation_attributes":[{"id":6,"name":"Peso","option":"30-kg"},{"id":9,"name":"Lunghezza","option":"39-5-cm"},{"id":4,"name":"Larghezza","option":"16-5-cm"},{"id":8,"name":"Altezza","option":"19-cm"},{"id":21,"name":"Diametro dell'impugnatura","option":"34-mm"}],"single_product_visibility":"hidden","cart_visibility":"hidden","order_visibility":"hidden","single_product_price_visibility":"visible","cart_price_visibility":"visible","order_price_visibility":"visible","stock_status":"in_stock"},{"bundled_item_id":995,"product_id":9019589,"menu_order":6,"quantity_min":1,"quantity_max":1,"quantity_default":1,"priced_individually":false,"shipped_individually":false,"override_title":false,"title":"Hex Dumbbell Rack 2-fach","override_description":false,"description":"","optional":false,"hide_thumbnail":false,"discount":"","override_variations":true,"allowed_variations":[9035777],"override_default_variation_attributes":true,"default_variation_attributes":[{"id":4,"name":"Larghezza","option":"120-cm"},{"id":6,"name":"Peso","option":"51-kg"},{"id":63,"name":"Ampio ripiano","option":"115-cm"}],"single_product_visibility":"hidden","cart_visibility":"hidden","order_visibility":"hidden","single_product_price_visibility":"visible","cart_price_visibility":"visible","order_price_visibility":"visible","stock_status":"in_stock"}],"bundle_sell_ids":[],"acf":[],"df_price":890,"df_sale_price":"","df_regular_price":890,"df_image_link":"https:\/\/www.fitness-flohmarkt.ch\/wp-content\/uploads\/F-77224_Hex-Dumbbell-Set-5-bis-30-Kg-Inkl.-Staender_0-20250314-110532-300x300.jpg","_links":{"self":[{"href":"https:\/\/www.fitness-flohmarkt.ch\/it\/wp-json\/wp\/v2\/product\/5172","targetHints":{"allow":["GET"]}}],"collection":[{"href":"https:\/\/www.fitness-flohmarkt.ch\/it\/wp-json\/wp\/v2\/product"}],"about":[{"href":"https:\/\/www.fitness-flohmarkt.ch\/it\/wp-json\/wp\/v2\/types\/product"}],"replies":[{"embeddable":true,"href":"https:\/\/www.fitness-flohmarkt.ch\/it\/wp-json\/wp\/v2\/comments?post=5172"}],"wp:featuredmedia":[{"embeddable":true,"href":"https:\/\/www.fitness-flohmarkt.ch\/it\/wp-json\/wp\/v2\/media\/58992"}],"wp:attachment":[{"href":"https:\/\/www.fitness-flohmarkt.ch\/it\/wp-json\/wp\/v2\/media?parent=5172"}],"wp:term":[{"taxonomy":"product_brand","embeddable":true,"href":"https:\/\/www.fitness-flohmarkt.ch\/it\/wp-json\/wp\/v2\/product_brand?post=5172"},{"taxonomy":"product_cat","embeddable":true,"href":"https:\/\/www.fitness-flohmarkt.ch\/it\/wp-json\/wp\/v2\/product_cat?post=5172"},{"taxonomy":"product_tag","embeddable":true,"href":"https:\/\/www.fitness-flohmarkt.ch\/it\/wp-json\/wp\/v2\/product_tag?post=5172"}],"curies":[{"name":"wp","href":"https:\/\/api.w.org\/{rel}","templated":true}]}}