{"id":5115,"date":"2025-01-25T16:52:06","date_gmt":"2025-01-25T15:52:06","guid":{"rendered":"https:\/\/www2.fitness-flohmarkt.ch\/produkt\/hex-trap-bar-50mm\/"},"modified":"2026-05-15T12:53:35","modified_gmt":"2026-05-15T10:53:35","slug":"barra-esagonale-per-trappola-50-mm","status":"publish","type":"product","link":"https:\/\/www.fitness-flohmarkt.ch\/it\/produkt\/hex-trap-bar-50mm\/","title":{"rendered":"Barra trappola esagonale 50 mm | Barra manubrio esagonale"},"content":{"rendered":"<h3 data-start=\"136\" data-end=\"216\"><strong data-start=\"136\" data-end=\"216\">Trap Bar 50 mm - Allenamento della forza per la schiena con una distribuzione ottimale del carico<\/strong><\/h3>\n<p class=\"\" data-start=\"218\" data-end=\"638\">Questa robusta sbarra con un peso morto di 25 kg e un diametro di montaggio di 50 mm \u00e8 ideale per allenamenti di forza mirati come deadlift o squat. Grazie al suo design esagonale, l'atleta si trova al centro della barra - i pesi montati lateralmente assicurano una distribuzione centrale del carico. In questo modo la colonna vertebrale e le articolazioni non sono pi\u00f9 sollecitate e l'esercizio non \u00e8 solo pi\u00f9 sicuro ma anche pi\u00f9 efficace.<\/p>\n<p class=\"\" data-start=\"640\" data-end=\"990\">I manici angolati con zigrinatura antiscivolo consentono di allenarsi con una presa neutra, una posizione che facilita i polsi e le spalle ed \u00e8 particolarmente utile per imparare la tecnica corretta del deadlift. La posizione leggermente rialzata dell'impugnatura facilita inoltre il sollevamento del peso e riduce lo sforzo della parte bassa della schiena.<\/p>\n<p class=\"\" data-start=\"992\" data-end=\"1258\">Con una lunghezza di 183 cm, una capacit\u00e0 di carico massima di 500 kg e una struttura in acciaio cromato di alta qualit\u00e0, questa barra esagonale offre le migliori condizioni per un allenamento intenso e duraturo, sia nella palestra di casa che nello studio professionale.<\/p>","protected":false},"excerpt":{"rendered":"<p>Barra trappola 50 mm 25 kg: in acciaio robusto, cromato, con peso morto di 25 kg. Lunga 185 cm, per allenare pesi fino a 500 kg.  Supporti da 25 cm per una presa sicura dei dischi.<\/p>","protected":false},"featured_media":9054016,"comment_status":"closed","ping_status":"closed","template":"","meta":{"_acf_changed":false,"_gspb_post_css":""},"product_brand":[1000],"product_cat":[839],"product_tag":[],"class_list":{"0":"post-5115","1":"product","2":"type-product","3":"status-publish","4":"has-post-thumbnail","6":"product_brand-fitcom","7":"product_cat-50mm-hantelstangen","8":"product_shipping_class-hantelstange","9":"pa_abwurffaehig-nein","10":"pa_artikel-pro-verkaufseinheit-1x","11":"pa_durchmesser-50-mm","12":"pa_farbe-chrom","13":"pa_gewicht-25-kg","14":"pa_griffdurchmesser-25-mm","15":"pa_griffinnenmass-79-cm","16":"pa_griffumfang-79-mm","17":"pa_griffweitenmarkierung-nein","18":"pa_hantelstangentyp-langhantelstange","19":"pa_hantelverschluss-keine","20":"pa_laenge-185-cm","21":"pa_lieferumfang-1x-hantelstange","22":"pa_material-stahl-verchromt","23":"pa_max-belastung-500-kg","25":"first","26":"instock","27":"taxable","28":"shipping-taxable","29":"purchasable","30":"product-type-simple"},"bundled_by":[],"bundle_stock_status":"instock","bundle_stock_quantity":31,"bundle_virtual":false,"bundle_layout":"","bundle_add_to_cart_form_location":"","bundle_editable_in_cart":false,"bundle_sold_individually_context":"","bundle_item_grouping":"","bundle_min_size":"","bundle_max_size":"","bundle_price":[],"bundled_items":[],"bundle_sell_ids":[],"acf":[],"df_price":145,"df_sale_price":"","df_regular_price":145,"df_image_link":"https:\/\/www.fitness-flohmarkt.ch\/wp-content\/uploads\/F-32368_Hex-Trap-Bar-50-mm_0-20251204-141025-300x300.jpg","_links":{"self":[{"href":"https:\/\/www.fitness-flohmarkt.ch\/it\/wp-json\/wp\/v2\/product\/5115","targetHints":{"allow":["GET"]}}],"collection":[{"href":"https:\/\/www.fitness-flohmarkt.ch\/it\/wp-json\/wp\/v2\/product"}],"about":[{"href":"https:\/\/www.fitness-flohmarkt.ch\/it\/wp-json\/wp\/v2\/types\/product"}],"replies":[{"embeddable":true,"href":"https:\/\/www.fitness-flohmarkt.ch\/it\/wp-json\/wp\/v2\/comments?post=5115"}],"wp:featuredmedia":[{"embeddable":true,"href":"https:\/\/www.fitness-flohmarkt.ch\/it\/wp-json\/wp\/v2\/media\/9054016"}],"wp:attachment":[{"href":"https:\/\/www.fitness-flohmarkt.ch\/it\/wp-json\/wp\/v2\/media?parent=5115"}],"wp:term":[{"taxonomy":"product_brand","embeddable":true,"href":"https:\/\/www.fitness-flohmarkt.ch\/it\/wp-json\/wp\/v2\/product_brand?post=5115"},{"taxonomy":"product_cat","embeddable":true,"href":"https:\/\/www.fitness-flohmarkt.ch\/it\/wp-json\/wp\/v2\/product_cat?post=5115"},{"taxonomy":"product_tag","embeddable":true,"href":"https:\/\/www.fitness-flohmarkt.ch\/it\/wp-json\/wp\/v2\/product_tag?post=5115"}],"curies":[{"name":"wp","href":"https:\/\/api.w.org\/{rel}","templated":true}]}}