{"id":5036,"date":"2025-01-25T16:49:21","date_gmt":"2025-01-25T15:49:21","guid":{"rendered":"https:\/\/www2.fitness-flohmarkt.ch\/produkt\/rack-bumperplates-scheibenstaender\/"},"modified":"2026-04-20T15:35:56","modified_gmt":"2026-04-20T13:35:56","slug":"portapacchi-portadischi","status":"publish","type":"product","link":"https:\/\/www.fitness-flohmarkt.ch\/it\/produkt\/rack-bumperplates-scheibenstaender\/","title":{"rendered":"Piastre paracolpi per cremagliera | Cremagliera per dischi"},"content":{"rendered":"<h3 data-start=\"0\" data-end=\"444\"><strong data-start=\"19\" data-end=\"101\">Rastrelliera per piatti paracolpi - rastrelliera per dischi con ruote per uno stoccaggio strutturato<\/strong><\/h3>\n<p class=\"\" data-start=\"0\" data-end=\"444\">Il portapiatti con rotelle \u00e8 una soluzione funzionale per riporre le piastre paracolpi in modo da risparmiare spazio. Progettato con qualit\u00e0 professionale da studio, \u00e8 adatto a un uso intensivo nell'area di allenamento. Otto scomparti separati, ciascuno largo 10 cm, permettono di ordinare in modo organizzato le diverse piastre pesi.<\/p>\n<p class=\"\" data-start=\"446\" data-end=\"745\">Con una larghezza di 133 cm e una profondit\u00e0 di 49 cm, il supporto offre spazio sufficiente senza occupare inutilmente. Le rotelle integrate garantiscono la mobilit\u00e0 in modo da poter adattare la posizione in modo flessibile, sia nello studio che nella palestra di casa. La capacit\u00e0 di carico massima \u00e8 di 200 kg.<\/p>\n<p class=\"\" data-start=\"747\" data-end=\"857\">Un solido sistema di archiviazione per tutti coloro che tengono all'organizzazione, alla chiarezza e alla mobilit\u00e0 durante l'allenamento.<\/p>\n<p class=\"\" data-start=\"859\" data-end=\"926\"><strong data-start=\"859\" data-end=\"871\">Nota:<\/strong> Le piastre di peso non sono incluse nella fornitura.<\/p>","protected":false},"excerpt":{"rendered":"<p>Rack per piastre paracolpi - rack per piastre di peso con rotelle: rack a 8 ripiani per lo stoccaggio strutturato di piastre paracolpi. Verniciato di nero, larghezza 133 cm, profondit\u00e0 49 cm. Scomparti di stoccaggio larghi 10 cm ciascuno. Mobile grazie alle rotelle integrate. Capacit\u00e0 di carico massima: 200 kg. Portata massima: 200 kg. Salvaspazio, funzionale e flessibile nell'uso.<\/p>","protected":false},"featured_media":58864,"comment_status":"closed","ping_status":"closed","template":"","meta":{"_acf_changed":false,"_gspb_post_css":""},"product_brand":[1000],"product_cat":[332,331],"product_tag":[],"class_list":{"0":"post-5036","1":"product","2":"type-product","3":"status-publish","4":"has-post-thumbnail","6":"product_brand-fitcom","7":"product_cat-hantelstaender","8":"product_cat-weightlifting","9":"pa_ablage-gummiert-nein","10":"pa_artikel-pro-verkaufseinheit-1x","11":"pa_breite-133-cm","12":"pa_farbe-schwarz","13":"pa_gewicht-19-kg","14":"pa_hanteltyp-hantelscheiben","15":"pa_hoehe-33-cm","16":"pa_kernmaterial-metall","17":"pa_lieferumfang-1x-hantelscheibenstaender","18":"pa_max-belastung-200-kg","19":"pa_oberflaeche-pulverbeschichtet","20":"pa_staendertyp-hantelstaender","21":"pa_tiefe-49-cm","23":"first","24":"instock","25":"taxable","26":"shipping-taxable","27":"purchasable","28":"product-type-simple"},"bundled_by":[],"bundle_stock_status":"instock","bundle_stock_quantity":19,"bundle_virtual":false,"bundle_layout":"","bundle_add_to_cart_form_location":"","bundle_editable_in_cart":false,"bundle_sold_individually_context":"","bundle_item_grouping":"","bundle_min_size":"","bundle_max_size":"","bundle_price":[],"bundled_items":[],"bundle_sell_ids":[],"acf":[],"df_price":120,"df_sale_price":"","df_regular_price":120,"df_image_link":"https:\/\/www.fitness-flohmarkt.ch\/wp-content\/uploads\/F-18991_Scheibenstaender-Bumperplates_0-20250314-105951-300x300.jpg","_links":{"self":[{"href":"https:\/\/www.fitness-flohmarkt.ch\/it\/wp-json\/wp\/v2\/product\/5036","targetHints":{"allow":["GET"]}}],"collection":[{"href":"https:\/\/www.fitness-flohmarkt.ch\/it\/wp-json\/wp\/v2\/product"}],"about":[{"href":"https:\/\/www.fitness-flohmarkt.ch\/it\/wp-json\/wp\/v2\/types\/product"}],"replies":[{"embeddable":true,"href":"https:\/\/www.fitness-flohmarkt.ch\/it\/wp-json\/wp\/v2\/comments?post=5036"}],"wp:featuredmedia":[{"embeddable":true,"href":"https:\/\/www.fitness-flohmarkt.ch\/it\/wp-json\/wp\/v2\/media\/58864"}],"wp:attachment":[{"href":"https:\/\/www.fitness-flohmarkt.ch\/it\/wp-json\/wp\/v2\/media?parent=5036"}],"wp:term":[{"taxonomy":"product_brand","embeddable":true,"href":"https:\/\/www.fitness-flohmarkt.ch\/it\/wp-json\/wp\/v2\/product_brand?post=5036"},{"taxonomy":"product_cat","embeddable":true,"href":"https:\/\/www.fitness-flohmarkt.ch\/it\/wp-json\/wp\/v2\/product_cat?post=5036"},{"taxonomy":"product_tag","embeddable":true,"href":"https:\/\/www.fitness-flohmarkt.ch\/it\/wp-json\/wp\/v2\/product_tag?post=5036"}],"curies":[{"name":"wp","href":"https:\/\/api.w.org\/{rel}","templated":true}]}}