{"id":4757,"date":"2025-01-25T16:42:08","date_gmt":"2025-01-25T15:42:08","guid":{"rendered":"https:\/\/www2.fitness-flohmarkt.ch\/produkt\/multi-storage-rack-ablage\/"},"modified":"2026-05-15T11:51:23","modified_gmt":"2026-05-15T09:51:23","slug":"scaffale-multi-portaoggetti","status":"publish","type":"product","link":"https:\/\/www.fitness-flohmarkt.ch\/it\/produkt\/multi-storage-rack-ablage\/","title":{"rendered":"Multi Storage Rack | Scaffale"},"content":{"rendered":"<h3 data-start=\"0\" data-end=\"393\"><strong data-start=\"0\" data-end=\"99\">Multi Storage Rack - versatile per riporre kettlebell, piastre paracolpi, manubri esagonali e palline<\/strong><\/h3>\n<p class=\"\" data-start=\"0\" data-end=\"393\">Questo Multi Storage Rack offre una soluzione funzionale e salvaspazio per riporre in modo organizzato un'ampia gamma di attrezzature per l'allenamento. Fino a 8 kettlebell, 20 piastre paracolpi, 8 manubri esagonali e 4 palline possono essere riposti sui ripiani a pi\u00f9 livelli - chiaramente organizzati, facilmente raggiungibili e ordinati.<\/p>\n<p class=\"\" data-start=\"395\" data-end=\"692\">Con una larghezza di 184 cm, una profondit\u00e0 di 78 cm e un'altezza di 141 cm, la rastrelliera offre una grande capacit\u00e0 in un ingombro ridotto. I ripiani aperti hanno una larghezza di 148 cm e una profondit\u00e0 di 20 cm e sono adatti a manubri, dischi, bilancieri con foro di 51 mm di diametro e attrezzi funzionali come le wallball.<\/p>\n<p class=\"\" data-start=\"694\" data-end=\"873\">Realizzata in metallo nero e in grado di sostenere carichi fino a 600 kg, la rastrelliera, con il suo peso proprio di 76 kg, garantisce un appoggio sicuro, anche in caso di uso intensivo nell'allenamento quotidiano.<\/p>\n<p class=\"\" data-start=\"875\" data-end=\"963\">Un versatile supporto all-in-one per un'archiviazione strutturata nell'area di allenamento.<\/p>\n<p class=\"\" data-start=\"965\" data-end=\"1065\"><strong data-start=\"965\" data-end=\"977\">Nota:<\/strong> Accessori come kettlebell, dischi di peso o palle non sono inclusi.<\/p>","protected":false},"excerpt":{"rendered":"<p>Rastrelliera multipla per kettlebell, piastre di peso e altro ancora: versatile rastrelliera in metallo con un peso netto di 76 kg. Dimensioni: 184 cm di larghezza, 78 cm di profondit\u00e0, 141 cm di altezza. Ripiani 148 x 20 cm, capacit\u00e0 di carico fino a 600 kg. Pu\u00f2 contenere fino a 8 kettlebell, 20 piastre paracolpi, 8 manubri esagonali e 4 palle. Ideale per uno stoccaggio strutturato e poco ingombrante.<\/p>","protected":false},"featured_media":58652,"comment_status":"closed","ping_status":"closed","template":"","meta":{"_acf_changed":false,"_gspb_post_css":""},"product_brand":[1000],"product_cat":[332],"product_tag":[],"class_list":{"0":"post-4757","1":"product","2":"type-product","3":"status-publish","4":"has-post-thumbnail","6":"product_brand-fitcom","7":"product_cat-hantelstaender","8":"product_shipping_class-standard","9":"pa_ablage-gummiert-ja","10":"pa_artikel-pro-verkaufseinheit-1x","11":"pa_breite-184-cm","12":"pa_breite-abstellflaeche-148-cm","13":"pa_farbe-schwarz","14":"pa_gewicht-76-kg","15":"pa_hanteltyp-hantelscheiben","16":"pa_hanteltyp-hantelstange","17":"pa_hanteltyp-kettlebell","18":"pa_hanteltyp-kurzhantel","19":"pa_hoehe-141-cm","20":"pa_kernmaterial-stahl","21":"pa_lieferumfang-1x-kettlebellstaender","22":"pa_lochdurchmesser-51-mm","23":"pa_max-belastung-600-kg","24":"pa_oberflaeche-pulverbeschichtet","25":"pa_staendertyp-ballstaender","26":"pa_staendertyp-hantelscheibenstaender","27":"pa_staendertyp-hantelstaender","28":"pa_staendertyp-kettlebellstaender","29":"pa_staendertyp-kurzhantelstaender","30":"pa_staendertyp-multifunktionsstaender","31":"pa_tiefe-78-cm","32":"pa_tiefe-abstellflaeche-20-cm","34":"first","35":"instock","36":"taxable","37":"shipping-taxable","38":"purchasable","39":"product-type-simple"},"bundled_by":[],"bundle_stock_status":"instock","bundle_stock_quantity":14,"bundle_virtual":false,"bundle_layout":"","bundle_add_to_cart_form_location":"","bundle_editable_in_cart":false,"bundle_sold_individually_context":"","bundle_item_grouping":"","bundle_min_size":"","bundle_max_size":"","bundle_price":[],"bundled_items":[],"bundle_sell_ids":[],"acf":[],"df_price":350,"df_sale_price":"","df_regular_price":350,"df_image_link":"https:\/\/www.fitness-flohmarkt.ch\/wp-content\/uploads\/F-66418_Multi-Storage-Rack_0-20250314-104907-300x300.jpg","_links":{"self":[{"href":"https:\/\/www.fitness-flohmarkt.ch\/it\/wp-json\/wp\/v2\/product\/4757","targetHints":{"allow":["GET"]}}],"collection":[{"href":"https:\/\/www.fitness-flohmarkt.ch\/it\/wp-json\/wp\/v2\/product"}],"about":[{"href":"https:\/\/www.fitness-flohmarkt.ch\/it\/wp-json\/wp\/v2\/types\/product"}],"replies":[{"embeddable":true,"href":"https:\/\/www.fitness-flohmarkt.ch\/it\/wp-json\/wp\/v2\/comments?post=4757"}],"wp:featuredmedia":[{"embeddable":true,"href":"https:\/\/www.fitness-flohmarkt.ch\/it\/wp-json\/wp\/v2\/media\/58652"}],"wp:attachment":[{"href":"https:\/\/www.fitness-flohmarkt.ch\/it\/wp-json\/wp\/v2\/media?parent=4757"}],"wp:term":[{"taxonomy":"product_brand","embeddable":true,"href":"https:\/\/www.fitness-flohmarkt.ch\/it\/wp-json\/wp\/v2\/product_brand?post=4757"},{"taxonomy":"product_cat","embeddable":true,"href":"https:\/\/www.fitness-flohmarkt.ch\/it\/wp-json\/wp\/v2\/product_cat?post=4757"},{"taxonomy":"product_tag","embeddable":true,"href":"https:\/\/www.fitness-flohmarkt.ch\/it\/wp-json\/wp\/v2\/product_tag?post=4757"}],"curies":[{"name":"wp","href":"https:\/\/api.w.org\/{rel}","templated":true}]}}