{"id":4711,"date":"2025-01-25T16:40:21","date_gmt":"2025-01-25T15:40:21","guid":{"rendered":"https:\/\/www2.fitness-flohmarkt.ch\/produkt\/resistance-tubes-set-fitness-tube\/"},"modified":"2026-03-26T12:50:16","modified_gmt":"2026-03-26T11:50:16","slug":"set-di-tubi-di-resistenza-per-il-fitness","status":"publish","type":"product","link":"https:\/\/www.fitness-flohmarkt.ch\/it\/produkt\/resistance-tubes-set-fitness-tube\/","title":{"rendered":"Set di tubi di resistenza | Fitness Tube"},"content":{"rendered":"<h3><strong data-start=\"462\" data-end=\"534\">Set di tubi di resistenza - Allenamento versatile a intensit\u00e0 variabile<\/strong><\/h3>\n<p>Il set di tubi di resistenza comprende tre bande di resistenza con resistenza morbida, media e forte ed \u00e8 adatto per un efficace allenamento della parte superiore del corpo, nonch\u00e9 per esercizi di mobilit\u00e0 e riabilitazione. I tubi sono realizzati in materiale resistente e sono progettati per un uso regolare a casa o in palestra. Le maniglie integrate offrono una presa sicura e un piacevole comfort di allenamento. A seconda della forza della fascia, \u00e8 possibile impostare diversi stimoli di allenamento: da un leggero allenamento di attivazione a un rafforzamento muscolare mirato. La lunghezza totale dei tubi si misura includendo le maniglie. Il set viene fornito con una borsa in cui riporre e trasportare le tre fasce e le maniglie. Le diverse resistenze consentono di utilizzarle in diversi contesti di allenamento.<\/p>\n<p><strong>Nota:<\/strong> Il set \u00e8 composto da 3 tubi di resistenza con borsa.<\/p>","protected":false},"excerpt":{"rendered":"<p>Il Resistance Tube Set \u00e8 composto da tre bande di resistenza resistenti con diversi livelli di intensit\u00e0: morbida, media e forte. Con maniglie di alta qualit\u00e0 e una pratica borsa, il set \u00e8 ideale per un allenamento versatile della forza e della mobilit\u00e0.<\/p>","protected":false},"featured_media":58572,"comment_status":"closed","ping_status":"closed","template":"","meta":{"_acf_changed":false,"_gspb_post_css":""},"product_brand":[1000],"product_cat":[319,343,822,304],"product_tag":[],"class_list":{"0":"post-4711","1":"product","2":"type-product","3":"status-publish","4":"has-post-thumbnail","6":"product_brand-fitcom","7":"product_cat-fitness-zubehoer","8":"product_cat-heimgebrauch","9":"product_cat-mobility-recovery","10":"product_cat-reha-physio","11":"pa_artikel-pro-verkaufseinheit-1x","12":"pa_breite-12-cm","13":"pa_dicke-10-mm","14":"pa_farbe-gelb","15":"pa_farbe-rot","16":"pa_farbe-schwarz","17":"pa_fitnessbandtyp-tube-band","18":"pa_gewicht-0-35-kg","19":"pa_laenge-130-cm","20":"pa_lieferumfang-1x-beutel","21":"pa_lieferumfang-3x-resistance-tube","22":"pa_material-gummi","23":"pa_material-kunststoff","24":"pa_widerstand-leicht","25":"pa_widerstand-mittel","26":"pa_widerstand-stark","28":"first","29":"instock","30":"taxable","31":"shipping-taxable","32":"purchasable","33":"product-type-simple"},"bundled_by":[],"bundle_stock_status":"instock","bundle_stock_quantity":576,"bundle_virtual":false,"bundle_layout":"","bundle_add_to_cart_form_location":"","bundle_editable_in_cart":false,"bundle_sold_individually_context":"","bundle_item_grouping":"","bundle_min_size":"","bundle_max_size":"","bundle_price":[],"bundled_items":[],"bundle_sell_ids":[],"acf":[],"df_price":12,"df_sale_price":"","df_regular_price":12,"df_image_link":"https:\/\/www.fitness-flohmarkt.ch\/wp-content\/uploads\/F-69246_Fitness-Tube-Set_0-20250314-104553-300x300.jpg","_links":{"self":[{"href":"https:\/\/www.fitness-flohmarkt.ch\/it\/wp-json\/wp\/v2\/product\/4711","targetHints":{"allow":["GET"]}}],"collection":[{"href":"https:\/\/www.fitness-flohmarkt.ch\/it\/wp-json\/wp\/v2\/product"}],"about":[{"href":"https:\/\/www.fitness-flohmarkt.ch\/it\/wp-json\/wp\/v2\/types\/product"}],"replies":[{"embeddable":true,"href":"https:\/\/www.fitness-flohmarkt.ch\/it\/wp-json\/wp\/v2\/comments?post=4711"}],"wp:featuredmedia":[{"embeddable":true,"href":"https:\/\/www.fitness-flohmarkt.ch\/it\/wp-json\/wp\/v2\/media\/58572"}],"wp:attachment":[{"href":"https:\/\/www.fitness-flohmarkt.ch\/it\/wp-json\/wp\/v2\/media?parent=4711"}],"wp:term":[{"taxonomy":"product_brand","embeddable":true,"href":"https:\/\/www.fitness-flohmarkt.ch\/it\/wp-json\/wp\/v2\/product_brand?post=4711"},{"taxonomy":"product_cat","embeddable":true,"href":"https:\/\/www.fitness-flohmarkt.ch\/it\/wp-json\/wp\/v2\/product_cat?post=4711"},{"taxonomy":"product_tag","embeddable":true,"href":"https:\/\/www.fitness-flohmarkt.ch\/it\/wp-json\/wp\/v2\/product_tag?post=4711"}],"curies":[{"name":"wp","href":"https:\/\/api.w.org\/{rel}","templated":true}]}}