{"id":4694,"date":"2025-01-25T16:40:01","date_gmt":"2025-01-25T15:40:01","guid":{"rendered":"https:\/\/www2.fitness-flohmarkt.ch\/produkt\/langhantelstange-30mm\/"},"modified":"2026-04-20T15:35:43","modified_gmt":"2026-04-20T13:35:43","slug":"bilanciere-da-30-mm","status":"publish","type":"product","link":"https:\/\/www.fitness-flohmarkt.ch\/it\/produkt\/langhantelstange-30mm\/","title":{"rendered":"Asta del bilanciere 30 mm | 180 cm"},"content":{"rendered":"<h3><strong>Barra per bilancieri da 180 cm con blocco a stella - Stabile, versatile e ideale per l'allenamento in casa<\/strong><\/h3>\n<p><span style=\"font-weight: 400\">Questo classico bilanciere \u00e8 una soluzione versatile per un efficace allenamento di forza e funzionale nella palestra di casa o nello studio. Con una lunghezza di 180 cm, un'impugnatura interna di 114 cm e un diametro di 30 mm, \u00e8 adatto a un'ampia gamma di esercizi in piedi o su panca pesi: dalle classiche distensioni su panca alle vogate e agli squat con pesi aggiuntivi.<\/span><\/p>\n<p><span style=\"font-weight: 400\">Realizzato in acciaio per molle, il bilanciere ha un peso di 10 kg e pu\u00f2 essere caricato fino a 150 kg. I supporti lunghi 33 cm alle due estremit\u00e0 sono adatti a tutti i piatti di peso standard con foro da 30\/31 mm. L'impugnatura zigrinata con un diametro di 30 mm garantisce una presa sicura durante l'esercizio. <\/span><\/p>\n<p><span style=\"font-weight: 400\">Il bilanciere da 180 cm \u00e8 un solido attrezzo per gli esercizi di forza di base, ideale per chi apprezza qualit\u00e0 e funzionalit\u00e0.<\/span><\/p>\n<p><strong>Nota:<\/strong> La barra viene fornita con due chiusure a stella.<\/p>","protected":false},"excerpt":{"rendered":"<p>Bilanciere da 30 mm con chiusura a stella: Robusto acciaio per molle, cromato, con peso netto di 10 kg. Supporti da 33 cm per una presa sicura dei dischi. Capacit\u00e0 di carico fino a 150 kg.<\/p>","protected":false},"featured_media":9049551,"comment_status":"closed","ping_status":"closed","template":"","meta":{"_acf_changed":false,"_gspb_post_css":""},"product_brand":[1000],"product_cat":[806],"product_tag":[],"class_list":{"0":"post-4694","1":"product","2":"type-product","3":"status-publish","4":"has-post-thumbnail","6":"product_brand-fitcom","7":"product_cat-30mm-hantelstangen","8":"product_shipping_class-hantelstange","9":"pa_abwurffaehig-nein","10":"pa_artikel-pro-verkaufseinheit-1x","11":"pa_durchmesser-30-mm","12":"pa_farbe-chrom","13":"pa_gewicht-10-kg","14":"pa_griffdurchmesser-30-mm","15":"pa_griffinnenmass-114-cm","16":"pa_griffumfang-94-mm","17":"pa_griffweitenmarkierung-nein","18":"pa_hantelstangentyp-langhantelstange","19":"pa_hantelverschluss-schraubverschluss","20":"pa_laenge-180-cm","21":"pa_lieferumfang-1x-hantelstange","22":"pa_lieferumfang-2x-drehverschluss","23":"pa_material-federstahl","24":"pa_max-belastung-150-kg","26":"first","27":"instock","28":"taxable","29":"shipping-taxable","30":"purchasable","31":"product-type-simple"},"bundled_by":[],"bundle_stock_status":"instock","bundle_stock_quantity":31,"bundle_virtual":false,"bundle_layout":"","bundle_add_to_cart_form_location":"","bundle_editable_in_cart":false,"bundle_sold_individually_context":"","bundle_item_grouping":"","bundle_min_size":"","bundle_max_size":"","bundle_price":[],"bundled_items":[],"bundle_sell_ids":[],"acf":[],"df_price":30,"df_sale_price":"","df_regular_price":30,"df_image_link":"https:\/\/www.fitness-flohmarkt.ch\/wp-content\/uploads\/F-72838_Langhantelstange-30mm_0-20251009-133134-300x300.jpg","_links":{"self":[{"href":"https:\/\/www.fitness-flohmarkt.ch\/it\/wp-json\/wp\/v2\/product\/4694","targetHints":{"allow":["GET"]}}],"collection":[{"href":"https:\/\/www.fitness-flohmarkt.ch\/it\/wp-json\/wp\/v2\/product"}],"about":[{"href":"https:\/\/www.fitness-flohmarkt.ch\/it\/wp-json\/wp\/v2\/types\/product"}],"replies":[{"embeddable":true,"href":"https:\/\/www.fitness-flohmarkt.ch\/it\/wp-json\/wp\/v2\/comments?post=4694"}],"wp:featuredmedia":[{"embeddable":true,"href":"https:\/\/www.fitness-flohmarkt.ch\/it\/wp-json\/wp\/v2\/media\/9049551"}],"wp:attachment":[{"href":"https:\/\/www.fitness-flohmarkt.ch\/it\/wp-json\/wp\/v2\/media?parent=4694"}],"wp:term":[{"taxonomy":"product_brand","embeddable":true,"href":"https:\/\/www.fitness-flohmarkt.ch\/it\/wp-json\/wp\/v2\/product_brand?post=4694"},{"taxonomy":"product_cat","embeddable":true,"href":"https:\/\/www.fitness-flohmarkt.ch\/it\/wp-json\/wp\/v2\/product_cat?post=4694"},{"taxonomy":"product_tag","embeddable":true,"href":"https:\/\/www.fitness-flohmarkt.ch\/it\/wp-json\/wp\/v2\/product_tag?post=4694"}],"curies":[{"name":"wp","href":"https:\/\/api.w.org\/{rel}","templated":true}]}}