{"id":4681,"date":"2025-01-25T16:39:37","date_gmt":"2025-01-25T15:39:37","guid":{"rendered":"https:\/\/www2.fitness-flohmarkt.ch\/produkt\/foam-roller-30cm-faszien-massageroller\/"},"modified":"2026-05-11T16:32:49","modified_gmt":"2026-05-11T14:32:49","slug":"rullo-per-massaggio-a-fascia-da-30-cm","status":"publish","type":"product","link":"https:\/\/www.fitness-flohmarkt.ch\/it\/produkt\/foam-roller-30cm-faszien-massageroller\/","title":{"rendered":"Foam Roller 30 cm | Fascia Massage Roller"},"content":{"rendered":"<h3 data-start=\"136\" data-end=\"220\"><strong data-start=\"136\" data-end=\"220\">Fascia roller nero - Rigenerazione e mobilitazione efficaci in una forma compatta<\/strong><\/h3>\n<p class=\"\" data-start=\"222\" data-end=\"565\">Il rullo fascia in nero \u00e8 un aiuto comprovato per il rilassamento muscolare, la promozione della circolazione sanguigna e la mobilitazione del tessuto connettivo. Realizzato in schiuma rigida di alta qualit\u00e0, \u00e8 ideale da utilizzare prima e dopo l'allenamento, per riscaldare i muscoli, alleviare la tensione o rigenerarsi.<\/p>\n<p class=\"\" data-start=\"567\" data-end=\"1010\">Ideale per alleviare la tensione muscolare, il fascia roll stimola l'idratazione del tessuto connettivo attraverso un automassaggio mirato, migliorandone l'elasticit\u00e0 e la mobilit\u00e0. Allo stesso tempo, l'applicazione favorisce la circolazione sanguigna e pu\u00f2 avere un effetto antidolorifico in combinazione con l'esercizio fisico. Che si tratti di schiena, gambe o braccia, la forma compatta lo rende versatile per essere utilizzato in palestra, a casa o in viaggio.<\/p>\n<p class=\"\" data-start=\"1012\" data-end=\"1330\">Il rullo nero per fasce ha una lunghezza di 30 cm e un diametro di 15 cm. Con un peso di soli 300 g, \u00e8 particolarmente maneggevole e allo stesso tempo robusto: pu\u00f2 sopportare carichi fino a 100 kg. Il materiale in schiuma resistente garantisce una lunga durata e un'efficace distribuzione della pressione durante l'uso.<\/p>\n<p class=\"\" data-start=\"1332\" data-end=\"1512\">Un classico foam roller per fisioterapia, pilates, yoga o come integrazione all'allenamento della forza: compatto, efficace e con un ottimo rapporto qualit\u00e0-prezzo.<\/p>","protected":false},"excerpt":{"rendered":"<p>Fascia roller nero: schiuma dura per un efficace automassaggio, per il rilassamento muscolare e per migliorare la circolazione sanguigna. Ideale per rigenerarsi dopo l'allenamento e per preparare i muscoli. Compatto, leggero e versatile. Lunghezza 30 cm, \u00d8 15 cm, capacit\u00e0 di carico fino a 100 kg.<\/p>","protected":false},"featured_media":58544,"comment_status":"closed","ping_status":"closed","template":"","meta":{"_acf_changed":false,"_gspb_post_css":""},"product_brand":[1000],"product_cat":[319,822,304],"product_tag":[],"class_list":{"0":"post-4681","1":"product","2":"type-product","3":"status-publish","4":"has-post-thumbnail","6":"product_brand-fitcom","7":"product_cat-fitness-zubehoer","8":"product_cat-mobility-recovery","9":"product_cat-reha-physio","10":"pa_artikel-pro-verkaufseinheit-1x","11":"pa_durchmesser-15-cm","12":"pa_farbe-schwarz","13":"pa_gewicht-0-3-kg","14":"pa_haertegrad-hart","15":"pa_koerperbereich-alle-koerperbereichen","16":"pa_laenge-30-cm","17":"pa_lieferumfang-1x-faszienrolle","18":"pa_massagegeraettyp-faszienrolle","19":"pa_material-schaumstoff","20":"pa_max-belastung-100-kg","22":"first","23":"instock","24":"taxable","25":"shipping-taxable","26":"purchasable","27":"product-type-simple"},"bundled_by":["3217"],"bundle_stock_status":"instock","bundle_stock_quantity":348,"bundle_virtual":false,"bundle_layout":"","bundle_add_to_cart_form_location":"","bundle_editable_in_cart":false,"bundle_sold_individually_context":"","bundle_item_grouping":"","bundle_min_size":"","bundle_max_size":"","bundle_price":[],"bundled_items":[],"bundle_sell_ids":[],"acf":[],"df_price":12,"df_sale_price":"","df_regular_price":12,"df_image_link":"https:\/\/www.fitness-flohmarkt.ch\/wp-content\/uploads\/F-58947_Faszienrolle_0-20250314-104449-300x300.jpg","_links":{"self":[{"href":"https:\/\/www.fitness-flohmarkt.ch\/it\/wp-json\/wp\/v2\/product\/4681","targetHints":{"allow":["GET"]}}],"collection":[{"href":"https:\/\/www.fitness-flohmarkt.ch\/it\/wp-json\/wp\/v2\/product"}],"about":[{"href":"https:\/\/www.fitness-flohmarkt.ch\/it\/wp-json\/wp\/v2\/types\/product"}],"replies":[{"embeddable":true,"href":"https:\/\/www.fitness-flohmarkt.ch\/it\/wp-json\/wp\/v2\/comments?post=4681"}],"wp:featuredmedia":[{"embeddable":true,"href":"https:\/\/www.fitness-flohmarkt.ch\/it\/wp-json\/wp\/v2\/media\/58544"}],"wp:attachment":[{"href":"https:\/\/www.fitness-flohmarkt.ch\/it\/wp-json\/wp\/v2\/media?parent=4681"}],"wp:term":[{"taxonomy":"product_brand","embeddable":true,"href":"https:\/\/www.fitness-flohmarkt.ch\/it\/wp-json\/wp\/v2\/product_brand?post=4681"},{"taxonomy":"product_cat","embeddable":true,"href":"https:\/\/www.fitness-flohmarkt.ch\/it\/wp-json\/wp\/v2\/product_cat?post=4681"},{"taxonomy":"product_tag","embeddable":true,"href":"https:\/\/www.fitness-flohmarkt.ch\/it\/wp-json\/wp\/v2\/product_tag?post=4681"}],"curies":[{"name":"wp","href":"https:\/\/api.w.org\/{rel}","templated":true}]}}