{"id":4626,"date":"2025-01-25T16:38:08","date_gmt":"2025-01-25T15:38:08","guid":{"rendered":"https:\/\/www2.fitness-flohmarkt.ch\/produkt\/foldable-power-rack-einklappbar\/"},"modified":"2026-05-06T22:55:26","modified_gmt":"2026-05-06T20:55:26","slug":"power-rack-pieghevole","status":"publish","type":"product","link":"https:\/\/www.fitness-flohmarkt.ch\/it\/produkt\/foldable-power-rack-einklappbar\/","title":{"rendered":"Power Rack pieghevole"},"content":{"rendered":"<h3 data-start=\"546\" data-end=\"845\"><strong data-start=\"546\" data-end=\"610\">Rack elettrico pieghevole: la stabilit\u00e0 incontra il risparmio di spazio<\/strong><\/h3>\n<p class=\"\" data-start=\"546\" data-end=\"845\">Questo power rack combina un'elevata capacit\u00e0 di carico con una sofisticata funzione pieghevole salvaspazio. La robusta struttura in acciaio con pilastri spessi 75 mm supporta fino a 400 kg ed \u00e8 adatta per allenamenti intensivi con il bilanciere.<\/p>\n<p class=\"\" data-start=\"847\" data-end=\"1155\">Una caratteristica speciale: la rastrelliera pu\u00f2 essere ripiegata in modo facile e veloce quando serve: basta rimuovere sei spille di sicurezza. Quando \u00e8 piegata, la rastrelliera \u00e8 profonda solo 9 cm e alta 231 cm. La larghezza delle piastre di ancoraggio \u00e8 di 137 cm, quella dei pilastri di 124 cm.<\/p>\n<p class=\"\" data-start=\"1157\" data-end=\"1407\">La fornitura comprende una coppia di ganci a J per riporre in modo sicuro i manubri. Il design pieghevole rende questa rastrelliera la soluzione ideale per chi ha poco spazio a disposizione ma non vuole rinunciare a un vero e proprio programma di allenamento della forza.<\/p>\n<p><strong>Accessori compatibili:<\/strong><\/p>\n<ul>\n<li>F-98594 - Portamanubri con ganci a J<\/li>\n<li>F-53882 - Barre per immersione<\/li>\n<li>F-48931 - Vassoio del disco del perno di peso<\/li>\n<li>F-82572 - Rullo per gambe<\/li>\n<li>F-94335 - Kit di bracci di disturbo a leva<\/li>\n<li>F-76656 - Mini gancio<\/li>\n<li>F-72787 - Braccia di sicurezza per Spotter<\/li>\n<li>F-78471 - Puleggia singola<\/li>\n<\/ul>","protected":false},"excerpt":{"rendered":"<p>Solida rastrelliera elettrica con struttura pieghevole, ideale quando lo spazio \u00e8 limitato. Struttura robusta con pilastri di 75 mm di spessore, con capacit\u00e0 di carico fino a 400 kg. Ganci a J inclusi. Facile da piegare rimuovendo 6 perni. Dimensioni da chiuso: 231 \u00d7 137 \u00d7 9 cm.<\/p>","protected":false},"featured_media":9023176,"comment_status":"closed","ping_status":"closed","template":"","meta":{"_acf_changed":false,"_gspb_post_css":""},"product_brand":[1000],"product_cat":[356],"product_tag":[],"class_list":{"0":"post-4626","1":"product","2":"type-product","3":"status-publish","4":"has-post-thumbnail","6":"product_brand-fitcom","7":"product_cat-racks","8":"product_shipping_class-standard","9":"pa_artikel-pro-verkaufseinheit-1x","10":"pa_belastbarkeit-hantelablagen-400-kg","11":"pa_breite-123-cm","12":"pa_farbe-schwarz","13":"pa_gewicht-61-kg","14":"pa_gewichtetyp-koerpergewicht","15":"pa_hoehe-231-cm","16":"pa_kernmaterial-stahl","17":"pa_kraftstation-ausstattung-klimmzugstange","18":"pa_kraftstationtyp-rack","19":"pa_lieferumfang-1x-rack","20":"pa_max-belastung-400-kg","21":"pa_mindestdeckenhoehe-237-cm","22":"pa_oberflaeche-pulverbeschichtet","23":"pa_tiefe-70-5-cm","25":"first","26":"instock","27":"taxable","28":"shipping-taxable","29":"purchasable","30":"product-type-simple"},"bundled_by":[],"bundle_stock_status":"instock","bundle_stock_quantity":32,"bundle_virtual":false,"bundle_layout":"","bundle_add_to_cart_form_location":"","bundle_editable_in_cart":false,"bundle_sold_individually_context":"","bundle_item_grouping":"","bundle_min_size":"","bundle_max_size":"","bundle_price":[],"bundled_items":[],"bundle_sell_ids":[],"acf":[],"df_price":390,"df_sale_price":"","df_regular_price":390,"df_image_link":"https:\/\/www.fitness-flohmarkt.ch\/wp-content\/uploads\/F-42718_Foldable-Power-Rack_0-20250521-085024-300x300.jpg","_links":{"self":[{"href":"https:\/\/www.fitness-flohmarkt.ch\/it\/wp-json\/wp\/v2\/product\/4626","targetHints":{"allow":["GET"]}}],"collection":[{"href":"https:\/\/www.fitness-flohmarkt.ch\/it\/wp-json\/wp\/v2\/product"}],"about":[{"href":"https:\/\/www.fitness-flohmarkt.ch\/it\/wp-json\/wp\/v2\/types\/product"}],"replies":[{"embeddable":true,"href":"https:\/\/www.fitness-flohmarkt.ch\/it\/wp-json\/wp\/v2\/comments?post=4626"}],"wp:featuredmedia":[{"embeddable":true,"href":"https:\/\/www.fitness-flohmarkt.ch\/it\/wp-json\/wp\/v2\/media\/9023176"}],"wp:attachment":[{"href":"https:\/\/www.fitness-flohmarkt.ch\/it\/wp-json\/wp\/v2\/media?parent=4626"}],"wp:term":[{"taxonomy":"product_brand","embeddable":true,"href":"https:\/\/www.fitness-flohmarkt.ch\/it\/wp-json\/wp\/v2\/product_brand?post=4626"},{"taxonomy":"product_cat","embeddable":true,"href":"https:\/\/www.fitness-flohmarkt.ch\/it\/wp-json\/wp\/v2\/product_cat?post=4626"},{"taxonomy":"product_tag","embeddable":true,"href":"https:\/\/www.fitness-flohmarkt.ch\/it\/wp-json\/wp\/v2\/product_tag?post=4626"}],"curies":[{"name":"wp","href":"https:\/\/api.w.org\/{rel}","templated":true}]}}