{"id":4617,"date":"2025-01-25T16:37:47","date_gmt":"2025-01-25T15:37:47","guid":{"rendered":"https:\/\/www2.fitness-flohmarkt.ch\/produkt\/suspension-trainer-schlingentrainer\/"},"modified":"2026-04-14T09:31:12","modified_gmt":"2026-04-14T07:31:12","slug":"allenatore-di-sospensione-allenatore-di-imbracatura","status":"publish","type":"product","link":"https:\/\/www.fitness-flohmarkt.ch\/it\/produkt\/suspension-trainer-schlingentrainer\/","title":{"rendered":"Suspension Trainer | Sling Trainer"},"content":{"rendered":"<h3>Sling trainer per un allenamento efficace per tutto il corpo - versatilit\u00e0 per ogni obiettivo di fitness<\/h3>\n<p>Con l'ampia imbragatura trainer, facile da trasportare, praticamente qualsiasi luogo diventa una palestra personale. A seconda dell'obiettivo dell'allenamento, questo innovativo sling trainer pu\u00f2 essere utilizzato per lo sviluppo muscolare, l'allenamento della schiena o la perdita di grasso. Un anello di equalizzazione impedisce alle due imbragature di scivolare. I manici sono inoltre dotati di uno strato protettivo in schiuma per una presa confortevole.<\/p>\n<p>Grazie alla straordinaria variet\u00e0 di esercizi (oltre 300), il suspension trainer \u00e8 adatto a tutti i livelli, dai principianti agli atleti agonisti! Una volta che il corpo si \u00e8 abituato alla resistenza del proprio peso, l'allenamento con le imbragature offre un allenamento intensivo per tutto il corpo grazie ai suoi diversi esercizi, con i quali \u00e8 possibile migliorare costantemente forza, stabilit\u00e0, equilibrio e resistenza.<\/p>\n<ul>\n<li>Oltre 300 esercizi possibili<\/li>\n<li>Un'elevata variet\u00e0 di esercizi per tutti i gruppi muscolari<\/li>\n<li>Ideale per un allenamento sicuro e rispettoso delle articolazioni<\/li>\n<li>Migliora la forza, la coordinazione e la mobilit\u00e0<\/li>\n<li>Pratica borsa per il trasporto e ancoraggio per la porta inclusi<\/li>\n<\/ul>\n<p>Oltre all'imbragatura trainer, la fornitura include una pratica borsa per il trasporto e un ancoraggio per la porta per una facile installazione su qualsiasi telaio della porta. In questo modo nulla osta a un allenamento funzionale per tutto il corpo, sia a casa che in palestra o in viaggio.<\/p>\n<p>(Carico massimo \/ peso dell'utente = 160 kg)<\/p>","protected":false},"excerpt":{"rendered":"<p>L'imbragatura trainer consente un allenamento efficace per tutto il corpo in quasi ogni luogo. Con oltre 300 esercizi, promuove lo sviluppo muscolare, la stabilit\u00e0 e la resistenza. La pratica borsa per il trasporto e l'ancoraggio alla porta lo rendono ideale per l'allenamento a casa o in viaggio.<\/p>","protected":false},"featured_media":9049042,"comment_status":"closed","ping_status":"closed","template":"","meta":{"_acf_changed":false,"_gspb_post_css":""},"product_brand":[1000],"product_cat":[821],"product_tag":[],"class_list":{"0":"post-4617","1":"product","2":"type-product","3":"status-publish","4":"has-post-thumbnail","6":"product_brand-fitcom","7":"product_cat-fitnessband","8":"pa_artikel-pro-verkaufseinheit-3x","9":"pa_breite-4-cm","10":"pa_dicke-16-mm","11":"pa_farbe-gelb","12":"pa_farbe-schwarz","13":"pa_fitnessbandtyp-schlingentrainer","14":"pa_gewicht-1-2-kg","15":"pa_laenge-270-cm","16":"pa_latexfrei-ja","17":"pa_lieferumfang-1x-beutel","18":"pa_lieferumfang-1x-schlingentrainer","19":"pa_lieferumfang-1x-tueranker","20":"pa_material-nylon","21":"pa_max-belastung-160-kg","22":"pa_widerstand-koerpergewicht","24":"first","25":"instock","26":"taxable","27":"shipping-taxable","28":"purchasable","29":"product-type-simple"},"bundled_by":[],"bundle_stock_status":"instock","bundle_stock_quantity":247,"bundle_virtual":false,"bundle_layout":"","bundle_add_to_cart_form_location":"","bundle_editable_in_cart":false,"bundle_sold_individually_context":"","bundle_item_grouping":"","bundle_min_size":"","bundle_max_size":"","bundle_price":[],"bundled_items":[],"bundle_sell_ids":[],"acf":[],"df_price":35,"df_sale_price":"","df_regular_price":35,"df_image_link":"https:\/\/www.fitness-flohmarkt.ch\/wp-content\/uploads\/F-73237_Schlingentrainer_0-20251008-113306-300x300.jpg","_links":{"self":[{"href":"https:\/\/www.fitness-flohmarkt.ch\/it\/wp-json\/wp\/v2\/product\/4617","targetHints":{"allow":["GET"]}}],"collection":[{"href":"https:\/\/www.fitness-flohmarkt.ch\/it\/wp-json\/wp\/v2\/product"}],"about":[{"href":"https:\/\/www.fitness-flohmarkt.ch\/it\/wp-json\/wp\/v2\/types\/product"}],"replies":[{"embeddable":true,"href":"https:\/\/www.fitness-flohmarkt.ch\/it\/wp-json\/wp\/v2\/comments?post=4617"}],"wp:featuredmedia":[{"embeddable":true,"href":"https:\/\/www.fitness-flohmarkt.ch\/it\/wp-json\/wp\/v2\/media\/9049042"}],"wp:attachment":[{"href":"https:\/\/www.fitness-flohmarkt.ch\/it\/wp-json\/wp\/v2\/media?parent=4617"}],"wp:term":[{"taxonomy":"product_brand","embeddable":true,"href":"https:\/\/www.fitness-flohmarkt.ch\/it\/wp-json\/wp\/v2\/product_brand?post=4617"},{"taxonomy":"product_cat","embeddable":true,"href":"https:\/\/www.fitness-flohmarkt.ch\/it\/wp-json\/wp\/v2\/product_cat?post=4617"},{"taxonomy":"product_tag","embeddable":true,"href":"https:\/\/www.fitness-flohmarkt.ch\/it\/wp-json\/wp\/v2\/product_tag?post=4617"}],"curies":[{"name":"wp","href":"https:\/\/api.w.org\/{rel}","templated":true}]}}