{"id":4351,"date":"2025-01-25T16:33:00","date_gmt":"2025-01-25T15:33:00","guid":{"rendered":"https:\/\/www2.fitness-flohmarkt.ch\/produkt\/sz-stange-50mm\/"},"modified":"2026-04-27T16:10:31","modified_gmt":"2026-04-27T14:10:31","slug":"asta-sz-50mm","status":"publish","type":"product","link":"https:\/\/www.fitness-flohmarkt.ch\/it\/produkt\/sz-stange-50mm\/","title":{"rendered":"SZ Bar 50 mm | Curl Bar"},"content":{"rendered":"<h3 data-start=\"0\" data-end=\"93\"><strong data-start=\"0\" data-end=\"93\">Barra per curl professionale SZ in acciaio massiccio - ergonomica e versatile per il tuo allenamento<\/strong><\/h3>\n<p class=\"\" data-start=\"95\" data-end=\"445\">Questa barra per curl SZ cromata di alta qualit\u00e0 e realizzata in acciaio massiccio offre un ottimo rapporto qualit\u00e0-prezzo ed \u00e8 lo strumento di allenamento ideale per gli esercizi per bicipiti, tricipiti e collo. Con un diametro di montaggio di 50 mm, questa barra per curl \u00e8 compatibile con tutte le piastre di peso standard da 50 mm e consente quindi un allenamento flessibile ed efficiente.<\/p>\n<p class=\"\" data-start=\"447\" data-end=\"796\">Il diametro ergonomico dell'impugnatura di 28 mm e la speciale forma curva della barra per curl SZ sono stati progettati per supportare la sequenza naturale dei movimenti e proteggere i polsi durante l'allenamento. La curvatura pronunciata garantisce una posizione ideale della mano, particolarmente vantaggiosa per gli esercizi intensivi per bicipiti e tricipiti.<\/p>\n<p class=\"\" data-start=\"798\" data-end=\"1020\">Grazie alla cromatura di alta qualit\u00e0, la barra per curl SZ \u00e8 particolarmente durevole e resistente. Inoltre, i cuscinetti a sfera garantiscono una rotazione fluida e uniforme: l'ideale per un allenamento fluido e facile per le articolazioni.<\/p>\n<p class=\"\" data-start=\"798\" data-end=\"1020\">Offre una soluzione affidabile per le pi\u00f9 svariate varianti di esercizio e non dovrebbe mancare in nessuna palestra o home gym.<\/p>","protected":false},"excerpt":{"rendered":"<p>Barra per curl SZ da 50 mm in acciaio massiccio: robusto acciaio massiccio, cromato, con un peso morto di 8,6 kg. Lunga 120 cm, per allenare pesi fino a 200 kg. Cuscinetti a sfera per una rotazione fluida. Marcature IWF per una posizione precisa della presa.<\/p>","protected":false},"featured_media":9047042,"comment_status":"closed","ping_status":"closed","template":"","meta":{"_acf_changed":false,"_gspb_post_css":""},"product_brand":[1000],"product_cat":[839],"product_tag":[],"class_list":{"0":"post-4351","1":"product","2":"type-product","3":"status-publish","4":"has-post-thumbnail","6":"product_brand-fitcom","7":"product_cat-50mm-hantelstangen","8":"pa_abwurffaehig-nein","9":"pa_artikel-pro-verkaufseinheit-1x","10":"pa_durchmesser-50-mm","11":"pa_farbe-chrom","12":"pa_gewicht-8-6-kg","13":"pa_griffdurchmesser-2-8-mm","14":"pa_griffinnenmass-85-cm","15":"pa_griffumfang-88-mm","16":"pa_griffweitenmarkierung-nein","17":"pa_hantelstangentyp-curl-hantelstange","18":"pa_hantelverschluss-keine","19":"pa_laenge-120-cm","20":"pa_lagerung-kugellager","21":"pa_lieferumfang-1x-hantelstange","22":"pa_material-stahl-verchromt","23":"pa_max-belastung-250-kg","25":"first","26":"instock","27":"taxable","28":"shipping-taxable","29":"purchasable","30":"product-type-simple"},"bundled_by":[],"bundle_stock_status":"instock","bundle_stock_quantity":58,"bundle_virtual":false,"bundle_layout":"","bundle_add_to_cart_form_location":"","bundle_editable_in_cart":false,"bundle_sold_individually_context":"","bundle_item_grouping":"","bundle_min_size":"","bundle_max_size":"","bundle_price":[],"bundled_items":[],"bundle_sell_ids":[],"acf":[],"df_price":65,"df_sale_price":"","df_regular_price":65,"df_image_link":"https:\/\/www.fitness-flohmarkt.ch\/wp-content\/uploads\/F-99438_SZ-Stange-50-mm_0-20250922-111013-300x300.jpg","_links":{"self":[{"href":"https:\/\/www.fitness-flohmarkt.ch\/it\/wp-json\/wp\/v2\/product\/4351","targetHints":{"allow":["GET"]}}],"collection":[{"href":"https:\/\/www.fitness-flohmarkt.ch\/it\/wp-json\/wp\/v2\/product"}],"about":[{"href":"https:\/\/www.fitness-flohmarkt.ch\/it\/wp-json\/wp\/v2\/types\/product"}],"replies":[{"embeddable":true,"href":"https:\/\/www.fitness-flohmarkt.ch\/it\/wp-json\/wp\/v2\/comments?post=4351"}],"wp:featuredmedia":[{"embeddable":true,"href":"https:\/\/www.fitness-flohmarkt.ch\/it\/wp-json\/wp\/v2\/media\/9047042"}],"wp:attachment":[{"href":"https:\/\/www.fitness-flohmarkt.ch\/it\/wp-json\/wp\/v2\/media?parent=4351"}],"wp:term":[{"taxonomy":"product_brand","embeddable":true,"href":"https:\/\/www.fitness-flohmarkt.ch\/it\/wp-json\/wp\/v2\/product_brand?post=4351"},{"taxonomy":"product_cat","embeddable":true,"href":"https:\/\/www.fitness-flohmarkt.ch\/it\/wp-json\/wp\/v2\/product_cat?post=4351"},{"taxonomy":"product_tag","embeddable":true,"href":"https:\/\/www.fitness-flohmarkt.ch\/it\/wp-json\/wp\/v2\/product_tag?post=4351"}],"curies":[{"name":"wp","href":"https:\/\/api.w.org\/{rel}","templated":true}]}}