{"id":4329,"date":"2025-01-25T16:32:09","date_gmt":"2025-01-25T15:32:09","guid":{"rendered":"https:\/\/www2.fitness-flohmarkt.ch\/produkt\/wall-mount-barbell-rack-wandmontage\/"},"modified":"2026-04-20T16:33:56","modified_gmt":"2026-04-20T14:33:56","slug":"rack-per-bilancieri-da-parete-montaggio-a-parete","status":"publish","type":"product","link":"https:\/\/www.fitness-flohmarkt.ch\/it\/produkt\/wall-mount-barbell-rack-wandmontage\/","title":{"rendered":"Rack per bilancieri da parete"},"content":{"rendered":"<h3 data-start=\"106\" data-end=\"546\"><strong data-start=\"106\" data-end=\"183\">Rack per bilancieri da parete - Montaggio orizzontale a muro per bilancieri<\/strong><\/h3>\n<p class=\"\" data-start=\"106\" data-end=\"546\">La rastrelliera per bilancieri da parete mantiene la tua area di allenamento organizzata e sicura. La staffa montabile orizzontalmente offre spazio per un massimo di sei bilancieri ed evita che le barre pesanti rimangano in giro inutilmente. Soprattutto nelle sale di allenamento pi\u00f9 piccole, il montaggio a parete crea spazio prezioso e facilita l'accesso all'attrezzatura.<\/p>\n<p class=\"\" data-start=\"548\" data-end=\"940\">Realizzata in metallo nero e con una finitura solida, la staffa pu\u00f2 sostenere fino a 300 kg (tieni conto della capacit\u00e0 massima di carico della struttura della parete). \u00c8 facile da montare a parete: si consiglia una larghezza di montaggio di circa 80 cm. Le viti per il montaggio a parete sono incluse, in modo che la staffa possa essere montata direttamente.<\/p>\n<p class=\"\" data-start=\"942\" data-end=\"1144\">Con un'altezza di 92 cm, una larghezza di 10 cm (superficie di montaggio: 5,5 cm) e un peso netto di 7,8 kg, il rack \u00e8 compatto, funzionale e un'utile aggiunta alle aule di formazione strutturate.<\/p>\n<p class=\"\" data-start=\"1146\" data-end=\"1214\"><strong data-start=\"1146\" data-end=\"1158\">Nota:<\/strong> Le barre per manubri non sono incluse nella fornitura.<\/p>","protected":false},"excerpt":{"rendered":"<p>Rack per bilancieri da parete - Supporto da parete per bilancieri: Per riporre in orizzontale fino a 6 bilancieri. Struttura in metallo nero con un peso netto di 7,8 kg. Dimensioni: altezza 92 cm, larghezza 10 cm, superficie di montaggio 5,5 cm. Larghezza di montaggio consigliata: 80 cm. Portata massima: 300 kg. Capacit\u00e0 di carico massima: 300 kg. Salvaspazio e organizzato in modo chiaro.<\/p>","protected":false},"featured_media":58240,"comment_status":"closed","ping_status":"closed","template":"","meta":{"_acf_changed":false,"_gspb_post_css":""},"product_brand":[1000],"product_cat":[332,331],"product_tag":[],"class_list":{"0":"post-4329","1":"product","2":"type-product","3":"status-publish","4":"has-post-thumbnail","6":"product_brand-fitcom","7":"product_cat-hantelstaender","8":"product_cat-weightlifting","9":"pa_ablage-gummiert-nein","10":"pa_artikel-pro-verkaufseinheit-1x","11":"pa_breite-10-cm","12":"pa_farbe-schwarz","13":"pa_gewicht-7-8-kg","14":"pa_hanteltyp-hantelstange","15":"pa_hoehe-92-cm","16":"pa_kernmaterial-stahl","17":"pa_lieferumfang-1x-hantelstangenstaender","18":"pa_max-belastung-150-kg","19":"pa_oberflaeche-pulverbeschichtet","20":"pa_staendertyp-hantelstaender","22":"first","23":"instock","24":"taxable","25":"shipping-taxable","26":"purchasable","27":"product-type-simple"},"bundled_by":[],"bundle_stock_status":"instock","bundle_stock_quantity":25,"bundle_virtual":false,"bundle_layout":"","bundle_add_to_cart_form_location":"","bundle_editable_in_cart":false,"bundle_sold_individually_context":"","bundle_item_grouping":"","bundle_min_size":"","bundle_max_size":"","bundle_price":[],"bundled_items":[],"bundle_sell_ids":[],"acf":[],"df_price":60,"df_sale_price":"","df_regular_price":60,"df_image_link":"https:\/\/www.fitness-flohmarkt.ch\/wp-content\/uploads\/F-29366_Wandmontage-Langhantelstangen_0-20250314-103525-300x300.jpg","_links":{"self":[{"href":"https:\/\/www.fitness-flohmarkt.ch\/it\/wp-json\/wp\/v2\/product\/4329","targetHints":{"allow":["GET"]}}],"collection":[{"href":"https:\/\/www.fitness-flohmarkt.ch\/it\/wp-json\/wp\/v2\/product"}],"about":[{"href":"https:\/\/www.fitness-flohmarkt.ch\/it\/wp-json\/wp\/v2\/types\/product"}],"replies":[{"embeddable":true,"href":"https:\/\/www.fitness-flohmarkt.ch\/it\/wp-json\/wp\/v2\/comments?post=4329"}],"wp:featuredmedia":[{"embeddable":true,"href":"https:\/\/www.fitness-flohmarkt.ch\/it\/wp-json\/wp\/v2\/media\/58240"}],"wp:attachment":[{"href":"https:\/\/www.fitness-flohmarkt.ch\/it\/wp-json\/wp\/v2\/media?parent=4329"}],"wp:term":[{"taxonomy":"product_brand","embeddable":true,"href":"https:\/\/www.fitness-flohmarkt.ch\/it\/wp-json\/wp\/v2\/product_brand?post=4329"},{"taxonomy":"product_cat","embeddable":true,"href":"https:\/\/www.fitness-flohmarkt.ch\/it\/wp-json\/wp\/v2\/product_cat?post=4329"},{"taxonomy":"product_tag","embeddable":true,"href":"https:\/\/www.fitness-flohmarkt.ch\/it\/wp-json\/wp\/v2\/product_tag?post=4329"}],"curies":[{"name":"wp","href":"https:\/\/api.w.org\/{rel}","templated":true}]}}