{"id":4140,"date":"2025-01-25T16:29:08","date_gmt":"2025-01-25T15:29:08","guid":{"rendered":"https:\/\/www2.fitness-flohmarkt.ch\/produkt\/sz-stange-30mm\/"},"modified":"2026-04-20T16:33:54","modified_gmt":"2026-04-20T14:33:54","slug":"asta-sz-30mm","status":"publish","type":"product","link":"https:\/\/www.fitness-flohmarkt.ch\/it\/produkt\/sz-stange-30mm\/","title":{"rendered":"Barra SZ 30 mm | barra curl"},"content":{"rendered":"<h3 data-start=\"99\" data-end=\"171\"><strong data-start=\"99\" data-end=\"171\">Barra per curl SZ da 120 cm con blocco a stella - per un allenamento efficace delle braccia<\/strong><\/h3>\n<p class=\"\" data-start=\"173\" data-end=\"419\">La barra per curl SZ lunga 120 cm \u00e8 stata progettata appositamente per allenare bicipiti e tricipiti. Grazie alla sua forma curva, \u00e8 facile da usare per i polsi e garantisce maggiore comfort ed efficienza durante l'allenamento delle braccia.<\/p>\n<p class=\"\" data-start=\"421\" data-end=\"899\">Con un peso morto di 7 kg e una capacit\u00e0 di carico massima di 150 kg, la barra per curl offre una stabilit\u00e0 sufficiente anche con pesi di allenamento pi\u00f9 elevati. I supporti per i dischi di peso, lunghi 18,5 cm, sono adatti a tutti i dischi di peso standard con foro da 30\/31 mm. La larghezza interna dell'impugnatura \u00e8 di 80 cm e il diametro dell'impugnatura \u00e8 di 28 mm: l'ideale per un utilizzo sicuro e confortevole. Le superfici zigrinate dell'impugnatura assicurano inoltre una presa salda durante tutti gli esercizi.<\/p>\n<p class=\"\" data-start=\"901\" data-end=\"1161\">Grazie alle chiusure a stella in dotazione, i pesi si posizionano in modo sicuro e stabile durante l'allenamento: l'ideale per eseguire ripetizioni controllate senza fastidiosi ticchettii. La barra per curl SZ \u00e8 ideale per un allenamento mirato delle braccia a casa o in palestra.<\/p>\n<p data-start=\"901\" data-end=\"1161\"><strong>Nota:<\/strong>\u00a0La barra viene fornita con due chiusure a stella.<\/p>","protected":false},"excerpt":{"rendered":"<p>Barra per riccioli SZ da 30 mm, con chiusura a stella: Robusto acciaio per molle, cromato, con peso netto di 7 kg. Supporti da 18,5 cm per una presa sicura dei dischi. Capacit\u00e0 di carico fino a 150 kg.<\/p>","protected":false},"featured_media":58064,"comment_status":"closed","ping_status":"closed","template":"","meta":{"_acf_changed":false,"_gspb_post_css":""},"product_brand":[1000],"product_cat":[806],"product_tag":[],"class_list":{"0":"post-4140","1":"product","2":"type-product","3":"status-publish","4":"has-post-thumbnail","6":"product_brand-fitcom","7":"product_cat-30mm-hantelstangen","8":"pa_abwurffaehig-nein","9":"pa_artikel-pro-verkaufseinheit-1x","10":"pa_durchmesser-30-mm","11":"pa_farbe-chrom","12":"pa_gewicht-7-kg","13":"pa_griffdurchmesser-2-8-mm","14":"pa_griffinnenmass-80-cm","15":"pa_griffweitenmarkierung-nein","16":"pa_hantelstangentyp-curl-hantelstange","17":"pa_hantelverschluss-schraubverschluss","18":"pa_laenge-120-cm","19":"pa_lieferumfang-1x-hantelstange","20":"pa_lieferumfang-2x-drehverschluss","21":"pa_material-federstahl","22":"pa_max-belastung-150-kg","24":"first","25":"instock","26":"taxable","27":"shipping-taxable","28":"purchasable","29":"product-type-simple"},"bundled_by":[],"bundle_stock_status":"instock","bundle_stock_quantity":7,"bundle_virtual":false,"bundle_layout":"","bundle_add_to_cart_form_location":"","bundle_editable_in_cart":false,"bundle_sold_individually_context":"","bundle_item_grouping":"","bundle_min_size":"","bundle_max_size":"","bundle_price":[],"bundled_items":[],"bundle_sell_ids":[],"acf":[],"df_price":20,"df_sale_price":"","df_regular_price":20,"df_image_link":"https:\/\/www.fitness-flohmarkt.ch\/wp-content\/uploads\/F-25677_SZ-Stange-30mm_0-20250314-103218-300x300.jpg","_links":{"self":[{"href":"https:\/\/www.fitness-flohmarkt.ch\/it\/wp-json\/wp\/v2\/product\/4140","targetHints":{"allow":["GET"]}}],"collection":[{"href":"https:\/\/www.fitness-flohmarkt.ch\/it\/wp-json\/wp\/v2\/product"}],"about":[{"href":"https:\/\/www.fitness-flohmarkt.ch\/it\/wp-json\/wp\/v2\/types\/product"}],"replies":[{"embeddable":true,"href":"https:\/\/www.fitness-flohmarkt.ch\/it\/wp-json\/wp\/v2\/comments?post=4140"}],"wp:featuredmedia":[{"embeddable":true,"href":"https:\/\/www.fitness-flohmarkt.ch\/it\/wp-json\/wp\/v2\/media\/58064"}],"wp:attachment":[{"href":"https:\/\/www.fitness-flohmarkt.ch\/it\/wp-json\/wp\/v2\/media?parent=4140"}],"wp:term":[{"taxonomy":"product_brand","embeddable":true,"href":"https:\/\/www.fitness-flohmarkt.ch\/it\/wp-json\/wp\/v2\/product_brand?post=4140"},{"taxonomy":"product_cat","embeddable":true,"href":"https:\/\/www.fitness-flohmarkt.ch\/it\/wp-json\/wp\/v2\/product_cat?post=4140"},{"taxonomy":"product_tag","embeddable":true,"href":"https:\/\/www.fitness-flohmarkt.ch\/it\/wp-json\/wp\/v2\/product_tag?post=4140"}],"curies":[{"name":"wp","href":"https:\/\/api.w.org\/{rel}","templated":true}]}}