{"id":39357,"date":"2025-03-05T17:37:54","date_gmt":"2025-03-05T16:37:54","guid":{"rendered":"https:\/\/www2.fitness-flohmarkt.ch\/produkt\/duoball-massageball-faszientraining\/"},"modified":"2026-04-17T10:50:46","modified_gmt":"2026-04-17T08:50:46","slug":"duoball-massage-ball-fascia-training","status":"publish","type":"product","link":"https:\/\/www.fitness-flohmarkt.ch\/it\/produkt\/duoball-massageball-faszientraining\/","title":{"rendered":"Palla per massaggio Duoball | rullo per massaggio a fascia"},"content":{"rendered":"<h3 data-start=\"516\" data-end=\"620\"><strong data-start=\"535\" data-end=\"620\">Duoball fascia trainer - Massaggio mirato alla schiena con attenzione alla colonna vertebrale<\/strong><\/h3>\n<p class=\"\" data-start=\"622\" data-end=\"1020\">Il Duoball fascia trainer \u00e8 un dispositivo di massaggio funzionale e di alta qualit\u00e0 per l'auto-trattamento mirato delle fasce muscolari tese lungo la colonna vertebrale. Grazie alla sua speciale forma a doppia sfera con incavo centrale, \u00e8 delicato sulla colonna vertebrale durante l'uso e allo stesso tempo permette di esercitare una pressione efficace sui percorsi muscolari paralleli, dal collo alla colonna lombare.<\/p>\n<p class=\"\" data-start=\"1022\" data-end=\"1353\">Ideale per l'automassaggio della schiena, la Duoball \u00e8 particolarmente facile e sicura da usare, anche in caso di tensioni croniche alla schiena. Le tensioni, come quelle causate dallo stare seduti per lunghi periodi di tempo o da sforzi unilaterali, possono essere sciolte in modo mirato senza esercitare pressione sulle vertebre sensibili.<\/p>\n<p class=\"\" data-start=\"1355\" data-end=\"1783\">La Duoball \u00e8 disponibile in due misure (16 cm e 24 cm) ed \u00e8 quindi adatta a diversi livelli di intensit\u00e0 e aree di applicazione.  Realizzata in materiale resistente, la fascia trainer convince per la sua durata, la stabilit\u00e0 dimensionale e l'ottimo rapporto qualit\u00e0-prezzo.<\/p>\n<p class=\"\" data-start=\"1785\" data-end=\"1967\">Un aiuto indispensabile per la rigenerazione quotidiana, per le applicazioni fisioterapiche o come integrazione all'allenamento della fascia: compatto, efficace e utilizzabile ovunque.<\/p>\n<p data-start=\"1785\" data-end=\"1967\"><strong>Nota:<\/strong> Disponibile singolarmente o come set.<\/p>","protected":false},"excerpt":{"rendered":"<p>Duoball fascia trainer: ideale per l'automassaggio della schiena, soprattutto lungo la colonna vertebrale. La forma a doppia sfera con incavo centrale protegge la colonna vertebrale e raggiunge le fasce muscolari profonde. Di alta qualit\u00e0, disponibile in due misure (16 cm e 24 cm). Perfetto per le tensioni croniche della schiena.<\/p>","protected":false},"featured_media":9043391,"comment_status":"closed","ping_status":"closed","template":"","meta":{"_acf_changed":false,"_gspb_post_css":""},"product_brand":[1000],"product_cat":[319,822,304],"product_tag":[],"class_list":{"0":"post-39357","1":"product","2":"type-product","3":"status-publish","4":"has-post-thumbnail","6":"product_brand-fitcom","7":"product_cat-fitness-zubehoer","8":"product_cat-mobility-recovery","9":"product_cat-reha-physio","10":"pa_artikel-pro-verkaufseinheit-1x","11":"pa_durchmesser-12-cm","12":"pa_durchmesser-1x-8-cm-1x-12-cm","13":"pa_durchmesser-8-cm","14":"pa_farbe-schwarz","15":"pa_gewicht-0-2-kg","16":"pa_gewicht-0-3-kg","17":"pa_gewicht-1x-0-2-kg-1x-0-3-kg","18":"pa_haertegrad-hart","19":"pa_koerperbereich-alle-koerperbereichen","20":"pa_laenge-16-cm","21":"pa_laenge-24-cm","22":"pa_laenge-beide","23":"pa_lieferumfang-1x-massageball-bzw-1x-massageball-set","24":"pa_massagegeraettyp-faszienrolle","25":"pa_material-schaumstoff","26":"pa_max-belastung-100-kg","28":"first","29":"instock","30":"taxable","31":"shipping-taxable","32":"purchasable","33":"product-type-variable"},"bundled_by":["3217"],"bundle_stock_status":"instock","bundle_stock_quantity":null,"bundle_virtual":false,"bundle_layout":"","bundle_add_to_cart_form_location":"","bundle_editable_in_cart":false,"bundle_sold_individually_context":"","bundle_item_grouping":"","bundle_min_size":"","bundle_max_size":"","bundle_price":[],"bundled_items":[],"bundle_sell_ids":[],"acf":[],"df_price":5,"df_sale_price":"","df_regular_price":5,"df_image_link":"https:\/\/www.fitness-flohmarkt.ch\/wp-content\/uploads\/F-92419_Duoball-Massageball_0-20250821-113211-300x300.jpg","_links":{"self":[{"href":"https:\/\/www.fitness-flohmarkt.ch\/it\/wp-json\/wp\/v2\/product\/39357","targetHints":{"allow":["GET"]}}],"collection":[{"href":"https:\/\/www.fitness-flohmarkt.ch\/it\/wp-json\/wp\/v2\/product"}],"about":[{"href":"https:\/\/www.fitness-flohmarkt.ch\/it\/wp-json\/wp\/v2\/types\/product"}],"replies":[{"embeddable":true,"href":"https:\/\/www.fitness-flohmarkt.ch\/it\/wp-json\/wp\/v2\/comments?post=39357"}],"wp:featuredmedia":[{"embeddable":true,"href":"https:\/\/www.fitness-flohmarkt.ch\/it\/wp-json\/wp\/v2\/media\/9043391"}],"wp:attachment":[{"href":"https:\/\/www.fitness-flohmarkt.ch\/it\/wp-json\/wp\/v2\/media?parent=39357"}],"wp:term":[{"taxonomy":"product_brand","embeddable":true,"href":"https:\/\/www.fitness-flohmarkt.ch\/it\/wp-json\/wp\/v2\/product_brand?post=39357"},{"taxonomy":"product_cat","embeddable":true,"href":"https:\/\/www.fitness-flohmarkt.ch\/it\/wp-json\/wp\/v2\/product_cat?post=39357"},{"taxonomy":"product_tag","embeddable":true,"href":"https:\/\/www.fitness-flohmarkt.ch\/it\/wp-json\/wp\/v2\/product_tag?post=39357"}],"curies":[{"name":"wp","href":"https:\/\/api.w.org\/{rel}","templated":true}]}}